{"id":555,"date":"2018-09-13T17:33:08","date_gmt":"2018-09-13T17:33:08","guid":{"rendered":"http:\/\/veda.polac.cz\/?page_id=555"},"modified":"2018-10-27T18:52:47","modified_gmt":"2018-10-27T18:52:47","slug":"6-2","status":"publish","type":"page","link":"https:\/\/veda.polac.cz\/?page_id=555","title":{"rendered":""},"content":{"rendered":"<p style=\"text-align: center;\">Resum\u00e9 \u010dl\u00e1nku<\/p>\n<p><strong>Automobilov\u00e1 kriminalita a niektor\u00e9 probl\u00e9my pri jej rie\u0161en\u00ed na Slovensku<\/strong><br \/>\n<i>Ing. \u013dubom\u00edr Morav\u010d\u00edk, PhD., Ministerstvo dopravy, v\u00fdstavby a region\u00e1lneho rozvoja Slovenskej republiky, \u0160t\u00e1tny dopravn\u00fd \u00farad<\/p>\n<p><\/i>Kr\u00e1de\u017ee vozidiel a podvody s vozidlami predstavuj\u00fa podstatn\u00fa \u010das\u0165 majetkovej trestnej \u010dinnosti v ka\u017edom \u0161t\u00e1te. \u010cierny trh s kradnut\u00fdmi vozidlami predstavuje pre organizovan\u00e9 skupiny p\u00e1chate\u013eov miliardov\u00e9 zisky. Naopak pre majite\u013eov vozidiel, pois\u0165ovne a spolo\u010dnos\u0165 znamen\u00e1 ve\u013ek\u00e9 a bolestiv\u00e9 straty. V \u010dlensk\u00fdch \u0161t\u00e1toch E\u00da je ka\u017ed\u00fd rok odcudzen\u00fdch pribli\u017ene 1,2 mili\u00f3na motorov\u00fdch vozidiel, \u010do je \u0161koda vo v\u00fd\u0161ke najmenej 15 mili\u00e1rd eur za rok. Je preto potrebn\u00e9, aby ka\u017ed\u00e1 \u010dlensk\u00e1 krajina vr\u00e1tane Slovenska venovala automobilovej kriminalite dostato\u010dn\u00fd priestor a neods\u00favala t\u00fato trestn\u00fa \u010dinnos\u0165 ako margin\u00e1lny probl\u00e9m.<br \/>\n<strong>K\u013e\u00fa\u010dov\u00e9 slov\u00e1:<\/strong>\u00a0automobilov\u00e1 kriminalita, legaliz\u00e1cia vozidla, kontrola originality vozidla, kradnut\u00e9 vozidlo, doklady vozidla.<i><br \/>\n<\/i><\/p>\n<p><a href=\"https:\/\/veda.polac.cz\/?page_id=533\">02\/2016<\/a><\/p>\n","protected":false},"excerpt":{"rendered":"<p>Resum\u00e9 \u010dl\u00e1nku Automobilov\u00e1 kriminalita a niektor\u00e9 probl\u00e9my pri jej rie\u0161en\u00ed na Slovensku Ing. \u013dubom\u00edr Morav\u010d\u00edk, PhD., Ministerstvo dopravy, v\u00fdstavby a region\u00e1lneho rozvoja Slovenskej republiky, \u0160t\u00e1tny dopravn\u00fd \u00farad Kr\u00e1de\u017ee vozidiel a podvody s vozidlami predstavuj\u00fa podstatn\u00fa \u010das\u0165 majetkovej trestnej \u010dinnosti v ka\u017edom \u0161t\u00e1te. \u010cierny trh s kradnut\u00fdmi vozidlami predstavuje pre organizovan\u00e9 skupiny p\u00e1chate\u013eov miliardov\u00e9 zisky. Naopak [&hellip;]<\/p>\n","protected":false},"author":2,"featured_media":0,"parent":533,"menu_order":6,"comment_status":"closed","ping_status":"closed","template":"","meta":{"footnotes":""},"class_list":["post-555","page","type-page","status-publish","hentry"],"_links":{"self":[{"href":"https:\/\/veda.polac.cz\/index.php?rest_route=\/wp\/v2\/pages\/555","targetHints":{"allow":["GET"]}}],"collection":[{"href":"https:\/\/veda.polac.cz\/index.php?rest_route=\/wp\/v2\/pages"}],"about":[{"href":"https:\/\/veda.polac.cz\/index.php?rest_route=\/wp\/v2\/types\/page"}],"author":[{"embeddable":true,"href":"https:\/\/veda.polac.cz\/index.php?rest_route=\/wp\/v2\/users\/2"}],"replies":[{"embeddable":true,"href":"https:\/\/veda.polac.cz\/index.php?rest_route=%2Fwp%2Fv2%2Fcomments&post=555"}],"version-history":[{"count":2,"href":"https:\/\/veda.polac.cz\/index.php?rest_route=\/wp\/v2\/pages\/555\/revisions"}],"predecessor-version":[{"id":567,"href":"https:\/\/veda.polac.cz\/index.php?rest_route=\/wp\/v2\/pages\/555\/revisions\/567"}],"up":[{"embeddable":true,"href":"https:\/\/veda.polac.cz\/index.php?rest_route=\/wp\/v2\/pages\/533"}],"wp:attachment":[{"href":"https:\/\/veda.polac.cz\/index.php?rest_route=%2Fwp%2Fv2%2Fmedia&parent=555"}],"curies":[{"name":"wp","href":"https:\/\/api.w.org\/{rel}","templated":true}]}}