{"id":5548,"date":"2019-11-21T13:37:36","date_gmt":"2019-11-21T13:37:36","guid":{"rendered":"http:\/\/veda.polac.cz\/?page_id=5548"},"modified":"2019-11-21T13:37:36","modified_gmt":"2019-11-21T13:37:36","slug":"5548-2","status":"publish","type":"page","link":"https:\/\/veda.polac.cz\/?page_id=5548","title":{"rendered":"<!--02\/19 Resum\u00e9 K propu\u0161t\u011bn\u00ed podle \u00a7 42 odst. 1 p\u00edsm. d) z\u00e1kona o slu\u017eebn\u00edm pom\u011bru p\u0159\u00edslu\u0161n\u00edk\u016f bezpe\u010dnostn\u00edch sbor\u016f-->"},"content":{"rendered":"\n<p style=\"text-align:center\"> Resum\u00e9 \u010dl\u00e1nku <\/p>\n\n\n\n<p><strong>K propu\u0161t\u011bn\u00ed podle \u00a7 42 odst. 1 p\u00edsm. d) z\u00e1kona o\u00a0slu\u017eebn\u00edm pom\u011bru p\u0159\u00edslu\u0161n\u00edk\u016f bezpe\u010dnostn\u00edch sbor\u016f<\/strong><\/p>\n\n\n\n<p><em>doc. JUDr. et PhDr. Zden\u011bk Fiala, Ph.D.<\/em><br><em>Fakulta bezpe\u010dnostn\u00edho managementu PA \u010cR v\u00a0Praze<\/em><br><em>Katedra ve\u0159ejnopr\u00e1vn\u00edch discipl\u00edn<\/em><\/p>\n\n\n\n<p>P\u0159\u00edsp\u011bvek podrobn\u011b vysv\u011btluje pr\u00e1vn\u00ed aspekty propu\u0161t\u011bn\u00ed\np\u0159\u00edslu\u0161n\u00edka ze slu\u017eebn\u00edho pom\u011bru podle \u00a7 42 odst. 1 p\u00edsm. d) z\u00e1kona o slu\u017eebn\u00edm\npom\u011bru. Pozornost je v\u011bnov\u00e1na jednotliv\u00fdm hmotn\u011bpr\u00e1vn\u00edm podm\u00ednk\u00e1ch, tak\nzvl\u00e1\u0161tn\u00edmu procesn\u00edmu re\u017eimu p\u0159i tomto druhu propu\u0161t\u011bn\u00ed v&nbsp;kontextu pr\u00e1vn\u00ed\n\u00fapravy a souvisej\u00edc\u00ed soudn\u00ed judikatury.<\/p>\n\n\n\n<p><strong>Kl\u00ed\u010dov\u00e1 slova: <\/strong>slu\u017eebn\u00ed pom\u011br, propu\u0161t\u011bn\u00ed, slu\u017eebn\u00ed slib, trestn\u00fd \u010din, zvl\u00e1\u0161tn\u00ed \u0159\u00edzen\u00ed.<\/p>\n\n\n\n<hr color=\"#9D9D9D\">\n\n\n\n<p><a href=\"https:\/\/veda.polac.cz\/?page_id=5510\">Zp\u011bt<\/a><\/p>\n","protected":false},"excerpt":{"rendered":"<p>Resum\u00e9 \u010dl\u00e1nku K propu\u0161t\u011bn\u00ed podle \u00a7 42 odst. 1 p\u00edsm. d) z\u00e1kona o\u00a0slu\u017eebn\u00edm pom\u011bru p\u0159\u00edslu\u0161n\u00edk\u016f bezpe\u010dnostn\u00edch sbor\u016f doc. JUDr. et PhDr. Zden\u011bk Fiala, Ph.D.Fakulta bezpe\u010dnostn\u00edho managementu PA \u010cR v\u00a0PrazeKatedra ve\u0159ejnopr\u00e1vn\u00edch discipl\u00edn P\u0159\u00edsp\u011bvek podrobn\u011b vysv\u011btluje pr\u00e1vn\u00ed aspekty propu\u0161t\u011bn\u00ed p\u0159\u00edslu\u0161n\u00edka ze slu\u017eebn\u00edho pom\u011bru podle \u00a7 42 odst. 1 p\u00edsm. d) z\u00e1kona o slu\u017eebn\u00edm pom\u011bru. Pozornost je v\u011bnov\u00e1na [&hellip;]<\/p>\n","protected":false},"author":6,"featured_media":0,"parent":0,"menu_order":0,"comment_status":"closed","ping_status":"closed","template":"","meta":{"footnotes":""},"class_list":["post-5548","page","type-page","status-publish","hentry"],"_links":{"self":[{"href":"https:\/\/veda.polac.cz\/index.php?rest_route=\/wp\/v2\/pages\/5548","targetHints":{"allow":["GET"]}}],"collection":[{"href":"https:\/\/veda.polac.cz\/index.php?rest_route=\/wp\/v2\/pages"}],"about":[{"href":"https:\/\/veda.polac.cz\/index.php?rest_route=\/wp\/v2\/types\/page"}],"author":[{"embeddable":true,"href":"https:\/\/veda.polac.cz\/index.php?rest_route=\/wp\/v2\/users\/6"}],"replies":[{"embeddable":true,"href":"https:\/\/veda.polac.cz\/index.php?rest_route=%2Fwp%2Fv2%2Fcomments&post=5548"}],"version-history":[{"count":2,"href":"https:\/\/veda.polac.cz\/index.php?rest_route=\/wp\/v2\/pages\/5548\/revisions"}],"predecessor-version":[{"id":5550,"href":"https:\/\/veda.polac.cz\/index.php?rest_route=\/wp\/v2\/pages\/5548\/revisions\/5550"}],"wp:attachment":[{"href":"https:\/\/veda.polac.cz\/index.php?rest_route=%2Fwp%2Fv2%2Fmedia&parent=5548"}],"curies":[{"name":"wp","href":"https:\/\/api.w.org\/{rel}","templated":true}]}}