{"id":5539,"date":"2019-11-21T13:07:26","date_gmt":"2019-11-21T13:07:26","guid":{"rendered":"http:\/\/veda.polac.cz\/?page_id=5539"},"modified":"2019-11-21T13:07:26","modified_gmt":"2019-11-21T13:07:26","slug":"5539-2","status":"publish","type":"page","link":"https:\/\/veda.polac.cz\/?page_id=5539","title":{"rendered":"<!--02\/19 Resum\u00e9 Dysfunk\u010dn\u00ed rodina jako rizikov\u00fd faktor soci\u00e1ln\u00edho rozvoje ml\u00e1de\u017ee-->"},"content":{"rendered":"\n<p style=\"text-align:center\"> Resum\u00e9 \u010dl\u00e1nku <\/p>\n\n\n\n<p><strong>Dysfunk\u010dn\u00ed rodina jako rizikov\u00fd faktor soci\u00e1ln\u00edho rozvoje ml\u00e1de\u017ee<\/strong><\/p>\n\n\n\n<p> <em>PhDr.   Sabina Doubkov\u00e1, Diagnostick\u00fd \u00fastav a St\u0159edisko v\u00fdchovn\u00e9 p\u00e9\u010de v Praze   <br>Dr. Zden\u011bk Kova\u0159\u00edk, CSc., Policejn\u00ed akademie \u010cR   v\u00a0Praze, Odd\u011blen\u00ed v\u011bdy a v\u00fdzkumu   <\/em><\/p>\n\n\n\n<p>\u010cl\u00e1nek p\u0159edkl\u00e1d\u00e1 z\u00e1kladn\u00ed v\u00fdsledky\nempirick\u00e9ho v\u00fdzkumu zam\u011b\u0159en\u00e9ho na v\u00fdskyt vybran\u00fdch faktor\u016f rodinn\u00e9ho prost\u0159ed\u00ed\na jejich vliv na m\u00edru rizikov\u00e9ho chov\u00e1n\u00ed v\u00fdzkumn\u00e9ho souboru respondent\u016f.\nZ\u00e1kladn\u00edm c\u00edlem v\u00fdzkumu bylo zji\u0161t\u011bn\u00ed, kter\u00e9 faktory rodinn\u00e9ho prost\u0159ed\u00ed maj\u00ed\nnejv\u00fdznamn\u011bj\u0161\u00ed vliv na soci\u00e1ln\u00ed rozvoj v\u00fdb\u011brov\u00e9ho vzorku ml\u00e1de\u017ee. K&nbsp;odhalen\u00ed vlivu vybran\u00fdch faktor\u016f na rizikov\u00e9\nchov\u00e1n\u00ed ml\u00e1de\u017ee byl proveden empirick\u00fd v\u00fdzkum u 50 d\u00edvek soudem um\u00edst\u011bn\u00fdch do\nvybran\u00e9ho diagnostick\u00e9ho \u00fastavu.<\/p>\n\n\n\n<p><strong>Kl\u00ed\u010dov\u00e1 slova: <\/strong>d\u00edt\u011b, dysfunkce rodinn\u00e9ho prost\u0159ed\u00ed, ml\u00e1de\u017e, rizikov\u00e9 chov\u00e1n\u00ed, rizikov\u00fd faktor, rodina, rodinn\u00e9 funkce, soci\u00e1ln\u00ed deviace, soci\u00e1ln\u00ed rozvoj.<\/p>\n\n\n\n<hr color=\"#9D9D9D\">\n\n\n\n<p><a href=\"https:\/\/veda.polac.cz\/?page_id=5510\">Zp\u011bt<\/a><\/p>\n","protected":false},"excerpt":{"rendered":"<p>Resum\u00e9 \u010dl\u00e1nku Dysfunk\u010dn\u00ed rodina jako rizikov\u00fd faktor soci\u00e1ln\u00edho rozvoje ml\u00e1de\u017ee PhDr. Sabina Doubkov\u00e1, Diagnostick\u00fd \u00fastav a St\u0159edisko v\u00fdchovn\u00e9 p\u00e9\u010de v Praze Dr. Zden\u011bk Kova\u0159\u00edk, CSc., Policejn\u00ed akademie \u010cR v\u00a0Praze, Odd\u011blen\u00ed v\u011bdy a v\u00fdzkumu \u010cl\u00e1nek p\u0159edkl\u00e1d\u00e1 z\u00e1kladn\u00ed v\u00fdsledky empirick\u00e9ho v\u00fdzkumu zam\u011b\u0159en\u00e9ho na v\u00fdskyt vybran\u00fdch faktor\u016f rodinn\u00e9ho prost\u0159ed\u00ed a jejich vliv na m\u00edru rizikov\u00e9ho chov\u00e1n\u00ed v\u00fdzkumn\u00e9ho souboru [&hellip;]<\/p>\n","protected":false},"author":6,"featured_media":0,"parent":0,"menu_order":0,"comment_status":"closed","ping_status":"closed","template":"","meta":{"footnotes":""},"class_list":["post-5539","page","type-page","status-publish","hentry"],"_links":{"self":[{"href":"https:\/\/veda.polac.cz\/index.php?rest_route=\/wp\/v2\/pages\/5539","targetHints":{"allow":["GET"]}}],"collection":[{"href":"https:\/\/veda.polac.cz\/index.php?rest_route=\/wp\/v2\/pages"}],"about":[{"href":"https:\/\/veda.polac.cz\/index.php?rest_route=\/wp\/v2\/types\/page"}],"author":[{"embeddable":true,"href":"https:\/\/veda.polac.cz\/index.php?rest_route=\/wp\/v2\/users\/6"}],"replies":[{"embeddable":true,"href":"https:\/\/veda.polac.cz\/index.php?rest_route=%2Fwp%2Fv2%2Fcomments&post=5539"}],"version-history":[{"count":2,"href":"https:\/\/veda.polac.cz\/index.php?rest_route=\/wp\/v2\/pages\/5539\/revisions"}],"predecessor-version":[{"id":5541,"href":"https:\/\/veda.polac.cz\/index.php?rest_route=\/wp\/v2\/pages\/5539\/revisions\/5541"}],"wp:attachment":[{"href":"https:\/\/veda.polac.cz\/index.php?rest_route=%2Fwp%2Fv2%2Fmedia&parent=5539"}],"curies":[{"name":"wp","href":"https:\/\/api.w.org\/{rel}","templated":true}]}}