{"id":553,"date":"2018-09-13T17:31:26","date_gmt":"2018-09-13T17:31:26","guid":{"rendered":"http:\/\/veda.polac.cz\/?page_id=553"},"modified":"2018-10-27T18:52:47","modified_gmt":"2018-10-27T18:52:47","slug":"5-2","status":"publish","type":"page","link":"https:\/\/veda.polac.cz\/?page_id=553","title":{"rendered":""},"content":{"rendered":"<p style=\"text-align: center;\">Resum\u00e9 \u010dl\u00e1nku<\/p>\n<p><strong>Teroristick\u00e9 \u00fatoky v metru<\/strong><br \/>\n<i>Mgr. Zden\u011bk Hon, Ph.D., Alexandria Martinelli Van Praag, doc. PhDr. Jan Eichler, CSc., prof. MUDr. Leo\u0161 Navr\u00e1til, CSc., Ing. V\u00e1clav Navr\u00e1til, Fakulta biomedic\u00ednsk\u00e9ho in\u017een\u00fdrstv\u00ed \u010cVUT v Praze, Katedra zdravotnick\u00fdch obor\u016f a ochrany obyvatelstva<br \/>\n<\/i><br \/>\n\u010cl\u00e1nek se zab\u00fdv\u00e1 jedn\u00edm z v\u00fdznamn\u00fdch m\u011bkk\u00fdch c\u00edl\u016f teroristick\u00fdch \u00fatok\u016f, kter\u00fdm je metro. Jedn\u00e1 se o prost\u0159edek m\u011bstsk\u00e9 hromadn\u00e9 dopravy s vysokou koncentrac\u00ed cestuj\u00edc\u00edch v relativn\u011b uzav\u0159en\u00e9m prostoru a omezenou mo\u017enost\u00ed rychl\u00e9 evakuace. V \u010dl\u00e1nku jsou uvedeny z\u00e1kladn\u00ed informace o pra\u017esk\u00e9m metru a jeho ochrann\u00e9m syst\u00e9mu. D\u00e1le jsou shrnuty teroristick\u00e9 \u00fatoky, kter\u00e9 se uskute\u010dnily v jednotliv\u00fdch metropol\u00edch a jejich\u017e c\u00edlem se stalo metro. Krom\u011b toho jsou uvedeny varovn\u00e9 skute\u010dnosti z lond\u00fdnsk\u00fdch teroristick\u00fdch \u00fatok\u016f z roku 2005 a mo\u017en\u00e1 ochrann\u00e1 protiteroristick\u00e1 opat\u0159en\u00ed. V z\u00e1v\u011bru jsou uvedeny zku\u0161enosti ze cvi\u010den\u00ed v pra\u017esk\u00e9m metru, kter\u00e9 souvisej\u00ed s reakc\u00ed na ud\u00e1lost s hromadn\u00fdm posti\u017een\u00edm zdrav\u00ed.<br \/>\n<strong>Kl\u00ed\u010dov\u00e1 slova:\u00a0<\/strong>terorismus, metro, integrovan\u00fd z\u00e1chrann\u00fd syst\u00e9m.<\/p>\n<p><a href=\"https:\/\/veda.polac.cz\/?page_id=533\">02\/2016<\/a><\/p>\n","protected":false},"excerpt":{"rendered":"<p>Resum\u00e9 \u010dl\u00e1nku Teroristick\u00e9 \u00fatoky v metru Mgr. Zden\u011bk Hon, Ph.D., Alexandria Martinelli Van Praag, doc. PhDr. Jan Eichler, CSc., prof. MUDr. Leo\u0161 Navr\u00e1til, CSc., Ing. V\u00e1clav Navr\u00e1til, Fakulta biomedic\u00ednsk\u00e9ho in\u017een\u00fdrstv\u00ed \u010cVUT v Praze, Katedra zdravotnick\u00fdch obor\u016f a ochrany obyvatelstva \u010cl\u00e1nek se zab\u00fdv\u00e1 jedn\u00edm z v\u00fdznamn\u00fdch m\u011bkk\u00fdch c\u00edl\u016f teroristick\u00fdch \u00fatok\u016f, kter\u00fdm je metro. Jedn\u00e1 se o [&hellip;]<\/p>\n","protected":false},"author":2,"featured_media":0,"parent":533,"menu_order":5,"comment_status":"closed","ping_status":"closed","template":"","meta":{"footnotes":""},"class_list":["post-553","page","type-page","status-publish","hentry"],"_links":{"self":[{"href":"https:\/\/veda.polac.cz\/index.php?rest_route=\/wp\/v2\/pages\/553","targetHints":{"allow":["GET"]}}],"collection":[{"href":"https:\/\/veda.polac.cz\/index.php?rest_route=\/wp\/v2\/pages"}],"about":[{"href":"https:\/\/veda.polac.cz\/index.php?rest_route=\/wp\/v2\/types\/page"}],"author":[{"embeddable":true,"href":"https:\/\/veda.polac.cz\/index.php?rest_route=\/wp\/v2\/users\/2"}],"replies":[{"embeddable":true,"href":"https:\/\/veda.polac.cz\/index.php?rest_route=%2Fwp%2Fv2%2Fcomments&post=553"}],"version-history":[{"count":2,"href":"https:\/\/veda.polac.cz\/index.php?rest_route=\/wp\/v2\/pages\/553\/revisions"}],"predecessor-version":[{"id":574,"href":"https:\/\/veda.polac.cz\/index.php?rest_route=\/wp\/v2\/pages\/553\/revisions\/574"}],"up":[{"embeddable":true,"href":"https:\/\/veda.polac.cz\/index.php?rest_route=\/wp\/v2\/pages\/533"}],"wp:attachment":[{"href":"https:\/\/veda.polac.cz\/index.php?rest_route=%2Fwp%2Fv2%2Fmedia&parent=553"}],"curies":[{"name":"wp","href":"https:\/\/api.w.org\/{rel}","templated":true}]}}