{"id":5510,"date":"2019-11-15T13:34:58","date_gmt":"2019-11-15T13:34:58","guid":{"rendered":"http:\/\/veda.polac.cz\/?page_id=5510"},"modified":"2020-02-14T13:14:37","modified_gmt":"2020-02-14T13:14:37","slug":"02-2019","status":"publish","type":"page","link":"https:\/\/veda.polac.cz\/?page_id=5510","title":{"rendered":"02\/2019"},"content":{"rendered":"<p><strong><a href=\"https:\/\/veda.polac.cz\/?page_id=5539\" data-rich-text-format-boundary=\"true\">Dysfunk\u010dn\u00ed rodina jako rizikov\u00fd faktor soci\u00e1ln\u00edho rozvoje ml\u00e1de\u017ee<\/a><\/strong> <br data-rich-text-line-break=\"true\" \/>PhDr. Sabina Doubkov\u00e1, Diagnostick\u00fd \u00fastav a St\u0159edisko v\u00fdchovn\u00e9 p\u00e9\u010de v Praze <br data-rich-text-line-break=\"true\" \/>Dr. Zden\u011bk Kova\u0159\u00edk, CSc., Policejn\u00ed akademie \u010cR v\u00a0Praze, Odd\u011blen\u00ed v\u011bdy a v\u00fdzkumu <br data-rich-text-line-break=\"true\" \/><br data-rich-text-line-break=\"true\" \/><a href=\"https:\/\/veda.polac.cz\/wp-content\/uploads\/2019\/11\/Dysfunk\u010dn\u00ed-rodina-jako-rizikov\u00fd-faktor-soci\u00e1ln\u00edho-rozvoje-ml\u00e1de\u017ee.pdf\" target=\"_blank\" rel=\"noreferrer noopener\" aria-label=\" (otev\u0159e se na nov\u00e9 z\u00e1lo\u017ece)\">pdf form\u00e1t<\/a><\/p>\n<hr \/>\n<p><strong><a href=\"https:\/\/veda.polac.cz\/?page_id=5543\">Objasnenos\u0165 trestnej \u010dinnosti vo vz\u0165ahu k registrovanej kriminalite a\u00a0hodnoteniu efekt\u00edvnosti policie<\/a><\/strong> <br data-rich-text-line-break=\"true\" \/>mjr. Mgr. Ing. Franti\u0161ek Vojtu\u0161, N\u00e1rodn\u00e1 krimin\u00e1lna agent\u00fara Prez\u00eddia PZ Pr\u00e1vnick\u00e1 fakulta Univerzita Komensk\u00e9ho Bratislava, Katedra trestn\u00e9ho pr\u00e1va, kriminol\u00f3gie a\u00a0kriminalistiky, extern\u00fd doktorand <br data-rich-text-line-break=\"true\" \/><br data-rich-text-line-break=\"true\" \/><a href=\"https:\/\/veda.polac.cz\/wp-content\/uploads\/2019\/11\/Objasnenos\u0165-trestnej-\u010dinnosti-vo-vz\u0165ahu-k-registrovanej-kriminalite.pdf\" target=\"_blank\" rel=\"noreferrer noopener\" aria-label=\" (otev\u0159e se na nov\u00e9 z\u00e1lo\u017ece)\">pdf form\u00e1t<\/a><\/p>\n<hr \/>\n<p><strong><a href=\"https:\/\/veda.polac.cz\/?page_id=5548\" data-rich-text-format-boundary=\"true\">K propu\u0161t\u011bn\u00ed podle \u00a7 42 odst. 1 p\u00edsm. d) z\u00e1kona o\u00a0slu\u017eebn\u00edm pom\u011bru p\u0159\u00edslu\u0161n\u00edk\u016f bezpe\u010dnostn\u00edch sbor\u016f<\/a><br data-rich-text-line-break=\"true\" \/><\/strong>doc. JUDr. et PhDr. Zden\u011bk Fiala, Ph.D., Policejn\u00ed akademie \u010cR v\u00a0Praze Fakulta bezpe\u010dnostn\u00edho managementu, katedra ve\u0159ejnopr\u00e1vn\u00edch discipl\u00edn<br data-rich-text-line-break=\"true\" \/><br data-rich-text-line-break=\"true\" \/><a href=\"https:\/\/veda.polac.cz\/wp-content\/uploads\/2019\/11\/K-propu\u0161t\u011bn\u00ed-podle-\u00a7-42-odst.-1-p\u00edsm.-d-z\u00e1kona.pdf\" target=\"_blank\" rel=\"noreferrer noopener\" aria-label=\" (otev\u0159e se na nov\u00e9 z\u00e1lo\u017ece)\">pdf form\u00e1t<\/a><\/p>\n<hr \/>\n<p><strong><a href=\"https:\/\/veda.polac.cz\/?page_id=5555\">Anal\u00fdza v\u00fdvoje kriminality souvisej\u00edc\u00ed s\u00a0neopr\u00e1vn\u011bn\u00fdmi p\u0159\u00edstupy<\/a><\/strong> <strong><a href=\"https:\/\/veda.polac.cz\/?page_id=5555\">do po\u010d\u00edta\u010dov\u00fdch syst\u00e9m\u016f v \u010cesk\u00e9 republice za obdob\u00ed 2010\u20132018<\/a><\/strong> <br data-rich-text-line-break=\"true\" \/>Ing. Josef Bern\u00e1tek, \u010cesk\u00e9 vysok\u00e9 u\u010den\u00ed technick\u00e9 v\u00a0Praze Fakulta biomedic\u00ednsk\u00e9ho in\u017een\u00fdrstv\u00ed<br data-rich-text-line-break=\"true\" \/><br data-rich-text-line-break=\"true\" \/><a href=\"https:\/\/veda.polac.cz\/wp-content\/uploads\/2019\/11\/Anal\u00fdza-v\u00fdvoje-kriminality-souvisej\u00edc\u00ed-s-neopr\u00e1vn\u011bn\u00fdmi-p\u0159\u00edstupy.pdf\" target=\"_blank\" rel=\"noreferrer noopener\" aria-label=\" (otev\u0159e se na nov\u00e9 z\u00e1lo\u017ece)\">pdf form\u00e1t<\/a><\/p>\n<hr \/>\n<p><strong><a href=\"https:\/\/veda.polac.cz\/?page_id=5559\">Vyu\u017eitelnost z\u00e1znamn\u00edk\u016f \u00fadaj\u016f o dopravn\u00ed nehod\u011b v\u00a0USA a Evrop\u011b<\/a><\/strong><br data-rich-text-line-break=\"true\" \/>pplk. Mgr. Jind\u0159ich Kom\u00e1rek, Ph.D., pplk. Mgr. Michal Hodbo\u010f pplk. Mgr. Jan Straka, Policejn\u00ed akademie \u010cR v\u00a0Praze Fakulta bezpe\u010dnostn\u011b pr\u00e1vn\u00ed <br data-rich-text-line-break=\"true\" \/><br data-rich-text-line-break=\"true\" \/><a href=\"https:\/\/veda.polac.cz\/wp-content\/uploads\/2019\/11\/Vyu\u017eitelnost-z\u00e1znamn\u00edk\u016f-\u00fadaj\u016f-o-dopravn\u00ed-nehod\u011b.pdf\" target=\"_blank\" rel=\"noreferrer noopener\" aria-label=\" (otev\u0159e se na nov\u00e9 z\u00e1lo\u017ece)\">pdf form\u00e1t<\/a><\/p>\n<hr \/>\n<p><strong><a href=\"https:\/\/veda.polac.cz\/?page_id=5562\">Vybran\u00e9 aspekty prejavov extr\u00e9mizmu v online prostred\u00ed<\/a><br data-rich-text-line-break=\"true\" \/><\/strong>JUDr. Michaela Jurisov\u00e1, PhD., Akad\u00e9mia Policajn\u00e9ho zboru v\u00a0Bratislave katedra kriminol\u00f3gie<br data-rich-text-line-break=\"true\" \/><br data-rich-text-line-break=\"true\" \/><a href=\"https:\/\/veda.polac.cz\/wp-content\/uploads\/2019\/11\/Vybran\u00e9-aspekty-prejavov-extr\u00e9mizmu-v-online-prostred\u00ed.pdf\" target=\"_blank\" rel=\"noreferrer noopener\" aria-label=\" (otev\u0159e se na nov\u00e9 z\u00e1lo\u017ece)\">pdf form\u00e1t<\/a><\/p>\n<hr \/>\n<p><strong><a href=\"https:\/\/veda.polac.cz\/?page_id=5565\">Ohro\u017euje ropn\u00fd zlom bezpe\u010dnost ve sv\u011bt\u011b?<\/a><\/strong><br data-rich-text-line-break=\"true\" \/>RNDr. Ing. Ji\u0159\u00ed Dobrylovsk\u00fd, Ph.D., Vysok\u00e1 \u0161kola ekonomie a managementu <br data-rich-text-line-break=\"true\" \/><br data-rich-text-line-break=\"true\" \/><a href=\"https:\/\/veda.polac.cz\/wp-content\/uploads\/2019\/11\/Ohro\u017euje-ropn\u00fd-zlom-bezpe\u010dnost-ve-sv\u011bt\u011b.pdf\" target=\"_blank\" rel=\"noreferrer noopener\" aria-label=\" (otev\u0159e se na nov\u00e9 z\u00e1lo\u017ece)\">pdf form\u00e1t<\/a><\/p>\n<hr \/>\n<p><strong><a href=\"https:\/\/veda.polac.cz\/?page_id=5567\" data-rich-text-format-boundary=\"true\">Metodika vy\u0161et\u0159ov\u00e1n\u00ed trestn\u00e9ho \u010dinu pojistn\u00e9ho podvodu v\u00a0oblasti poji\u0161t\u011bn\u00ed motorov\u00fdch vozidel<\/a><\/strong><br data-rich-text-line-break=\"true\" \/>Mgr. Martin Vysko\u010dil, Policejn\u00ed akademie \u010cR v Praze student doktorsk\u00e9ho studia <br data-rich-text-line-break=\"true\" \/><br data-rich-text-line-break=\"true\" \/><a href=\"https:\/\/veda.polac.cz\/wp-content\/uploads\/2019\/11\/Metodika-vy\u0161et\u0159ov\u00e1n\u00ed-trestn\u00e9ho-\u010dinu-pojistn\u00e9ho-podvodu.pdf\" target=\"_blank\" rel=\"noreferrer noopener\" aria-label=\" (otev\u0159e se na nov\u00e9 z\u00e1lo\u017ece)\">pdf form\u00e1t<\/a><\/p>\n<hr \/>\n<p><strong>Aktivn\u00ed \u00fa\u010dast na mezin\u00e1rodn\u00ed konferenci RAD7 v\u00a0Herceg Novi v\u00a0\u010cern\u00e9 Ho\u0159e<\/strong> <br data-rich-text-line-break=\"true\" \/>doc. Ing. Jozef Sabol, DrSc., Policejn\u00ed akademie \u010cR v\u00a0Praze, Fakulta bezpe\u010dnostn\u00edho managementu, katedra krizov\u00e9ho \u0159\u00edzen\u00ed <br data-rich-text-line-break=\"true\" \/><br data-rich-text-line-break=\"true\" \/><a href=\"https:\/\/veda.polac.cz\/wp-content\/uploads\/2019\/11\/Aktivn\u00ed-\u00fa\u010dast-na-mezin\u00e1rodn\u00ed-konferenci-RAD7.pdf\" target=\"_blank\" rel=\"noreferrer noopener\" aria-label=\" (otev\u0159e se na nov\u00e9 z\u00e1lo\u017ece)\">pdf form\u00e1t<\/a><\/p>\n<hr \/>\n<p>\u00a0<\/p>\n","protected":false},"excerpt":{"rendered":"<p>Dysfunk\u010dn\u00ed rodina jako rizikov\u00fd faktor soci\u00e1ln\u00edho rozvoje ml\u00e1de\u017ee PhDr. Sabina Doubkov\u00e1, Diagnostick\u00fd \u00fastav a St\u0159edisko v\u00fdchovn\u00e9 p\u00e9\u010de v Praze Dr. Zden\u011bk Kova\u0159\u00edk, CSc., Policejn\u00ed akademie \u010cR v\u00a0Praze, Odd\u011blen\u00ed v\u011bdy a v\u00fdzkumu pdf form\u00e1t Objasnenos\u0165 trestnej \u010dinnosti vo vz\u0165ahu k registrovanej kriminalite a\u00a0hodnoteniu efekt\u00edvnosti policie mjr. Mgr. Ing. Franti\u0161ek Vojtu\u0161, N\u00e1rodn\u00e1 krimin\u00e1lna agent\u00fara Prez\u00eddia PZ Pr\u00e1vnick\u00e1 [&hellip;]<\/p>\n","protected":false},"author":6,"featured_media":0,"parent":0,"menu_order":0,"comment_status":"closed","ping_status":"closed","template":"","meta":{"footnotes":""},"class_list":["post-5510","page","type-page","status-publish","hentry"],"_links":{"self":[{"href":"https:\/\/veda.polac.cz\/index.php?rest_route=\/wp\/v2\/pages\/5510","targetHints":{"allow":["GET"]}}],"collection":[{"href":"https:\/\/veda.polac.cz\/index.php?rest_route=\/wp\/v2\/pages"}],"about":[{"href":"https:\/\/veda.polac.cz\/index.php?rest_route=\/wp\/v2\/types\/page"}],"author":[{"embeddable":true,"href":"https:\/\/veda.polac.cz\/index.php?rest_route=\/wp\/v2\/users\/6"}],"replies":[{"embeddable":true,"href":"https:\/\/veda.polac.cz\/index.php?rest_route=%2Fwp%2Fv2%2Fcomments&post=5510"}],"version-history":[{"count":16,"href":"https:\/\/veda.polac.cz\/index.php?rest_route=\/wp\/v2\/pages\/5510\/revisions"}],"predecessor-version":[{"id":5991,"href":"https:\/\/veda.polac.cz\/index.php?rest_route=\/wp\/v2\/pages\/5510\/revisions\/5991"}],"wp:attachment":[{"href":"https:\/\/veda.polac.cz\/index.php?rest_route=%2Fwp%2Fv2%2Fmedia&parent=5510"}],"curies":[{"name":"wp","href":"https:\/\/api.w.org\/{rel}","templated":true}]}}