{"id":550,"date":"2018-09-13T17:29:54","date_gmt":"2018-09-13T17:29:54","guid":{"rendered":"http:\/\/veda.polac.cz\/?page_id=550"},"modified":"2018-10-27T18:52:47","modified_gmt":"2018-10-27T18:52:47","slug":"4-2","status":"publish","type":"page","link":"https:\/\/veda.polac.cz\/?page_id=550","title":{"rendered":""},"content":{"rendered":"<p style=\"text-align: center;\">Resum\u00e9 \u010dl\u00e1nku<\/p>\n<p><strong>PEGIDA &#8211; bezpe\u010dnostn\u00ed hrozba \u010di v\u00fdzva pro EU?<\/strong><br \/>\n<i>doc. Ing. Dr. \u0160tefan Danics, Ph.D., Fakulta bezpe\u010dnostn\u00edho managementu PA \u010cR v Praze, Katedra spole\u010densk\u00fdch v\u011bd<\/p>\n<p><\/i>Autor hodl\u00e1 upozornit na hnut\u00ed PEGIDA, ke kter\u00e9mu se v r\u016fzn\u00fdch \u010d\u00e1stech N\u011bmecka hl\u00e1s\u00ed &#8222;n\u011bme\u010dt\u00ed vlastenci&#8220;, vyjad\u0159uj\u00edc\u00ed celkovou nespokojenost s dosavadn\u00ed vl\u00e1dn\u00ed politikou. V podstat\u011b kritizuj\u00ed rozpad tradi\u010dn\u00edch hodnot v n\u011bmeck\u00e9 spole\u010dnosti, ale i v Evropsk\u00e9 unii. Nejv\u00edce je kritizov\u00e1na liber\u00e1ln\u00ed migra\u010dn\u00ed politika a probl\u00e9my s integrac\u00ed muslimsk\u00e9 komunity. Nejmasov\u011bj\u0161\u00ed protesty PEGIDY jsou v Dr\u00e1\u017e\u010fanech, ale objevuj\u00ed se i v dal\u0161\u00edch n\u011bmeck\u00fdch m\u011bstech s t\u00edm, \u017ee se rozjel i fenom\u00e9n &#8222;pegidizace EU&#8220;. Av\u0161ak n\u011bmeck\u00e1 masm\u00e9dia informuj\u00ed o PEGID\u011a jako o xenofobn\u00edm a ultrapravicov\u00e9m hnut\u00ed. Autor na z\u00e1klad\u011b aktu\u00e1ln\u00ed n\u011bmeck\u00e9 publikace p\u0159ibl\u00ed\u017e\u00ed soci\u00e1ln\u011b-politick\u00fd profil stoupence PEGIDY, p\u0159i\u010dem\u017e nazna\u010d\u00ed i politick\u00e9 souvislosti a ambice tohoto hnut\u00ed. Teoreticko-metodologick\u00fdm v\u00fdchodiskem p\u0159\u00edsp\u011bvku bude koncept anti-establishmentov\u00e9 strany, kter\u00fd bude aplikov\u00e1n na protestn\u00ed hnut\u00ed PEGIDA. Na z\u00e1klad\u011b anti-establishmentov\u00e9 opozice bude uk\u00e1z\u00e1no, zda hnut\u00ed PEGIDA p\u0159edstavuje pro Evropskou unii hrozbu nebo v\u00fdzvu.<br \/>\n<strong>Kl\u00ed\u010dov\u00e1 slova:<\/strong>\u00a0PEGIDA, pegidizace EU, antiisl\u00e1msk\u00e9 hnut\u00ed, xenofobn\u00ed hnut\u00ed, ultrapravicov\u00e9 hnut\u00ed, sociologick\u00fd profil stoupence PEGIDY, PEGIDA jako bezpe\u010dnostn\u00ed hrozba \u010di v\u00fdzva pro EU.<\/p>\n<p><a href=\"https:\/\/veda.polac.cz\/?page_id=533\">02\/2016<\/a><\/p>\n<p>&nbsp;<\/p>\n","protected":false},"excerpt":{"rendered":"<p>Resum\u00e9 \u010dl\u00e1nku PEGIDA &#8211; bezpe\u010dnostn\u00ed hrozba \u010di v\u00fdzva pro EU? doc. Ing. Dr. \u0160tefan Danics, Ph.D., Fakulta bezpe\u010dnostn\u00edho managementu PA \u010cR v Praze, Katedra spole\u010densk\u00fdch v\u011bd Autor hodl\u00e1 upozornit na hnut\u00ed PEGIDA, ke kter\u00e9mu se v r\u016fzn\u00fdch \u010d\u00e1stech N\u011bmecka hl\u00e1s\u00ed &#8222;n\u011bme\u010dt\u00ed vlastenci&#8220;, vyjad\u0159uj\u00edc\u00ed celkovou nespokojenost s dosavadn\u00ed vl\u00e1dn\u00ed politikou. V podstat\u011b kritizuj\u00ed rozpad tradi\u010dn\u00edch hodnot [&hellip;]<\/p>\n","protected":false},"author":2,"featured_media":0,"parent":533,"menu_order":4,"comment_status":"closed","ping_status":"closed","template":"","meta":{"footnotes":""},"class_list":["post-550","page","type-page","status-publish","hentry"],"_links":{"self":[{"href":"https:\/\/veda.polac.cz\/index.php?rest_route=\/wp\/v2\/pages\/550","targetHints":{"allow":["GET"]}}],"collection":[{"href":"https:\/\/veda.polac.cz\/index.php?rest_route=\/wp\/v2\/pages"}],"about":[{"href":"https:\/\/veda.polac.cz\/index.php?rest_route=\/wp\/v2\/types\/page"}],"author":[{"embeddable":true,"href":"https:\/\/veda.polac.cz\/index.php?rest_route=\/wp\/v2\/users\/2"}],"replies":[{"embeddable":true,"href":"https:\/\/veda.polac.cz\/index.php?rest_route=%2Fwp%2Fv2%2Fcomments&post=550"}],"version-history":[{"count":2,"href":"https:\/\/veda.polac.cz\/index.php?rest_route=\/wp\/v2\/pages\/550\/revisions"}],"predecessor-version":[{"id":573,"href":"https:\/\/veda.polac.cz\/index.php?rest_route=\/wp\/v2\/pages\/550\/revisions\/573"}],"up":[{"embeddable":true,"href":"https:\/\/veda.polac.cz\/index.php?rest_route=\/wp\/v2\/pages\/533"}],"wp:attachment":[{"href":"https:\/\/veda.polac.cz\/index.php?rest_route=%2Fwp%2Fv2%2Fmedia&parent=550"}],"curies":[{"name":"wp","href":"https:\/\/api.w.org\/{rel}","templated":true}]}}