{"id":5491,"date":"2019-10-29T14:12:36","date_gmt":"2019-10-29T14:12:36","guid":{"rendered":"http:\/\/veda.polac.cz\/?page_id=5491"},"modified":"2019-11-14T14:20:49","modified_gmt":"2019-11-14T14:20:49","slug":"5491-2","status":"publish","type":"page","link":"https:\/\/veda.polac.cz\/?page_id=5491","title":{"rendered":"<!-- 01\/19  Resume  Psychologicko-etick\u00e9 roviny role velitele slo\u017eky integrovan\u00e9ho z\u00e1chrann\u00e9ho syst\u00e9mu-->"},"content":{"rendered":"\n<p style=\"text-align:center\">Resum\u00e9 \u010dl\u00e1nku<\/p>\n\n\n\n<p><strong>Psychologicko-etick\u00e9 roviny role velitele slo\u017eky integrovan\u00e9ho z\u00e1chrann\u00e9ho syst\u00e9mu<\/strong><\/p>\n\n\n\n<p><em>plk. Ing. Old\u0159ich Volf, Ph.D., HZS\nKarlovarsk\u00e9ho kraje<\/em><\/p>\n\n\n\n<p><em>PhDr. et Mgr. Barbora\nP\u00e1nkov\u00e1, \u00dastav humanitn\u00edch v\u011bd, NEWTON College, a. s., Praha<\/em><\/p>\n\n\n\n<p><em>Mgr. Tibor A. Bre\u010dka,\nMBA, \u00dastav humanitn\u00edch v\u011bd, NEWTON College, a. s., Praha; Psychiatrick\u00e1\nklinika, 1. l\u00e9ka\u0159sk\u00e9 fakulty Univerzity Karlova v Praze a V\u0161eobecn\u00e9 fakultn\u00ed\nnemocnice v Praze, \u010cesk\u00e1 republika<\/em><\/p>\n\n\n\n<p><em>Ing. Eva\nKoz\u00e1kov\u00e1, Univerzita Obrany, Brno, Fakulta vojensk\u00e9ho leadershipu<\/em><\/p>\n\n\n\n<p>Text\nse zab\u00fdv\u00e1 psychologicko-etickou problematikou velen\u00ed ve slo\u017ek\u00e1ch integrovan\u00e9ho\nz\u00e1chrann\u00e9ho syst\u00e9mu, zejm\u00e9na v&nbsp;Hasi\u010dsk\u00e9m z\u00e1chrann\u00e9m sboru \u010cesk\u00e9 republiky.\nZam\u00fd\u0161l\u00ed se nad specifick\u00fdmi vlastnostmi a hodnotami velitele. Soust\u0159e\u010fuje se\nzejm\u00e9na na ot\u00e1zku odvahy, rozhodnosti a um\u00edn\u011bnosti. V&nbsp;nepoledn\u00ed \u0159ad\u011b i na\nd\u016fle\u017eitost etiky v&nbsp;rozhodovac\u00edm procesu.<\/p>\n\n\n\n<p><strong>Kl\u00ed\u010dov\u00e1 slova:<\/strong> Hasi\u010dsk\u00fd z\u00e1chrann\u00fd sbor, velen\u00ed, etika, osobnost velitele.<\/p>\n\n\n\n<hr color=\"#9D9D9D\">\n\n\n\n<p><a href=\"https:\/\/veda.polac.cz\/?page_id=5430\">Zp\u011bt<\/a><\/p>\n","protected":false},"excerpt":{"rendered":"<p>Resum\u00e9 \u010dl\u00e1nku Psychologicko-etick\u00e9 roviny role velitele slo\u017eky integrovan\u00e9ho z\u00e1chrann\u00e9ho syst\u00e9mu plk. Ing. Old\u0159ich Volf, Ph.D., HZS Karlovarsk\u00e9ho kraje PhDr. et Mgr. Barbora P\u00e1nkov\u00e1, \u00dastav humanitn\u00edch v\u011bd, NEWTON College, a. s., Praha Mgr. Tibor A. Bre\u010dka, MBA, \u00dastav humanitn\u00edch v\u011bd, NEWTON College, a. s., Praha; Psychiatrick\u00e1 klinika, 1. l\u00e9ka\u0159sk\u00e9 fakulty Univerzity Karlova v Praze a V\u0161eobecn\u00e9 [&hellip;]<\/p>\n","protected":false},"author":6,"featured_media":0,"parent":0,"menu_order":0,"comment_status":"closed","ping_status":"closed","template":"","meta":{"footnotes":""},"class_list":["post-5491","page","type-page","status-publish","hentry"],"_links":{"self":[{"href":"https:\/\/veda.polac.cz\/index.php?rest_route=\/wp\/v2\/pages\/5491","targetHints":{"allow":["GET"]}}],"collection":[{"href":"https:\/\/veda.polac.cz\/index.php?rest_route=\/wp\/v2\/pages"}],"about":[{"href":"https:\/\/veda.polac.cz\/index.php?rest_route=\/wp\/v2\/types\/page"}],"author":[{"embeddable":true,"href":"https:\/\/veda.polac.cz\/index.php?rest_route=\/wp\/v2\/users\/6"}],"replies":[{"embeddable":true,"href":"https:\/\/veda.polac.cz\/index.php?rest_route=%2Fwp%2Fv2%2Fcomments&post=5491"}],"version-history":[{"count":4,"href":"https:\/\/veda.polac.cz\/index.php?rest_route=\/wp\/v2\/pages\/5491\/revisions"}],"predecessor-version":[{"id":5507,"href":"https:\/\/veda.polac.cz\/index.php?rest_route=\/wp\/v2\/pages\/5491\/revisions\/5507"}],"wp:attachment":[{"href":"https:\/\/veda.polac.cz\/index.php?rest_route=%2Fwp%2Fv2%2Fmedia&parent=5491"}],"curies":[{"name":"wp","href":"https:\/\/api.w.org\/{rel}","templated":true}]}}