{"id":5489,"date":"2019-10-29T14:09:31","date_gmt":"2019-10-29T14:09:31","guid":{"rendered":"http:\/\/veda.polac.cz\/?page_id=5489"},"modified":"2019-11-14T14:17:53","modified_gmt":"2019-11-14T14:17:53","slug":"5489-2","status":"publish","type":"page","link":"https:\/\/veda.polac.cz\/?page_id=5489","title":{"rendered":"<!--01\/19 Resum\u00e9 Kriminalistick\u00e1 expertiza a spolupr\u00e1ce policisty se znalcem u trestn\u00e9ho \u010dinu pojistn\u00e9ho podvodu-->"},"content":{"rendered":"\n<p style=\"text-align:center\">Resum\u00e9 \u010dl\u00e1nku<\/p>\n\n\n\n<p><strong>Kriminalistick\u00e1 expertiza a spolupr\u00e1ce policisty se&nbsp;znalcem u trestn\u00e9ho \u010dinu pojistn\u00e9ho podvodu<\/strong><\/p>\n\n\n\n<p><em>Mgr. Martin Vysko\u010dil, Policejn\u00ed akademie\n\u010cR v&nbsp;Praze, student doktorsk\u00e9ho studia<\/em><\/p>\n\n\n\n<p>\u010cl\u00e1nek je v\u011bnov\u00e1n problematice policejn\u00ed\ntaktiky, konkr\u00e9tn\u011b vybran\u00e9 v\u00fdznamn\u00e9 kriminalisticko-taktick\u00e9 metod\u011b, kterou je\nkriminalistick\u00e1 expertiza a spolupr\u00e1ce policisty se znalcem ve vztahu\nk&nbsp;trestn\u00fdm \u010din\u016fm pojistn\u00e9ho podvodu.<\/p>\n\n\n\n<p>Prvn\u00ed \u010d\u00e1st p\u0159\u00edsp\u011bvku je obecn\u00fdm\nvymezen\u00edm kriminalistick\u00e9 expertizy a&nbsp;spolupr\u00e1ce policisty se znalcem, a\nto v\u010detn\u011b z\u00e1kladn\u00edho legislativn\u00edho r\u00e1mce, definice etap vytv\u00e1\u0159en\u00ed znaleck\u00e9ho\nposudku, obsahu posudku, d\u011blen\u00ed expertizy dle druhu a jej\u00ed hodnocen\u00ed.<\/p>\n\n\n\n<p>Druh\u00e1 \u010d\u00e1st p\u0159\u00edsp\u011bvku se specificky\norientuje na aspekty kriminalistick\u00e9 expertizy a spolupr\u00e1ce policisty se\nznalcem ve vztahu k&nbsp;trestn\u00fdm \u010din\u016fm pojistn\u00e9ho podvodu.<\/p>\n\n\n\n<p><strong>Kl\u00ed\u010dov\u00e1 slova:<\/strong> podvod, pojistn\u00fd podvod, kriminalistika, kriminalistick\u00e1 taktika, kriminalistick\u00e1 expertiza, spolupr\u00e1ce policisty se znalcem, znaleck\u00fd posudek, anal\u00fdza p\u0159\u00ed\u010din vzniku dopravn\u00edch nehod, soudn\u00ed znalec, poji\u0161t\u011bn\u00ed motorov\u00fdch vozidel.<\/p>\n\n\n\n<hr color=\"#9D9D9D\">\n\n\n\n<p><a href=\"https:\/\/veda.polac.cz\/?page_id=5430\">Zp\u011bt<\/a><\/p>\n","protected":false},"excerpt":{"rendered":"<p>Resum\u00e9 \u010dl\u00e1nku Kriminalistick\u00e1 expertiza a spolupr\u00e1ce policisty se&nbsp;znalcem u trestn\u00e9ho \u010dinu pojistn\u00e9ho podvodu Mgr. Martin Vysko\u010dil, Policejn\u00ed akademie \u010cR v&nbsp;Praze, student doktorsk\u00e9ho studia \u010cl\u00e1nek je v\u011bnov\u00e1n problematice policejn\u00ed taktiky, konkr\u00e9tn\u011b vybran\u00e9 v\u00fdznamn\u00e9 kriminalisticko-taktick\u00e9 metod\u011b, kterou je kriminalistick\u00e1 expertiza a spolupr\u00e1ce policisty se znalcem ve vztahu k&nbsp;trestn\u00fdm \u010din\u016fm pojistn\u00e9ho podvodu. Prvn\u00ed \u010d\u00e1st p\u0159\u00edsp\u011bvku je obecn\u00fdm vymezen\u00edm [&hellip;]<\/p>\n","protected":false},"author":6,"featured_media":0,"parent":0,"menu_order":0,"comment_status":"closed","ping_status":"closed","template":"","meta":{"footnotes":""},"class_list":["post-5489","page","type-page","status-publish","hentry"],"_links":{"self":[{"href":"https:\/\/veda.polac.cz\/index.php?rest_route=\/wp\/v2\/pages\/5489","targetHints":{"allow":["GET"]}}],"collection":[{"href":"https:\/\/veda.polac.cz\/index.php?rest_route=\/wp\/v2\/pages"}],"about":[{"href":"https:\/\/veda.polac.cz\/index.php?rest_route=\/wp\/v2\/types\/page"}],"author":[{"embeddable":true,"href":"https:\/\/veda.polac.cz\/index.php?rest_route=\/wp\/v2\/users\/6"}],"replies":[{"embeddable":true,"href":"https:\/\/veda.polac.cz\/index.php?rest_route=%2Fwp%2Fv2%2Fcomments&post=5489"}],"version-history":[{"count":3,"href":"https:\/\/veda.polac.cz\/index.php?rest_route=\/wp\/v2\/pages\/5489\/revisions"}],"predecessor-version":[{"id":5506,"href":"https:\/\/veda.polac.cz\/index.php?rest_route=\/wp\/v2\/pages\/5489\/revisions\/5506"}],"wp:attachment":[{"href":"https:\/\/veda.polac.cz\/index.php?rest_route=%2Fwp%2Fv2%2Fmedia&parent=5489"}],"curies":[{"name":"wp","href":"https:\/\/api.w.org\/{rel}","templated":true}]}}