{"id":5487,"date":"2019-10-29T14:04:22","date_gmt":"2019-10-29T14:04:22","guid":{"rendered":"http:\/\/veda.polac.cz\/?page_id=5487"},"modified":"2019-11-14T13:49:52","modified_gmt":"2019-11-14T13:49:52","slug":"5487-2","status":"publish","type":"page","link":"https:\/\/veda.polac.cz\/?page_id=5487","title":{"rendered":"<!--01\/19 Resum\u00e9 Vliv kritick\u00e9ho my\u0161len\u00ed na \u0159\u00edzen\u00ed \u010dinnost\u00ed-->"},"content":{"rendered":"\n<p style=\"text-align:center\">Resum\u00e9 \u010dl\u00e1nku<\/p>\n\n\n\n<p><strong>Vliv kritick\u00e9ho my\u0161len\u00ed na \u0159\u00edzen\u00ed \u010dinnost\u00ed<\/strong><\/p>\n\n\n\n<p><em>Ing. Ond\u0159ej Bos, Ph.D., Policejn\u00ed akademie \u010cR\nv&nbsp;Praze, Fakulta bezpe\u010dnostn\u00edho managementu PA \u010cR v&nbsp;Praze, katedra\nkrizov\u00e9ho \u0159\u00edzen\u00ed<\/em><\/p>\n\n\n\n<p>V&nbsp;p\u0159\u00edsp\u011bvku\nse autor v\u011bnuje t\u00e9matu vlivu kritick\u00e9ho my\u0161len\u00ed na \u00farove\u0148 \u0159\u00edzen\u00ed kontinuity\n\u010dinnost\u00ed v&nbsp;organizaci. Kritick\u00e9 my\u0161len\u00ed je p\u0159edstaveno jako metoda pro\nsn\u00ed\u017een\u00ed dopad\u016f zp\u016fsoben\u00fdch my\u0161lenkov\u00fdm zkreslen\u00edm. V&nbsp;kontextu \u0159\u00edzen\u00ed\nkontinuity \u010dinnost\u00ed je zd\u016frazn\u011bn jeho v\u00fdznam p\u0159i rozhodov\u00e1n\u00ed za nejistoty a p\u0159i\npl\u00e1nov\u00e1n\u00ed opat\u0159en\u00ed k \u0159e\u0161en\u00ed&nbsp;neo\u010dek\u00e1van\u00fdch provozn\u00edch v\u00fdpadk\u016f a\nnedostupnost\u00ed. P\u0159\u00edsp\u011bvek obsahuje tak\u00e9 popis vybran\u00fdch typ\u016f kognitivn\u00edch\nzkreslen\u00ed a heuristik a p\u0159\u00edklady jejich mo\u017en\u00fdch projev\u016f p\u0159i rozhodov\u00e1n\u00ed o\n\u0159\u00edzen\u00ed kontinuity \u010dinnost\u00ed a \u0159\u00edzen\u00ed rizik organizace.<\/p>\n\n\n\n<p><strong>Kl\u00ed\u010dov\u00e1 slova: <\/strong>\u0159\u00edzen\u00ed kontinuity \u010dinnost\u00ed, kognitivn\u00ed zkreslen\u00ed, kritick\u00e9 my\u0161len\u00ed, omezen\u00e1 racionalita, \u0159\u00edzen\u00ed rizik organizace.<\/p>\n\n\n\n<hr color=\"#9D9D9D\">\n\n\n\n<p><a href=\"https:\/\/veda.polac.cz\/?page_id=5430\">Zp\u011bt<\/a><\/p>\n","protected":false},"excerpt":{"rendered":"<p>Resum\u00e9 \u010dl\u00e1nku Vliv kritick\u00e9ho my\u0161len\u00ed na \u0159\u00edzen\u00ed \u010dinnost\u00ed Ing. Ond\u0159ej Bos, Ph.D., Policejn\u00ed akademie \u010cR v&nbsp;Praze, Fakulta bezpe\u010dnostn\u00edho managementu PA \u010cR v&nbsp;Praze, katedra krizov\u00e9ho \u0159\u00edzen\u00ed V&nbsp;p\u0159\u00edsp\u011bvku se autor v\u011bnuje t\u00e9matu vlivu kritick\u00e9ho my\u0161len\u00ed na \u00farove\u0148 \u0159\u00edzen\u00ed kontinuity \u010dinnost\u00ed v&nbsp;organizaci. Kritick\u00e9 my\u0161len\u00ed je p\u0159edstaveno jako metoda pro sn\u00ed\u017een\u00ed dopad\u016f zp\u016fsoben\u00fdch my\u0161lenkov\u00fdm zkreslen\u00edm. V&nbsp;kontextu \u0159\u00edzen\u00ed kontinuity \u010dinnost\u00ed [&hellip;]<\/p>\n","protected":false},"author":6,"featured_media":0,"parent":0,"menu_order":0,"comment_status":"closed","ping_status":"closed","template":"","meta":{"footnotes":""},"class_list":["post-5487","page","type-page","status-publish","hentry"],"_links":{"self":[{"href":"https:\/\/veda.polac.cz\/index.php?rest_route=\/wp\/v2\/pages\/5487","targetHints":{"allow":["GET"]}}],"collection":[{"href":"https:\/\/veda.polac.cz\/index.php?rest_route=\/wp\/v2\/pages"}],"about":[{"href":"https:\/\/veda.polac.cz\/index.php?rest_route=\/wp\/v2\/types\/page"}],"author":[{"embeddable":true,"href":"https:\/\/veda.polac.cz\/index.php?rest_route=\/wp\/v2\/users\/6"}],"replies":[{"embeddable":true,"href":"https:\/\/veda.polac.cz\/index.php?rest_route=%2Fwp%2Fv2%2Fcomments&post=5487"}],"version-history":[{"count":2,"href":"https:\/\/veda.polac.cz\/index.php?rest_route=\/wp\/v2\/pages\/5487\/revisions"}],"predecessor-version":[{"id":5497,"href":"https:\/\/veda.polac.cz\/index.php?rest_route=\/wp\/v2\/pages\/5487\/revisions\/5497"}],"wp:attachment":[{"href":"https:\/\/veda.polac.cz\/index.php?rest_route=%2Fwp%2Fv2%2Fmedia&parent=5487"}],"curies":[{"name":"wp","href":"https:\/\/api.w.org\/{rel}","templated":true}]}}