{"id":5484,"date":"2019-10-29T14:01:35","date_gmt":"2019-10-29T14:01:35","guid":{"rendered":"http:\/\/veda.polac.cz\/?page_id=5484"},"modified":"2019-11-14T13:55:39","modified_gmt":"2019-11-14T13:55:39","slug":"5484-2","status":"publish","type":"page","link":"https:\/\/veda.polac.cz\/?page_id=5484","title":{"rendered":"<!--01\/19 Resum\u00e9 Pr\u00e1vn\u00ed aspekty komunikace v r\u00e1mci \u0159\u00edzen\u00ed ve v\u011bcech slu\u017eebn\u00edho pom\u011bru p\u0159\u00edslu\u0161n\u00edk\u016f bezpe\u010dnostn\u00edch sbor\u016f v kontextu soudn\u00ed judikatury-->"},"content":{"rendered":"\n<p style=\"text-align:center\">Resum\u00e9 \u010dl\u00e1nku<\/p>\n\n\n\n<p><strong>Pr\u00e1vn\u00ed aspekty komunikace v&nbsp;r\u00e1mci \u0159\u00edzen\u00ed ve v\u011bcech slu\u017eebn\u00edho pom\u011bru p\u0159\u00edslu\u0161n\u00edk\u016f bezpe\u010dnostn\u00edch sbor\u016f v&nbsp;kontextu soudn\u00ed judikatury<\/strong><\/p>\n\n\n\n<p><em>doc. JUDr. et PhDr. Zden\u011bk Fiala, Ph.D.,\nPolicejn\u00ed akademie \u010cR v&nbsp;Praze, Fakulta bezpe\u010dnostn\u00edho managementu, katedra\nve\u0159ejn\u00e9 spr\u00e1vy<\/em><\/p>\n\n\n\n<p>P\u0159\u00edsp\u011bvek\npodrobn\u011b analyzuje pr\u00e1vn\u00ed aspekty vz\u00e1jemn\u00e9 komunikace mezi slu\u017eebn\u00edm\nfunkcion\u00e1\u0159em a \u00fa\u010dastn\u00edky \u0159\u00edzen\u00ed ve v\u011bcech slu\u017eebn\u00edho pom\u011bru, pop\u0159. jin\u00fdmi na\nn\u011bm z\u00fa\u010dastn\u011bn\u00fdmi osobami. \u0158e\u0161ena je problematika pod\u00e1n\u00ed, doru\u010dov\u00e1n\u00ed, veden\u00ed\nspisu a&nbsp;nahl\u00ed\u017een\u00ed do spisu, a to jak z&nbsp;pohledu pr\u00e1vn\u00ed \u00fapravy, v\u010detn\u011b\np\u0159edpis\u016f souvisej\u00edc\u00edch, jako\u017e i soudn\u00ed judikatury.<\/p>\n\n\n\n<p><strong>Kl\u00ed\u010dov\u00e1 slova:<\/strong> pod\u00e1n\u00ed, doru\u010dov\u00e1n\u00ed, spis, nahl\u00ed\u017een\u00ed do spisu, \u0159\u00edzen\u00ed ve v\u011bcech slu\u017eebn\u00edho pom\u011bru.<\/p>\n\n\n\n<hr color=\"#9D9D9D\">\n\n\n\n<p><a href=\"https:\/\/veda.polac.cz\/?page_id=5430\">Zp\u011bt<\/a><\/p>\n","protected":false},"excerpt":{"rendered":"<p>Resum\u00e9 \u010dl\u00e1nku Pr\u00e1vn\u00ed aspekty komunikace v&nbsp;r\u00e1mci \u0159\u00edzen\u00ed ve v\u011bcech slu\u017eebn\u00edho pom\u011bru p\u0159\u00edslu\u0161n\u00edk\u016f bezpe\u010dnostn\u00edch sbor\u016f v&nbsp;kontextu soudn\u00ed judikatury doc. JUDr. et PhDr. Zden\u011bk Fiala, Ph.D., Policejn\u00ed akademie \u010cR v&nbsp;Praze, Fakulta bezpe\u010dnostn\u00edho managementu, katedra ve\u0159ejn\u00e9 spr\u00e1vy P\u0159\u00edsp\u011bvek podrobn\u011b analyzuje pr\u00e1vn\u00ed aspekty vz\u00e1jemn\u00e9 komunikace mezi slu\u017eebn\u00edm funkcion\u00e1\u0159em a \u00fa\u010dastn\u00edky \u0159\u00edzen\u00ed ve v\u011bcech slu\u017eebn\u00edho pom\u011bru, pop\u0159. jin\u00fdmi na n\u011bm [&hellip;]<\/p>\n","protected":false},"author":6,"featured_media":0,"parent":0,"menu_order":0,"comment_status":"closed","ping_status":"closed","template":"","meta":{"footnotes":""},"class_list":["post-5484","page","type-page","status-publish","hentry"],"_links":{"self":[{"href":"https:\/\/veda.polac.cz\/index.php?rest_route=\/wp\/v2\/pages\/5484","targetHints":{"allow":["GET"]}}],"collection":[{"href":"https:\/\/veda.polac.cz\/index.php?rest_route=\/wp\/v2\/pages"}],"about":[{"href":"https:\/\/veda.polac.cz\/index.php?rest_route=\/wp\/v2\/types\/page"}],"author":[{"embeddable":true,"href":"https:\/\/veda.polac.cz\/index.php?rest_route=\/wp\/v2\/users\/6"}],"replies":[{"embeddable":true,"href":"https:\/\/veda.polac.cz\/index.php?rest_route=%2Fwp%2Fv2%2Fcomments&post=5484"}],"version-history":[{"count":2,"href":"https:\/\/veda.polac.cz\/index.php?rest_route=\/wp\/v2\/pages\/5484\/revisions"}],"predecessor-version":[{"id":5500,"href":"https:\/\/veda.polac.cz\/index.php?rest_route=\/wp\/v2\/pages\/5484\/revisions\/5500"}],"wp:attachment":[{"href":"https:\/\/veda.polac.cz\/index.php?rest_route=%2Fwp%2Fv2%2Fmedia&parent=5484"}],"curies":[{"name":"wp","href":"https:\/\/api.w.org\/{rel}","templated":true}]}}