{"id":5482,"date":"2019-10-29T13:56:20","date_gmt":"2019-10-29T13:56:20","guid":{"rendered":"http:\/\/veda.polac.cz\/?page_id=5482"},"modified":"2019-11-14T13:57:07","modified_gmt":"2019-11-14T13:57:07","slug":"5482-2","status":"publish","type":"page","link":"https:\/\/veda.polac.cz\/?page_id=5482","title":{"rendered":"<!--01\/19 Resum\u00e9 Trestn\u011bpr\u00e1vn\u00ed vymezen\u00ed trestn\u00e9ho \u010dinu pojistn\u00e9ho podvodu-->"},"content":{"rendered":"\n<p style=\"text-align:center\">Resum\u00e9 \u010dl\u00e1nku<\/p>\n\n\n\n<p><strong>Trestn\u011bpr\u00e1vn\u00ed vymezen\u00ed trestn\u00e9ho \u010dinu pojistn\u00e9ho podvodu<\/strong><\/p>\n\n\n\n<p><em>Mgr. Martin Vysko\u010dil,\nPolicejn\u00ed akademie \u010cesk\u00e9 republiky v&nbsp;Praze, student doktorsk\u00e9ho studia<\/em><\/p>\n\n\n\n<p>P\u0159\u00edsp\u011bvek je zam\u011b\u0159en na zpracov\u00e1n\u00ed\nz\u00e1kladn\u00edho trestn\u011bpr\u00e1vn\u00edho vymezen\u00ed k&nbsp;trestn\u00e9mu \u010dinu pojistn\u00e9ho podvodu a\nposouzen\u00ed, zda je aktu\u00e1ln\u00ed trestn\u011bpr\u00e1vn\u00ed \u00faprava trestn\u00e9ho \u010dinu pojistn\u00e9ho\npodvodu, ve vztahu k&nbsp;\u010dinnosti org\u00e1n\u016f \u010dinn\u00fdch v&nbsp;trestn\u00edm \u0159\u00edzen\u00ed,\ndostate\u010dn\u00e1.<\/p>\n\n\n\n<p>Prvn\u00ed \u010d\u00e1st p\u0159\u00edsp\u011bvku obsahuje rozbor\nskutkov\u00e9 podstaty trestn\u00e9ho \u010dinu pojistn\u00e9ho podvodu v\u010d. komparace s jeho\np\u0159edchoz\u00ed pr\u00e1vn\u00ed \u00fapravou. Druh\u00e1 \u010d\u00e1st se v\u011bnuje problematice trestn\u011bpr\u00e1vn\u00ed\nodpov\u011bdnosti fyzick\u00fdch osob a&nbsp;pr\u00e1vnick\u00fdch osob. T\u0159et\u00ed \u010d\u00e1st \u010dl\u00e1nku je\nzam\u011b\u0159ena na legislativn\u00ed vymezen\u00ed po\u0161kozen\u00e9 pr\u00e1vnick\u00e9 osoby.<\/p>\n\n\n\n<p><strong>Kl\u00ed\u010dov\u00e1 slova:<\/strong> trestn\u00fd \u010din, pojistn\u00fd podvod, skutkov\u00e1 podstata trestn\u00e9ho \u010dinu, trestn\u011bpr\u00e1vn\u00ed odpov\u011bdnost, trestn\u011bpr\u00e1vn\u00ed odpov\u011bdnost pr\u00e1vnick\u00e9 osoby, po\u0161kozen\u00e1 pr\u00e1vnick\u00e1 osoba, poji\u0161t\u011bn\u00ed.<\/p>\n\n\n\n<hr color=\"#9D9D9D\">\n\n\n\n<p><a href=\"https:\/\/veda.polac.cz\/?page_id=5430\">Zp\u011bt<\/a><\/p>\n","protected":false},"excerpt":{"rendered":"<p>Resum\u00e9 \u010dl\u00e1nku Trestn\u011bpr\u00e1vn\u00ed vymezen\u00ed trestn\u00e9ho \u010dinu pojistn\u00e9ho podvodu Mgr. Martin Vysko\u010dil, Policejn\u00ed akademie \u010cesk\u00e9 republiky v&nbsp;Praze, student doktorsk\u00e9ho studia P\u0159\u00edsp\u011bvek je zam\u011b\u0159en na zpracov\u00e1n\u00ed z\u00e1kladn\u00edho trestn\u011bpr\u00e1vn\u00edho vymezen\u00ed k&nbsp;trestn\u00e9mu \u010dinu pojistn\u00e9ho podvodu a posouzen\u00ed, zda je aktu\u00e1ln\u00ed trestn\u011bpr\u00e1vn\u00ed \u00faprava trestn\u00e9ho \u010dinu pojistn\u00e9ho podvodu, ve vztahu k&nbsp;\u010dinnosti org\u00e1n\u016f \u010dinn\u00fdch v&nbsp;trestn\u00edm \u0159\u00edzen\u00ed, dostate\u010dn\u00e1. Prvn\u00ed \u010d\u00e1st p\u0159\u00edsp\u011bvku obsahuje rozbor [&hellip;]<\/p>\n","protected":false},"author":6,"featured_media":0,"parent":0,"menu_order":0,"comment_status":"closed","ping_status":"closed","template":"","meta":{"footnotes":""},"class_list":["post-5482","page","type-page","status-publish","hentry"],"_links":{"self":[{"href":"https:\/\/veda.polac.cz\/index.php?rest_route=\/wp\/v2\/pages\/5482","targetHints":{"allow":["GET"]}}],"collection":[{"href":"https:\/\/veda.polac.cz\/index.php?rest_route=\/wp\/v2\/pages"}],"about":[{"href":"https:\/\/veda.polac.cz\/index.php?rest_route=\/wp\/v2\/types\/page"}],"author":[{"embeddable":true,"href":"https:\/\/veda.polac.cz\/index.php?rest_route=\/wp\/v2\/users\/6"}],"replies":[{"embeddable":true,"href":"https:\/\/veda.polac.cz\/index.php?rest_route=%2Fwp%2Fv2%2Fcomments&post=5482"}],"version-history":[{"count":2,"href":"https:\/\/veda.polac.cz\/index.php?rest_route=\/wp\/v2\/pages\/5482\/revisions"}],"predecessor-version":[{"id":5501,"href":"https:\/\/veda.polac.cz\/index.php?rest_route=\/wp\/v2\/pages\/5482\/revisions\/5501"}],"wp:attachment":[{"href":"https:\/\/veda.polac.cz\/index.php?rest_route=%2Fwp%2Fv2%2Fmedia&parent=5482"}],"curies":[{"name":"wp","href":"https:\/\/api.w.org\/{rel}","templated":true}]}}