{"id":5478,"date":"2019-10-29T13:50:11","date_gmt":"2019-10-29T13:50:11","guid":{"rendered":"http:\/\/veda.polac.cz\/?page_id=5478"},"modified":"2019-11-14T13:58:08","modified_gmt":"2019-11-14T13:58:08","slug":"5478-2","status":"publish","type":"page","link":"https:\/\/veda.polac.cz\/?page_id=5478","title":{"rendered":"<!--01\/19 Resum\u00e9 Jak psychologick\u00e9 p\u0159edsudky ovliv\u0148uj\u00ed anal\u00fdzu informac\u00ed zpravodajsk\u00fdch slu\u017eeb-->"},"content":{"rendered":"\n<p style=\"text-align:center\">Resum\u00e9 \u010dl\u00e1nku<\/p>\n\n\n\n<p><strong>Jak psychologick\u00e9 p\u0159edsudky ovliv\u0148uj\u00ed anal\u00fdzu informac\u00ed zpravodajsk\u00fdch slu\u017eeb<\/strong><\/p>\n\n\n\n<p><em>Alp Cenk\nArslan, <\/em><em>Turkish National Police Academy, Graduate\nStudent of Intelligence Studies<\/em><em><\/em><\/p>\n\n\n\n<p>Selh\u00e1n\u00ed\nzpravodajsk\u00fdch slu\u017eeb ve 20. a 21. stolet\u00ed kladou d\u016fraz na po\u017eadavek\nvyhodnocov\u00e1n\u00ed vlivu psychologick\u00fdch p\u0159edsudk\u016f na anal\u00fdzu zpravodajsk\u00fdch\ninformac\u00ed. C\u00edlem t\u00e9to studie je poskytnout prostor pro diskusi o tom, jak\npsychologick\u00e9 p\u0159edsudky ovliv\u0148uj\u00ed anal\u00fdzu informac\u00ed z\u00edskan\u00fdch zpravodajskou\ncestou. V souladu s&nbsp;t\u00edmto je p\u0159edkl\u00e1d\u00e1na koncep\u010dn\u00ed diskuse o n\u00e1zorech na\nanal\u00fdzu a psychologickou p\u0159edpojatost. P\u0159edsudky, kter\u00e9 by mohly m\u00edt dopad na\nzpravodajskou anal\u00fdzu jsou v&nbsp;t\u00e9to studii definov\u00e1ny. Studie se zam\u011b\u0159uje na\npochopen\u00ed t\u00e9matu \u010dl\u00e1nku analyzov\u00e1n\u00edm v\u00fdznamn\u00fdch zdroj\u016f a ofici\u00e1ln\u00edch zpr\u00e1v v\nliteratu\u0159e. Jako p\u0159\u00edpadov\u00e9 studie jsou vybr\u00e1ny p\u0159\u00edklady selh\u00e1n\u00ed Spojen\u00e9ho\nkr\u00e1lovstv\u00ed p\u0159i p\u0159edv\u00edd\u00e1n\u00ed Falklandsk\u00e9 krize v 80. letech minul\u00e9ho stolet\u00ed a\nchybn\u00e1 zpravodajsk\u00e1 anal\u00fdza t\u00fdkaj\u00edc\u00ed se zbran\u00ed hromadn\u00e9ho ni\u010den\u00ed v \u00cdr\u00e1ku na\nza\u010d\u00e1tku 21.stolet\u00ed, aby bylo mo\u017eno diskutovat o tom, jak psychologick\u00e9\np\u0159edsudky ovlivnily zpravodajskou anal\u00fdzu a n\u00e1sledn\u011b zp\u016fsobily selh\u00e1n\u00ed\nzpravodajsk\u00fdch slu\u017eeb. Na z\u00e1v\u011br jsou p\u0159edlo\u017eena doporu\u010den\u00ed, jak p\u0159ekonat dopad\npsychologick\u00fdch p\u0159edsudk\u016f ve zpravodajsk\u00e9 anal\u00fdze.<\/p>\n\n\n\n<p><strong>Kl\u00ed\u010dov\u00e1 slova: <\/strong>zpravodajsk\u00e1 anal\u00fdza, psychologick\u00fd p\u0159edsudek, krize na Falklandech,\nzbran\u011b hromadn\u00e9ho ni\u010den\u00ed.<\/p>\n\n\n\n<hr color=\"#9D9D9D\">\n\n\n\n<p><a href=\"https:\/\/veda.polac.cz\/?page_id=5430\">Zp\u011bt<\/a><\/p>\n","protected":false},"excerpt":{"rendered":"<p>Resum\u00e9 \u010dl\u00e1nku Jak psychologick\u00e9 p\u0159edsudky ovliv\u0148uj\u00ed anal\u00fdzu informac\u00ed zpravodajsk\u00fdch slu\u017eeb Alp Cenk Arslan, Turkish National Police Academy, Graduate Student of Intelligence Studies Selh\u00e1n\u00ed zpravodajsk\u00fdch slu\u017eeb ve 20. a 21. stolet\u00ed kladou d\u016fraz na po\u017eadavek vyhodnocov\u00e1n\u00ed vlivu psychologick\u00fdch p\u0159edsudk\u016f na anal\u00fdzu zpravodajsk\u00fdch informac\u00ed. C\u00edlem t\u00e9to studie je poskytnout prostor pro diskusi o tom, jak psychologick\u00e9 p\u0159edsudky [&hellip;]<\/p>\n","protected":false},"author":6,"featured_media":0,"parent":0,"menu_order":0,"comment_status":"closed","ping_status":"closed","template":"","meta":{"footnotes":""},"class_list":["post-5478","page","type-page","status-publish","hentry"],"_links":{"self":[{"href":"https:\/\/veda.polac.cz\/index.php?rest_route=\/wp\/v2\/pages\/5478","targetHints":{"allow":["GET"]}}],"collection":[{"href":"https:\/\/veda.polac.cz\/index.php?rest_route=\/wp\/v2\/pages"}],"about":[{"href":"https:\/\/veda.polac.cz\/index.php?rest_route=\/wp\/v2\/types\/page"}],"author":[{"embeddable":true,"href":"https:\/\/veda.polac.cz\/index.php?rest_route=\/wp\/v2\/users\/6"}],"replies":[{"embeddable":true,"href":"https:\/\/veda.polac.cz\/index.php?rest_route=%2Fwp%2Fv2%2Fcomments&post=5478"}],"version-history":[{"count":3,"href":"https:\/\/veda.polac.cz\/index.php?rest_route=\/wp\/v2\/pages\/5478\/revisions"}],"predecessor-version":[{"id":5502,"href":"https:\/\/veda.polac.cz\/index.php?rest_route=\/wp\/v2\/pages\/5478\/revisions\/5502"}],"wp:attachment":[{"href":"https:\/\/veda.polac.cz\/index.php?rest_route=%2Fwp%2Fv2%2Fmedia&parent=5478"}],"curies":[{"name":"wp","href":"https:\/\/api.w.org\/{rel}","templated":true}]}}