{"id":5475,"date":"2019-10-29T13:43:34","date_gmt":"2019-10-29T13:43:34","guid":{"rendered":"http:\/\/veda.polac.cz\/?page_id=5475"},"modified":"2019-11-14T14:02:34","modified_gmt":"2019-11-14T14:02:34","slug":"5475-2","status":"publish","type":"page","link":"https:\/\/veda.polac.cz\/?page_id=5475","title":{"rendered":"<!--01\/19 Resum\u00e9 Historick\u00fd pohled na trestn\u011bpr\u00e1vn\u00ed odpov\u011bdnost osob vykon\u00e1vaj\u00edc\u00edch policejn\u00ed pravomoc-->"},"content":{"rendered":"\n<p style=\"text-align:center\">Resum\u00e9 \u010dl\u00e1nku<\/p>\n\n\n\n<p><strong>Historick\u00fd pohled na trestn\u011bpr\u00e1vn\u00ed odpov\u011bdnost osob vykon\u00e1vaj\u00edc\u00edch policejn\u00ed pravomoc<\/strong><\/p>\n\n\n\n<p><em>pplk. Mgr. Bc. Kate\u0159ina Hlav\u00e1\u010dov\u00e1, LL.M., Policejn\u00ed prezidium \u010cR, odbor vnit\u0159n\u00ed kontroly<\/em><\/p>\n\n\n\n<p><em>plk. Mgr. et Mgr. Miroslav \u0160teinbach, Policejn\u00ed prezidium \u010cR, vedouc\u00ed, analyticko-legislativn\u00ed odbor<\/em><\/p>\n\n\n\n<p>C\u00edlem\np\u0159\u00edsp\u011bvku je zachytit kontinuitu v\u00fdvoje trestn\u011bpr\u00e1vn\u00ed odpov\u011bdnosti osob\nvykon\u00e1vaj\u00edc\u00ed policejn\u00ed \u010dinnosti za jedn\u00e1n\u00ed souvisej\u00edc\u00ed s&nbsp;v\u00fdkonem\npravomoc\u00ed. Z\u00e1kladn\u00ed hypot\u00e9zou je skute\u010dnost, \u017ee trestn\u011bpr\u00e1vn\u00ed odpov\u011bdnost\nt\u011bchto osob m\u00e1 roz\u0161i\u0159uj\u00edc\u00ed tendence, p\u0159i\u010dem\u017e \u00fa\u010delem tohoto p\u0159ehledov\u00e9ho \u010dl\u00e1nku\nje zachytit, jak se trestn\u00ed odpov\u011bdnost \u00fa\u0159edn\u00edch osob vykon\u00e1vaj\u00edc\u00edch policejn\u00ed\npravomoci m\u011bnila v&nbsp;pr\u016fb\u011bhu jednotliv\u00fdch historick\u00fdch obdob\u00ed v zem\u00edch\nKoruny \u010desk\u00e9.<\/p>\n\n\n\n<p><strong>Kl\u00ed\u010dov\u00e1 slova:<\/strong> trestn\u00ed odpov\u011bdnost \u00fa\u0159edn\u00edch osob, zneu\u017eit\u00ed pravomoci \u00fa\u0159edn\u00ed osoby, mu\u010den\u00ed a jin\u00e9 nelidsk\u00e9 a krut\u00e9 zach\u00e1zen\u00ed, korupce.<\/p>\n\n\n\n<hr color=\"#9D9D9D\">\n\n\n\n<p><a href=\"https:\/\/veda.polac.cz\/?page_id=5430\">Zp\u011bt<\/a><\/p>\n","protected":false},"excerpt":{"rendered":"<p>Resum\u00e9 \u010dl\u00e1nku Historick\u00fd pohled na trestn\u011bpr\u00e1vn\u00ed odpov\u011bdnost osob vykon\u00e1vaj\u00edc\u00edch policejn\u00ed pravomoc pplk. Mgr. Bc. Kate\u0159ina Hlav\u00e1\u010dov\u00e1, LL.M., Policejn\u00ed prezidium \u010cR, odbor vnit\u0159n\u00ed kontroly plk. Mgr. et Mgr. Miroslav \u0160teinbach, Policejn\u00ed prezidium \u010cR, vedouc\u00ed, analyticko-legislativn\u00ed odbor C\u00edlem p\u0159\u00edsp\u011bvku je zachytit kontinuitu v\u00fdvoje trestn\u011bpr\u00e1vn\u00ed odpov\u011bdnosti osob vykon\u00e1vaj\u00edc\u00ed policejn\u00ed \u010dinnosti za jedn\u00e1n\u00ed souvisej\u00edc\u00ed s&nbsp;v\u00fdkonem pravomoc\u00ed. Z\u00e1kladn\u00ed hypot\u00e9zou je [&hellip;]<\/p>\n","protected":false},"author":6,"featured_media":0,"parent":0,"menu_order":0,"comment_status":"closed","ping_status":"closed","template":"","meta":{"footnotes":""},"class_list":["post-5475","page","type-page","status-publish","hentry"],"_links":{"self":[{"href":"https:\/\/veda.polac.cz\/index.php?rest_route=\/wp\/v2\/pages\/5475","targetHints":{"allow":["GET"]}}],"collection":[{"href":"https:\/\/veda.polac.cz\/index.php?rest_route=\/wp\/v2\/pages"}],"about":[{"href":"https:\/\/veda.polac.cz\/index.php?rest_route=\/wp\/v2\/types\/page"}],"author":[{"embeddable":true,"href":"https:\/\/veda.polac.cz\/index.php?rest_route=\/wp\/v2\/users\/6"}],"replies":[{"embeddable":true,"href":"https:\/\/veda.polac.cz\/index.php?rest_route=%2Fwp%2Fv2%2Fcomments&post=5475"}],"version-history":[{"count":2,"href":"https:\/\/veda.polac.cz\/index.php?rest_route=\/wp\/v2\/pages\/5475\/revisions"}],"predecessor-version":[{"id":5503,"href":"https:\/\/veda.polac.cz\/index.php?rest_route=\/wp\/v2\/pages\/5475\/revisions\/5503"}],"wp:attachment":[{"href":"https:\/\/veda.polac.cz\/index.php?rest_route=%2Fwp%2Fv2%2Fmedia&parent=5475"}],"curies":[{"name":"wp","href":"https:\/\/api.w.org\/{rel}","templated":true}]}}