{"id":5466,"date":"2019-10-21T12:57:58","date_gmt":"2019-10-21T12:57:58","guid":{"rendered":"http:\/\/veda.polac.cz\/?page_id=5466"},"modified":"2019-11-14T14:11:13","modified_gmt":"2019-11-14T14:11:13","slug":"5466-2","status":"publish","type":"page","link":"https:\/\/veda.polac.cz\/?page_id=5466","title":{"rendered":"<!--01\/19 Resum\u00e9 Aktu\u00e1ln\u00ed (sporn\u00e9) procesn\u011b-pr\u00e1vn\u00ed ot\u00e1zky \u0159\u00edzen\u00ed o p\u0159estupc\u00edch p\u0159\u00edslu\u0161n\u00edk\u016f bezpe\u010dnostn\u00edch sbor\u016f-->"},"content":{"rendered":"\n<p style=\"text-align:center\"> Resum\u00e9 \u010dl\u00e1nku <\/p>\n\n\n\n<p><strong>Aktu\u00e1ln\u00ed (sporn\u00e9) procesn\u011b-pr\u00e1vn\u00ed ot\u00e1zky \u0159\u00edzen\u00ed o&nbsp;p\u0159estupc\u00edch p\u0159\u00edslu\u0161n\u00edk\u016f bezpe\u010dnostn\u00edch sbor\u016f<\/strong><\/p>\n\n\n\n<p>doc. JUDr. et PhDr. Zden\u011bk Fiala, Ph.D., Fakulta bezpe\u010dnostn\u00edho managementu PA \u010cR v&nbsp;Praze, katedra ve\u0159ejn\u00e9 spr\u00e1vy<\/p>\n\n\n\n<p>P\u0159\u00edsp\u011bvek\nv prvn\u00ed \u010d\u00e1sti pojedn\u00e1v\u00e1 o povaze a charakteru k\u00e1ze\u0148sk\u00e9ho \u0159\u00edzen\u00ed. Zm\u00edn\u011bny jsou\np\u0159\u00edslu\u0161n\u00e9 pr\u00e1vn\u00ed p\u0159edpisy, kter\u00e9 se p\u0159i projedn\u00e1v\u00e1n\u00ed p\u0159estupk\u016f p\u0159\u00edslu\u0161n\u00edk\u016f\nbezpe\u010dnostn\u00edch sbor\u016f aplikuj\u00ed, a je pouk\u00e1z\u00e1no na jejich vz\u00e1jemn\u00e9 vztahy. V\ndruh\u00e9 \u010d\u00e1sti p\u0159\u00edsp\u011bvku je pozornost v\u011bnov\u00e1na vybran\u00fdm procesn\u00edm ot\u00e1zk\u00e1m, kter\u00e9\np\u0159i projedn\u00e1v\u00e1n\u00ed t\u00e9to specifick\u00e9 kategorie spr\u00e1vn\u00edch delikt\u016f v praxi vyvstaly\nv&nbsp;souvislosti s rekodifikac\u00ed spr\u00e1vn\u00edho trest\u00e1n\u00ed.<\/p>\n\n\n\n<p><strong>Kl\u00ed\u010dov\u00e1 slova:<\/strong> p\u0159estupek, p\u0159\u00edslu\u0161n\u00edk bezpe\u010dnostn\u00edho sboru, k\u00e1ze\u0148sk\u00e9 \u0159\u00edzen\u00ed, procesn\u00ed ot\u00e1zky.<\/p>\n\n\n\n<hr color=\"#9D9D9D\">\n\n\n\n<p><a href=\"https:\/\/veda.polac.cz\/?page_id=5430\">Zp\u011bt<\/a><\/p>\n","protected":false},"excerpt":{"rendered":"<p>Resum\u00e9 \u010dl\u00e1nku Aktu\u00e1ln\u00ed (sporn\u00e9) procesn\u011b-pr\u00e1vn\u00ed ot\u00e1zky \u0159\u00edzen\u00ed o&nbsp;p\u0159estupc\u00edch p\u0159\u00edslu\u0161n\u00edk\u016f bezpe\u010dnostn\u00edch sbor\u016f doc. JUDr. et PhDr. Zden\u011bk Fiala, Ph.D., Fakulta bezpe\u010dnostn\u00edho managementu PA \u010cR v&nbsp;Praze, katedra ve\u0159ejn\u00e9 spr\u00e1vy P\u0159\u00edsp\u011bvek v prvn\u00ed \u010d\u00e1sti pojedn\u00e1v\u00e1 o povaze a charakteru k\u00e1ze\u0148sk\u00e9ho \u0159\u00edzen\u00ed. Zm\u00edn\u011bny jsou p\u0159\u00edslu\u0161n\u00e9 pr\u00e1vn\u00ed p\u0159edpisy, kter\u00e9 se p\u0159i projedn\u00e1v\u00e1n\u00ed p\u0159estupk\u016f p\u0159\u00edslu\u0161n\u00edk\u016f bezpe\u010dnostn\u00edch sbor\u016f aplikuj\u00ed, a je pouk\u00e1z\u00e1no [&hellip;]<\/p>\n","protected":false},"author":6,"featured_media":0,"parent":0,"menu_order":0,"comment_status":"closed","ping_status":"closed","template":"","meta":{"footnotes":""},"class_list":["post-5466","page","type-page","status-publish","hentry"],"_links":{"self":[{"href":"https:\/\/veda.polac.cz\/index.php?rest_route=\/wp\/v2\/pages\/5466","targetHints":{"allow":["GET"]}}],"collection":[{"href":"https:\/\/veda.polac.cz\/index.php?rest_route=\/wp\/v2\/pages"}],"about":[{"href":"https:\/\/veda.polac.cz\/index.php?rest_route=\/wp\/v2\/types\/page"}],"author":[{"embeddable":true,"href":"https:\/\/veda.polac.cz\/index.php?rest_route=\/wp\/v2\/users\/6"}],"replies":[{"embeddable":true,"href":"https:\/\/veda.polac.cz\/index.php?rest_route=%2Fwp%2Fv2%2Fcomments&post=5466"}],"version-history":[{"count":4,"href":"https:\/\/veda.polac.cz\/index.php?rest_route=\/wp\/v2\/pages\/5466\/revisions"}],"predecessor-version":[{"id":5504,"href":"https:\/\/veda.polac.cz\/index.php?rest_route=\/wp\/v2\/pages\/5466\/revisions\/5504"}],"wp:attachment":[{"href":"https:\/\/veda.polac.cz\/index.php?rest_route=%2Fwp%2Fv2%2Fmedia&parent=5466"}],"curies":[{"name":"wp","href":"https:\/\/api.w.org\/{rel}","templated":true}]}}