{"id":5430,"date":"2019-10-18T08:52:23","date_gmt":"2019-10-18T08:52:23","guid":{"rendered":"http:\/\/veda.polac.cz\/?page_id=5430"},"modified":"2020-01-22T13:23:14","modified_gmt":"2020-01-22T13:23:14","slug":"01-2019","status":"publish","type":"page","link":"https:\/\/veda.polac.cz\/?page_id=5430","title":{"rendered":"01\/2019"},"content":{"rendered":"\n\n<p><strong><a href=\"https:\/\/veda.polac.cz\/?page_id=5437\" data-rich-text-format-boundary=\"true\">Pr\u00e1vo na bezpe\u010dnost v\u00a0judikatu\u0159e Soudn\u00edho dvora Evropsk\u00e9 unie<\/a><\/strong> <br data-rich-text-line-break=\"true\" \/>doc. Dr. iur. Harald Christian Scheu, Mag. phil., Ph.D. Univerzita Karlova, Pr\u00e1vnick\u00e1 fakulta <br data-rich-text-line-break=\"true\" \/><br data-rich-text-line-break=\"true\" \/><a href=\"https:\/\/veda.polac.cz\/wp-content\/uploads\/2019\/10\/Pr\u00e1vo-na-bezpe\u010dnost-v-judikatu\u0159e-Soudn\u00edho-dvora-Evropsk\u00e9-unie.pdf\" target=\"_blank\" rel=\"noreferrer noopener\" aria-label=\" (otev\u0159e se na nov\u00e9 z\u00e1lo\u017ece)\">pdf form\u00e1t<\/a><\/p>\n<hr \/>\n<p><strong><a href=\"https:\/\/veda.polac.cz\/?page_id=5466\" data-rich-text-format-boundary=\"true\">Aktu\u00e1ln\u00ed (sporn\u00e9) procesn\u011b-pr\u00e1vn\u00ed ot\u00e1zky \u0159\u00edzen\u00ed o\u00a0p\u0159estupc\u00edch p\u0159\u00edslu\u0161n\u00edk\u016f bezpe\u010dnostn\u00edch sbor\u016f<\/a><br data-rich-text-line-break=\"true\" \/><\/strong>doc. JUDr. et PhDr. Zden\u011bk Fiala, Ph.D., Policejn\u00ed akademie \u010cR v\u00a0Praze, Fakulta bezpe\u010dnostn\u00edho managementu, katedra ve\u0159ejn\u00e9 spr\u00e1vy <br data-rich-text-line-break=\"true\" \/><br data-rich-text-line-break=\"true\" \/><a href=\"https:\/\/veda.polac.cz\/wp-content\/uploads\/2019\/10\/Aktu\u00e1ln\u00ed-sporn\u00e9-procesn\u011b-pr\u00e1vn\u00ed-ot\u00e1zky-\u0159\u00edzen\u00ed-o-p\u0159estupc\u00edch-p\u0159\u00edslu\u0161n\u00edk\u016f.pdf\" target=\"_blank\" rel=\"noreferrer noopener\" aria-label=\" (otev\u0159e se na nov\u00e9 z\u00e1lo\u017ece)\">pdf form\u00e1t<\/a><\/p>\n<hr \/>\n<p><strong><a href=\"https:\/\/veda.polac.cz\/?page_id=5475\" data-rich-text-format-boundary=\"true\">Historick\u00fd pohled na trestn\u011bpr\u00e1vn\u00ed odpov\u011bdnost osob vykon\u00e1vaj\u00edc\u00edch policejn\u00ed pravomoc<\/a><br data-rich-text-line-break=\"true\" \/><\/strong>pplk. Mgr. Bc. Kate\u0159ina Hlav\u00e1\u010dov\u00e1, LL.M., Policejn\u00ed prezidium \u010cR, odbor vnit\u0159n\u00ed kontroly plk. Mgr. et Mgr. Miroslav \u0160teinbach, Policejn\u00ed prezidium \u010cR, vedouc\u00ed, analyticko-legislativn\u00ed odbor <br data-rich-text-line-break=\"true\" \/><br data-rich-text-line-break=\"true\" \/><a href=\"https:\/\/veda.polac.cz\/wp-content\/uploads\/2019\/10\/Historick\u00fd-pohled-na-trestn\u011bpr\u00e1vn\u00ed-odpov\u011bdnost-osob-vykon\u00e1vaj\u00edc\u00edch-policejn\u00ed-pravomoc.pdf\" target=\"_blank\" rel=\"noreferrer noopener\" aria-label=\" (otev\u0159e se na nov\u00e9 z\u00e1lo\u017ece)\">pdf form\u00e1t<\/a><\/p>\n<hr \/>\n<p><strong><a href=\"https:\/\/veda.polac.cz\/?page_id=5478\" data-rich-text-format-boundary=\"true\">How Psychological Biases Affect Intelligence Analysis<\/a><br data-rich-text-line-break=\"true\" \/><\/strong>Alp Cenk Arslan, Turkish National Police Academy, Graduate Student of Intelligence Studies <br data-rich-text-line-break=\"true\" \/><br data-rich-text-line-break=\"true\" \/><a href=\"https:\/\/veda.polac.cz\/wp-content\/uploads\/2019\/10\/How-Psychological-Biases-Affect-Intelligence-Analysis.pdf\" target=\"_blank\" rel=\"noreferrer noopener\" aria-label=\" (otev\u0159e se na nov\u00e9 z\u00e1lo\u017ece)\">pdf form\u00e1t<\/a><\/p>\n<hr \/>\n<p><strong><a href=\"https:\/\/veda.polac.cz\/?page_id=5482\" data-rich-text-format-boundary=\"true\">Trestn\u011bpr\u00e1vn\u00ed vymezen\u00ed trestn\u00e9ho \u010dinu pojistn\u00e9ho podvodu<\/a><br data-rich-text-line-break=\"true\" \/><\/strong>Mgr. Martin Vysko\u010dil, Policejn\u00ed akademie \u010cesk\u00e9 republiky v\u00a0Praze student doktorsk\u00e9ho studia <br data-rich-text-line-break=\"true\" \/><br data-rich-text-line-break=\"true\" \/><a href=\"https:\/\/veda.polac.cz\/wp-content\/uploads\/2019\/10\/Trestn\u011bpr\u00e1vn\u00ed-vymezen\u00ed-trestn\u00e9ho-\u010dinu-pojistn\u00e9ho-podvodu.pdf\" target=\"_blank\" rel=\"noreferrer noopener\" aria-label=\" (otev\u0159e se na nov\u00e9 z\u00e1lo\u017ece)\">pdf form\u00e1t<\/a><\/p>\n<hr \/>\n<p><strong><a href=\"https:\/\/veda.polac.cz\/?page_id=5484\" data-rich-text-format-boundary=\"true\">Pr\u00e1vn\u00ed aspekty komunikace v\u00a0r\u00e1mci \u0159\u00edzen\u00ed ve v\u011bcech slu\u017eebn\u00edho pom\u011bru p\u0159\u00edslu\u0161n\u00edk\u016f bezpe\u010dnostn\u00edch sbor\u016f v\u00a0kontextu soudn\u00ed judikatury<\/a><br data-rich-text-line-break=\"true\" \/><\/strong>doc. JUDr. et PhDr. Zden\u011bk Fiala, Ph.D., Policejn\u00ed akademie \u010cR v\u00a0Praze, Fakulta bezpe\u010dnostn\u00edho managementu, katedra ve\u0159ejn\u00e9 spr\u00e1vy <br data-rich-text-line-break=\"true\" \/><br data-rich-text-line-break=\"true\" \/><a href=\"https:\/\/veda.polac.cz\/wp-content\/uploads\/2019\/10\/Pr\u00e1vn\u00ed-aspekty-komunikace-v-r\u00e1mci-\u0159\u00edzen\u00ed-ve-v\u011bcech-slu\u017eebn\u00edho-pom\u011bru.pdf\" target=\"_blank\" rel=\"noreferrer noopener\" aria-label=\" (otev\u0159e se na nov\u00e9 z\u00e1lo\u017ece)\">pdf form\u00e1t<\/a><\/p>\n<hr \/>\n<p><strong><a href=\"https:\/\/veda.polac.cz\/?page_id=5487\" data-rich-text-format-boundary=\"true\">Vliv kritick\u00e9ho my\u0161len\u00ed na \u0159\u00edzen\u00ed \u010dinnost\u00ed<\/a><\/strong><br data-rich-text-line-break=\"true\" \/>Ing. Ond\u0159ej Bos, Ph.D., Policejn\u00ed akademie \u010cR v\u00a0Praze, Fakulta bezpe\u010dnostn\u00edho managementu PA \u010cR v\u00a0Praze, katedra krizov\u00e9ho \u0159\u00edzen\u00ed <br data-rich-text-line-break=\"true\" \/><br data-rich-text-line-break=\"true\" \/><a href=\"https:\/\/veda.polac.cz\/wp-content\/uploads\/2019\/10\/Vliv-kritick\u00e9ho-my\u0161len\u00ed-na-\u0159\u00edzen\u00ed-\u010dinnost\u00ed.pdf\" target=\"_blank\" rel=\"noreferrer noopener\" aria-label=\" (otev\u0159e se na nov\u00e9 z\u00e1lo\u017ece)\">pdf form\u00e1t<\/a><\/p>\n<hr \/>\n<p><strong><a href=\"https:\/\/veda.polac.cz\/?page_id=5489\" data-rich-text-format-boundary=\"true\">Kriminalistick\u00e1 expertiza a spolupr\u00e1ce policisty se\u00a0znalcem u trestn\u00e9ho \u010dinu pojistn\u00e9ho podvodu<\/a><\/strong> <br data-rich-text-line-break=\"true\" \/>Mgr. Martin Vysko\u010dil, Policejn\u00ed akademie \u010cR v\u00a0Praze, student doktorsk\u00e9ho studia<br data-rich-text-line-break=\"true\" \/><br data-rich-text-line-break=\"true\" \/><a href=\"https:\/\/veda.polac.cz\/wp-content\/uploads\/2019\/10\/Kriminalistick\u00e1-expertiza-a-spolupr\u00e1ce-policisty-se-znalcem-u-trestn\u00e9ho-\u010dinu-pojistn\u00e9ho-podvodu.pdf\" target=\"_blank\" rel=\"noreferrer noopener\" aria-label=\" (otev\u0159e se na nov\u00e9 z\u00e1lo\u017ece)\">pdf form\u00e1t<\/a><\/p>\n<hr \/>\n<p><strong><a href=\"https:\/\/veda.polac.cz\/?page_id=5491\" data-rich-text-format-boundary=\"true\">Psychologicko-etick\u00e9 roviny role velitele slo\u017eky integrovan\u00e9ho z\u00e1chrann\u00e9ho syst\u00e9mu<\/a><\/strong> <br data-rich-text-line-break=\"true\" \/>plk. Ing. Old\u0159ich Volf, Ph.D., HZS Karlovarsk\u00e9ho kraje <br data-rich-text-line-break=\"true\" \/>PhDr. et Mgr. Barbora P\u00e1nkov\u00e1, \u00dastav humanitn\u00edch v\u011bd, NEWTON College, a. s., Praha <br data-rich-text-line-break=\"true\" \/>Mgr. Tibor A. Bre\u010dka, MBA, \u00dastav humanitn\u00edch v\u011bd, NEWTON College, a. s., Praha; Psychiatrick\u00e1 klinika, 1. l\u00e9ka\u0159sk\u00e9 fakulty Univerzity Karlova v Praze a V\u0161eobecn\u00e9 fakultn\u00ed nemocnice v Praze, \u010cesk\u00e1 republika <br data-rich-text-line-break=\"true\" \/>Ing. Eva Koz\u00e1kov\u00e1, Univerzita Obrany, Brno, Fakulta vojensk\u00e9ho leadershipu <br data-rich-text-line-break=\"true\" \/><br data-rich-text-line-break=\"true\" \/><a href=\"https:\/\/veda.polac.cz\/wp-content\/uploads\/2019\/10\/Psychologicko-etick\u00e9-roviny-role-velitele-slo\u017eky-integrovan\u00e9ho-z\u00e1chrann\u00e9ho-syst\u00e9mu.pdf\" target=\"_blank\" rel=\"noreferrer noopener\" aria-label=\"pdf form\u00e1t (otev\u0159e se na nov\u00e9 z\u00e1lo\u017ece)\">pdf form\u00e1t<\/a><\/p>\n<hr \/>\n<p>\u00a0<\/p>\n\n\n<p><\/p>\n\n\n\n<p> <\/p>\n\n\n\n<p><\/p>\n","protected":false},"excerpt":{"rendered":"<p>Pr\u00e1vo na bezpe\u010dnost v\u00a0judikatu\u0159e Soudn\u00edho dvora Evropsk\u00e9 unie doc. Dr. iur. Harald Christian Scheu, Mag. phil., Ph.D. Univerzita Karlova, Pr\u00e1vnick\u00e1 fakulta pdf form\u00e1t Aktu\u00e1ln\u00ed (sporn\u00e9) procesn\u011b-pr\u00e1vn\u00ed ot\u00e1zky \u0159\u00edzen\u00ed o\u00a0p\u0159estupc\u00edch p\u0159\u00edslu\u0161n\u00edk\u016f bezpe\u010dnostn\u00edch sbor\u016fdoc. JUDr. et PhDr. Zden\u011bk Fiala, Ph.D., Policejn\u00ed akademie \u010cR v\u00a0Praze, Fakulta bezpe\u010dnostn\u00edho managementu, katedra ve\u0159ejn\u00e9 spr\u00e1vy pdf form\u00e1t Historick\u00fd pohled na trestn\u011bpr\u00e1vn\u00ed odpov\u011bdnost [&hellip;]<\/p>\n","protected":false},"author":6,"featured_media":0,"parent":0,"menu_order":0,"comment_status":"closed","ping_status":"closed","template":"","meta":{"footnotes":""},"class_list":["post-5430","page","type-page","status-publish","hentry"],"_links":{"self":[{"href":"https:\/\/veda.polac.cz\/index.php?rest_route=\/wp\/v2\/pages\/5430","targetHints":{"allow":["GET"]}}],"collection":[{"href":"https:\/\/veda.polac.cz\/index.php?rest_route=\/wp\/v2\/pages"}],"about":[{"href":"https:\/\/veda.polac.cz\/index.php?rest_route=\/wp\/v2\/types\/page"}],"author":[{"embeddable":true,"href":"https:\/\/veda.polac.cz\/index.php?rest_route=\/wp\/v2\/users\/6"}],"replies":[{"embeddable":true,"href":"https:\/\/veda.polac.cz\/index.php?rest_route=%2Fwp%2Fv2%2Fcomments&post=5430"}],"version-history":[{"count":21,"href":"https:\/\/veda.polac.cz\/index.php?rest_route=\/wp\/v2\/pages\/5430\/revisions"}],"predecessor-version":[{"id":5903,"href":"https:\/\/veda.polac.cz\/index.php?rest_route=\/wp\/v2\/pages\/5430\/revisions\/5903"}],"wp:attachment":[{"href":"https:\/\/veda.polac.cz\/index.php?rest_route=%2Fwp%2Fv2%2Fmedia&parent=5430"}],"curies":[{"name":"wp","href":"https:\/\/api.w.org\/{rel}","templated":true}]}}