{"id":539,"date":"2018-09-13T17:28:38","date_gmt":"2018-09-13T17:28:38","guid":{"rendered":"http:\/\/veda.polac.cz\/?page_id=539"},"modified":"2018-10-27T18:52:47","modified_gmt":"2018-10-27T18:52:47","slug":"3-2","status":"publish","type":"page","link":"https:\/\/veda.polac.cz\/?page_id=539","title":{"rendered":""},"content":{"rendered":"<p style=\"text-align: center;\">Resum\u00e9 \u010dl\u00e1nku<\/p>\n<p><strong>Priority v oblasti &#8222;vnit\u0159n\u00ed bezpe\u010dnosti&#8220; a ochrany obyvatelstva v programech sou\u010dasn\u00fdch parlamentn\u00edch politick\u00fdch stran v \u010cesk\u00e9 republice<\/strong><br \/>\n<i>Mgr. Old\u0159ich Krul\u00edk, Ph.D., Fakulta bezpe\u010dnostn\u00edho managementu PA \u010cR v Praze, Katedra krizov\u00e9ho \u0159\u00edzen\u00ed<\/p>\n<p><\/i>P\u0159\u00edsp\u011bvek si klade za c\u00edl zmapovat st\u011b\u017eejn\u00ed programov\u00e9 priority sou\u010dasn\u00fdch parlamentn\u00edch subjekt\u016f v \u010cesk\u00e9 republice ve vztahu k oblasti &#8222;vnit\u0159n\u00ed bezpe\u010dnosti&#8220; (respektive m\u00edstn\u00edm z\u00e1le\u017eitostem ve\u0159ejn\u00e9ho po\u0159\u00e1dku a dal\u0161\u00edm p\u0159ekr\u00fdvaj\u00edc\u00edm se t\u00e9mat\u016fm). P\u0159itom jsou sledov\u00e1ny podobnosti a odli\u0161nosti mezi prioritami koali\u010dn\u00edch a opozi\u010dn\u00edch akt\u00e9r\u016f, respektive p\u0159esahy t\u00e9matu do aktu\u00e1ln\u011b platn\u00e9ho programov\u00e9ho prohl\u00e1\u0161en\u00ed vl\u00e1dy.<br \/>\n<strong>Kl\u00ed\u010dov\u00e1 slova:<\/strong>\u00a0Politick\u00e9 strany; volebn\u00ed programy; priority; koalice; opozice.<\/p>\n<p><a href=\"https:\/\/veda.polac.cz\/?page_id=533\">02\/2016<\/a><\/p>\n<p>&nbsp;<\/p>\n","protected":false},"excerpt":{"rendered":"<p>Resum\u00e9 \u010dl\u00e1nku Priority v oblasti &#8222;vnit\u0159n\u00ed bezpe\u010dnosti&#8220; a ochrany obyvatelstva v programech sou\u010dasn\u00fdch parlamentn\u00edch politick\u00fdch stran v \u010cesk\u00e9 republice Mgr. Old\u0159ich Krul\u00edk, Ph.D., Fakulta bezpe\u010dnostn\u00edho managementu PA \u010cR v Praze, Katedra krizov\u00e9ho \u0159\u00edzen\u00ed P\u0159\u00edsp\u011bvek si klade za c\u00edl zmapovat st\u011b\u017eejn\u00ed programov\u00e9 priority sou\u010dasn\u00fdch parlamentn\u00edch subjekt\u016f v \u010cesk\u00e9 republice ve vztahu k oblasti &#8222;vnit\u0159n\u00ed bezpe\u010dnosti&#8220; (respektive [&hellip;]<\/p>\n","protected":false},"author":2,"featured_media":0,"parent":533,"menu_order":3,"comment_status":"closed","ping_status":"closed","template":"","meta":{"footnotes":""},"class_list":["post-539","page","type-page","status-publish","hentry"],"_links":{"self":[{"href":"https:\/\/veda.polac.cz\/index.php?rest_route=\/wp\/v2\/pages\/539","targetHints":{"allow":["GET"]}}],"collection":[{"href":"https:\/\/veda.polac.cz\/index.php?rest_route=\/wp\/v2\/pages"}],"about":[{"href":"https:\/\/veda.polac.cz\/index.php?rest_route=\/wp\/v2\/types\/page"}],"author":[{"embeddable":true,"href":"https:\/\/veda.polac.cz\/index.php?rest_route=\/wp\/v2\/users\/2"}],"replies":[{"embeddable":true,"href":"https:\/\/veda.polac.cz\/index.php?rest_route=%2Fwp%2Fv2%2Fcomments&post=539"}],"version-history":[{"count":2,"href":"https:\/\/veda.polac.cz\/index.php?rest_route=\/wp\/v2\/pages\/539\/revisions"}],"predecessor-version":[{"id":572,"href":"https:\/\/veda.polac.cz\/index.php?rest_route=\/wp\/v2\/pages\/539\/revisions\/572"}],"up":[{"embeddable":true,"href":"https:\/\/veda.polac.cz\/index.php?rest_route=\/wp\/v2\/pages\/533"}],"wp:attachment":[{"href":"https:\/\/veda.polac.cz\/index.php?rest_route=%2Fwp%2Fv2%2Fmedia&parent=539"}],"curies":[{"name":"wp","href":"https:\/\/api.w.org\/{rel}","templated":true}]}}