{"id":533,"date":"2018-09-13T17:21:59","date_gmt":"2018-09-13T17:21:59","guid":{"rendered":"http:\/\/veda.polac.cz\/?page_id=533"},"modified":"2020-02-04T14:29:35","modified_gmt":"2020-02-04T14:29:35","slug":"02-2016","status":"publish","type":"page","link":"https:\/\/veda.polac.cz\/?page_id=533","title":{"rendered":"02\/2016"},"content":{"rendered":"<p><a href=\"https:\/\/veda.polac.cz\/?page_id=532\"><strong>Zkou\u0161ka spolehlivosti v prost\u0159ed\u00ed V\u011bze\u0148sk\u00e9 slu\u017eby \u010cR a Celn\u00ed spr\u00e1vy \u010cR<\/strong><\/a><br \/>\npplk. JUDr. Josef Hrudka, Ph.D., Fakulta bezpe\u010dnostn\u011b pr\u00e1vn\u00ed PA \u010cR v Praze, Katedra policejn\u00edch \u010dinnost\u00ed<br \/>\nDr. Zden\u011bk Kova\u0159\u00edk, CSc., Odd\u011blen\u00ed v\u011bdy a v\u00fdzkumu PA \u010cR v Praze<\/p>\n<hr \/>\n<p><a href=\"https:\/\/veda.polac.cz\/?page_id=537\"><strong>Vyu\u017eit\u00ed vybran\u00fdch prognostick\u00fdch metod v r\u00e1mci anal\u00fdzy zpravodajsk\u00fdch informac\u00ed<\/strong><\/a><br \/>\nIng. Martin Havl\u00edk, Ph.D., MBA, MSc., Ministerstvo obrany \u010cR<\/p>\n<hr \/>\n<p><a href=\"https:\/\/veda.polac.cz\/?page_id=539\"><strong>Priority v oblasti &#8222;vnit\u0159n\u00ed bezpe\u010dnosti&#8220; a ochrany obyvatelstva v programech sou\u010dasn\u00fdch parlamentn\u00edch politick\u00fdch stran v \u010cesk\u00e9 republice<\/strong><\/a><br \/>\nMgr. Old\u0159ich Krul\u00edk, Ph.D., Fakulta bezpe\u010dnostn\u00edho managementu PA \u010cR v Praze<br \/>\nKatedra krizov\u00e9ho \u0159\u00edzen\u00ed<\/p>\n<hr \/>\n<p><a href=\"https:\/\/veda.polac.cz\/?page_id=550\"><strong>PEGIDA &#8211; bezpe\u010dnostn\u00ed hrozba \u010di v\u00fdzva pro EU?<\/strong><\/a><br \/>\ndoc. Ing. Dr. \u0160tefan Danics, Ph.D.<br \/>\nFakulta bezpe\u010dnostn\u00edho managementu PA \u010cR v Praze<br \/>\nKatedra spole\u010densk\u00fdch v\u011bd<\/p>\n<hr \/>\n<p><a href=\"https:\/\/veda.polac.cz\/?page_id=553\"><strong>Teroristick\u00e9 \u00fatoky v metru<\/strong><\/a><br \/>\nMgr. Zden\u011bk Hon, Ph.D., Alexandria Martinelli Van Praag,<br \/>\ndoc. PhDr. Jan Eichler, CSc., prof. MUDr. Leo\u0161 Navr\u00e1til, CSc., Ing. V\u00e1clav Navr\u00e1til<br \/>\nFakulta biomedic\u00ednsk\u00e9ho in\u017een\u00fdrstv\u00ed \u010cVUT v Praze<br \/>\nKatedra zdravotnick\u00fdch obor\u016f a ochrany obyvatelstva<\/p>\n<hr \/>\n<p><a href=\"https:\/\/veda.polac.cz\/?page_id=555\"><strong>Automobilov\u00e1 kriminalita a niektor\u00e9 probl\u00e9my pri jej rie\u0161en\u00ed na Slovensku<\/strong><\/a><br \/>\nIng. \u013dubom\u00edr Morav\u010d\u00edk, PhD.<br \/>\nMinisterstvo dopravy, v\u00fdstavby a region\u00e1lneho rozvoja Slovenskej republiky<br \/>\n\u0160t\u00e1tny dopravn\u00fd \u00farad<\/p>\n<hr \/>\n<p><a href=\"https:\/\/veda.polac.cz\/?page_id=559\"><strong>CASSANDRA &#8211; robotick\u00fd syst\u00e9m pro vzd\u00e1len\u00fd pr\u016fzkum a monitorov\u00e1n\u00ed v bezpe\u010dnostn\u00edch aplikac\u00edch<\/strong><\/a><br \/>\ndoc. Ing. Lud\u011bk \u017dalud, Ph.D., Ing. Franti\u0161ek Burian, Ph.D., Ing. Tom\u00e1\u0161 J\u00edlek, Ph.D., Ing. Petra Kocmanov\u00e1, Ph.D., Ing. Luk\u00e1\u0161 Kope\u010dn\u00fd, Ph.D.<br \/>\nVysok\u00e9 u\u010den\u00ed technick\u00e9 v Brn\u011b<\/p>\n<hr \/>\n<p><a href=\"https:\/\/veda.polac.cz\/?page_id=562\"><strong>Dokumentace organizovan\u00e9ho zlo\u010dinu v oblasti pravicov\u011b orientovan\u00e9 extremistick\u00e9 sc\u00e9ny<\/strong><\/a><br \/>\npplk. Mgr. Jan \u010c\u00e1p, doktorand PA \u010cR<br \/>\nrada &#8211; Koordin\u00e1tor trestn\u00edho \u0159\u00edzen\u00ed, \u00daOOZ SKPV Policie \u010cR<\/p>\n<hr \/>\n<p><strong>Institut zkou\u0161ky spolehlivosti v Ma\u010farsk\u00e9 republice<\/strong><br \/>\npplk. JUDr. Josef Hrudka, Ph.D., Fakulta bezpe\u010dnostn\u011b pr\u00e1vn\u00ed PA \u010cR v Praze<br \/>\nKatedra policejn\u00edch \u010dinnost\u00ed<\/p>\n","protected":false},"excerpt":{"rendered":"<p>Zkou\u0161ka spolehlivosti v prost\u0159ed\u00ed V\u011bze\u0148sk\u00e9 slu\u017eby \u010cR a Celn\u00ed spr\u00e1vy \u010cR pplk. JUDr. Josef Hrudka, Ph.D., Fakulta bezpe\u010dnostn\u011b pr\u00e1vn\u00ed PA \u010cR v Praze, Katedra policejn\u00edch \u010dinnost\u00ed Dr. Zden\u011bk Kova\u0159\u00edk, CSc., Odd\u011blen\u00ed v\u011bdy a v\u00fdzkumu PA \u010cR v Praze Vyu\u017eit\u00ed vybran\u00fdch prognostick\u00fdch metod v r\u00e1mci anal\u00fdzy zpravodajsk\u00fdch informac\u00ed Ing. Martin Havl\u00edk, Ph.D., MBA, MSc., Ministerstvo obrany [&hellip;]<\/p>\n","protected":false},"author":6,"featured_media":0,"parent":235,"menu_order":3,"comment_status":"closed","ping_status":"closed","template":"","meta":{"footnotes":""},"class_list":["post-533","page","type-page","status-publish","hentry"],"_links":{"self":[{"href":"https:\/\/veda.polac.cz\/index.php?rest_route=\/wp\/v2\/pages\/533","targetHints":{"allow":["GET"]}}],"collection":[{"href":"https:\/\/veda.polac.cz\/index.php?rest_route=\/wp\/v2\/pages"}],"about":[{"href":"https:\/\/veda.polac.cz\/index.php?rest_route=\/wp\/v2\/types\/page"}],"author":[{"embeddable":true,"href":"https:\/\/veda.polac.cz\/index.php?rest_route=\/wp\/v2\/users\/6"}],"replies":[{"embeddable":true,"href":"https:\/\/veda.polac.cz\/index.php?rest_route=%2Fwp%2Fv2%2Fcomments&post=533"}],"version-history":[{"count":8,"href":"https:\/\/veda.polac.cz\/index.php?rest_route=\/wp\/v2\/pages\/533\/revisions"}],"predecessor-version":[{"id":5955,"href":"https:\/\/veda.polac.cz\/index.php?rest_route=\/wp\/v2\/pages\/533\/revisions\/5955"}],"up":[{"embeddable":true,"href":"https:\/\/veda.polac.cz\/index.php?rest_route=\/wp\/v2\/pages\/235"}],"wp:attachment":[{"href":"https:\/\/veda.polac.cz\/index.php?rest_route=%2Fwp%2Fv2%2Fmedia&parent=533"}],"curies":[{"name":"wp","href":"https:\/\/api.w.org\/{rel}","templated":true}]}}