{"id":532,"date":"2018-09-13T17:23:33","date_gmt":"2018-09-13T17:23:33","guid":{"rendered":"http:\/\/veda.polac.cz\/?page_id=532"},"modified":"2018-10-27T18:52:47","modified_gmt":"2018-10-27T18:52:47","slug":"1-2","status":"publish","type":"page","link":"https:\/\/veda.polac.cz\/?page_id=532","title":{"rendered":""},"content":{"rendered":"<p style=\"text-align: center;\">Resum\u00e9 \u010dl\u00e1nku<\/p>\n<p><strong>Zkou\u0161ka spolehlivosti v prost\u0159ed\u00ed V\u011bze\u0148sk\u00e9 slu\u017eby \u010cR a Celn\u00ed spr\u00e1vy \u010cR<\/strong><br \/>\n<i>pplk. JUDr. Josef Hrudka, Ph.D., Fakulta bezpe\u010dnostn\u011b pr\u00e1vn\u00ed PA \u010cR v Praze, Katedra policejn\u00edch \u010dinnost\u00ed<br \/>\nDr. Zden\u011bk Kova\u0159\u00edk, CSc., Odd\u011blen\u00ed v\u011bdy a v\u00fdzkumu PA \u010cR v Praze<\/i><\/p>\n<p>V\u011bdeck\u00fd \u010dl\u00e1nek zprost\u0159edkov\u00e1v\u00e1 informaci o vstupn\u00edch v\u00fdzkumn\u00fdch kroc\u00edch a o v\u011bdeckov\u00fdzkumn\u00e9m \u00fakolu Policejn\u00ed akademie \u010cesk\u00e9 republiky v Praze, kter\u00fd navazuje na dosud z\u00edskan\u00e1 v\u00fdzkumn\u00e1 zji\u0161t\u011bn\u00ed z prost\u0159ed\u00ed Policie \u010cesk\u00e9 republiky a op\u011bt se zab\u00fdv\u00e1 zkou\u0161kou spolehlivosti s c\u00edlem z\u00edsk\u00e1n\u00ed origin\u00e1ln\u00edch a p\u016fvodn\u00edch poznatk\u016f z prost\u0159ed\u00ed dal\u0161\u00edch bezpe\u010dnostn\u00edch sbor\u016f, tentokr\u00e1t V\u011bze\u0148sk\u00e9 slu\u017eby \u010cesk\u00e9 republiky a Celn\u00ed spr\u00e1vy \u010cesk\u00e9 republiky.<br \/>\n<strong>Kl\u00ed\u010dov\u00e1 slova:<\/strong>\u00a0korupce, zkou\u0161ka spolehlivosti, Gener\u00e1ln\u00ed inspekce bezpe\u010dnostn\u00edch sbor\u016f, preventivn\u00ed \u00fa\u010dinek test\u016f integrity.<\/p>\n<p><a href=\"https:\/\/veda.polac.cz\/?page_id=533\">02\/2016<\/a><\/p>\n","protected":false},"excerpt":{"rendered":"<p>Resum\u00e9 \u010dl\u00e1nku Zkou\u0161ka spolehlivosti v prost\u0159ed\u00ed V\u011bze\u0148sk\u00e9 slu\u017eby \u010cR a Celn\u00ed spr\u00e1vy \u010cR pplk. JUDr. Josef Hrudka, Ph.D., Fakulta bezpe\u010dnostn\u011b pr\u00e1vn\u00ed PA \u010cR v Praze, Katedra policejn\u00edch \u010dinnost\u00ed Dr. Zden\u011bk Kova\u0159\u00edk, CSc., Odd\u011blen\u00ed v\u011bdy a v\u00fdzkumu PA \u010cR v Praze V\u011bdeck\u00fd \u010dl\u00e1nek zprost\u0159edkov\u00e1v\u00e1 informaci o vstupn\u00edch v\u00fdzkumn\u00fdch kroc\u00edch a o v\u011bdeckov\u00fdzkumn\u00e9m \u00fakolu Policejn\u00ed akademie \u010cesk\u00e9 [&hellip;]<\/p>\n","protected":false},"author":2,"featured_media":0,"parent":533,"menu_order":1,"comment_status":"closed","ping_status":"closed","template":"","meta":{"footnotes":""},"class_list":["post-532","page","type-page","status-publish","hentry"],"_links":{"self":[{"href":"https:\/\/veda.polac.cz\/index.php?rest_route=\/wp\/v2\/pages\/532","targetHints":{"allow":["GET"]}}],"collection":[{"href":"https:\/\/veda.polac.cz\/index.php?rest_route=\/wp\/v2\/pages"}],"about":[{"href":"https:\/\/veda.polac.cz\/index.php?rest_route=\/wp\/v2\/types\/page"}],"author":[{"embeddable":true,"href":"https:\/\/veda.polac.cz\/index.php?rest_route=\/wp\/v2\/users\/2"}],"replies":[{"embeddable":true,"href":"https:\/\/veda.polac.cz\/index.php?rest_route=%2Fwp%2Fv2%2Fcomments&post=532"}],"version-history":[{"count":3,"href":"https:\/\/veda.polac.cz\/index.php?rest_route=\/wp\/v2\/pages\/532\/revisions"}],"predecessor-version":[{"id":570,"href":"https:\/\/veda.polac.cz\/index.php?rest_route=\/wp\/v2\/pages\/532\/revisions\/570"}],"up":[{"embeddable":true,"href":"https:\/\/veda.polac.cz\/index.php?rest_route=\/wp\/v2\/pages\/533"}],"wp:attachment":[{"href":"https:\/\/veda.polac.cz\/index.php?rest_route=%2Fwp%2Fv2%2Fmedia&parent=532"}],"curies":[{"name":"wp","href":"https:\/\/api.w.org\/{rel}","templated":true}]}}