{"id":5228,"date":"2019-04-25T01:15:29","date_gmt":"2019-04-25T01:15:29","guid":{"rendered":"http:\/\/veda.polac.cz\/?page_id=5228"},"modified":"2019-04-25T01:22:01","modified_gmt":"2019-04-25T01:22:01","slug":"11-2","status":"publish","type":"page","link":"https:\/\/veda.polac.cz\/?page_id=5228&lang=en","title":{"rendered":""},"content":{"rendered":"<p style=\"text-align: center;\">Resume<\/p>\n<p><strong>Iceland: Small but Efficient Police Force<br \/>\n<\/strong><em>LOUDOV\u00c1 Barbora, KRUL\u00cdK Olod\u0159ich.\u00a0<\/em><strong><br \/>\n<\/strong><br \/>\nThe aim of the article is to inform the Czech readers about the policing in Iceland. This distant country can be inspirational in many aspects for the Czech Republic by its peculiar model. The text will be followed by the contrubution dealing with the entire security system of Iceland.<br \/>\n<strong>Keywords:\u00a0<\/strong>Iceland, police force, territorial organization, law enforcement, police training and education.<\/p>\n<hr \/>\n<p><a href=\"https:\/\/veda.polac.cz\/?page_id=2083&amp;lang=en\">Back<\/a><\/p>\n","protected":false},"excerpt":{"rendered":"<p>Resume Iceland: Small but Efficient Police Force LOUDOV\u00c1 Barbora, KRUL\u00cdK Olod\u0159ich.\u00a0 The aim of the article is to inform the Czech readers about the policing in Iceland. This distant country can be inspirational in many aspects for the Czech Republic by its peculiar model. The text will be followed by the contrubution dealing with the [&hellip;]<\/p>\n","protected":false},"author":2,"featured_media":0,"parent":2083,"menu_order":0,"comment_status":"closed","ping_status":"closed","template":"","meta":{"footnotes":""},"class_list":["post-5228","page","type-page","status-publish","hentry"],"_links":{"self":[{"href":"https:\/\/veda.polac.cz\/index.php?rest_route=\/wp\/v2\/pages\/5228","targetHints":{"allow":["GET"]}}],"collection":[{"href":"https:\/\/veda.polac.cz\/index.php?rest_route=\/wp\/v2\/pages"}],"about":[{"href":"https:\/\/veda.polac.cz\/index.php?rest_route=\/wp\/v2\/types\/page"}],"author":[{"embeddable":true,"href":"https:\/\/veda.polac.cz\/index.php?rest_route=\/wp\/v2\/users\/2"}],"replies":[{"embeddable":true,"href":"https:\/\/veda.polac.cz\/index.php?rest_route=%2Fwp%2Fv2%2Fcomments&post=5228"}],"version-history":[{"count":2,"href":"https:\/\/veda.polac.cz\/index.php?rest_route=\/wp\/v2\/pages\/5228\/revisions"}],"predecessor-version":[{"id":5242,"href":"https:\/\/veda.polac.cz\/index.php?rest_route=\/wp\/v2\/pages\/5228\/revisions\/5242"}],"up":[{"embeddable":true,"href":"https:\/\/veda.polac.cz\/index.php?rest_route=\/wp\/v2\/pages\/2083"}],"wp:attachment":[{"href":"https:\/\/veda.polac.cz\/index.php?rest_route=%2Fwp%2Fv2%2Fmedia&parent=5228"}],"curies":[{"name":"wp","href":"https:\/\/api.w.org\/{rel}","templated":true}]}}