{"id":521,"date":"2018-09-13T17:15:01","date_gmt":"2018-09-13T17:15:01","guid":{"rendered":"http:\/\/veda.polac.cz\/?page_id=521"},"modified":"2018-10-27T18:52:47","modified_gmt":"2018-10-27T18:52:47","slug":"6-2","status":"publish","type":"page","link":"https:\/\/veda.polac.cz\/?page_id=521","title":{"rendered":""},"content":{"rendered":"<p style=\"text-align: center;\">Resum\u00e9 \u010dl\u00e1nku<\/p>\n<p><strong>Ov\u011b\u0159en\u00ed spr\u00e1vnosti stanoven\u00fdch oblast\u00ed p\u0159i v\u00fdzkumu kriminality p\u00e1chan\u00e9 s vyu\u017eit\u00edm mobiln\u00edch telefon\u016f s vyu\u017eit\u00edm explora\u010dn\u00ed faktorov\u00e9 anal\u00fdzy<br \/>\n<\/strong><i>Dr. Zden\u011bk Kova\u0159\u00edk, CSc., Odd\u011blen\u00ed v\u011bdy a v\u00fdzkumu PA \u010cR v Praze<br \/>\nAlena Pej\u010dochov\u00e1, M.A., studentka doktorsk\u00e9ho studijn\u00edho programu PA \u010cR v Praze<\/p>\n<p><\/i>Dan\u00fd \u010dl\u00e1nek se soust\u0159e\u010fuje na problematiku ov\u011b\u0159en\u00ed spr\u00e1vnosti stanoven\u00fdch oblast\u00ed p\u0159i v\u00fdzkumu kriminality s pou\u017eit\u00edm mobiln\u00edch telefon\u016f za vyu\u017eit\u00ed explora\u010dn\u00ed faktorov\u00e9 anal\u00fdzy. Obsahuje v\u0161echny n\u00e1le\u017eitosti, kter\u00e9 jsou nutn\u00e9 pro v\u011bdeck\u00e9, intersubjektivn\u00ed ov\u011b\u0159en\u00ed uveden\u00fdch v\u00fdsledk\u016f. V \u010dl\u00e1nku je uveden pom\u011brn\u011b podrobn\u00fd popis postupu a interpretace jednotliv\u00fdch \u0159e\u0161en\u00ed. V\u00fdsledky explora\u010dn\u00ed faktorov\u00e9 anal\u00fdzy jsou dosa\u017een s vyu\u017eit\u00edm modern\u00edho software pro explora\u010dn\u00ed faktorovou anal\u00fdzu ordin\u00e1ln\u00edch prom\u011bnn\u00fdch, voln\u011b \u0161i\u0159iteln\u00e9ho software Factor 10.3.1.<br \/>\n<strong>Kl\u00ed\u010dov\u00e1 slova:<\/strong>\u00a0Explora\u010dn\u00ed faktorov\u00e1 anal\u00fdza, polychorick\u00e1 korela\u010dn\u00ed matice, rotovan\u00e1 matice z\u00e1t\u011b\u017e\u00ed &#8211; \u0161ikm\u00e1 rotace PROMIN, Bartlet\u016fv test sf\u00e9ricity, koeficient KMO, McDonald\u016fv koeficient omega spolehlivosti mnohorozm\u011brn\u00e9ho faktorov\u00e9ho modelu, RMSR &#8211; druh\u00e1 odmocnina z pr\u016fm\u011bru rezidu\u00ed.<\/p>\n<p><a href=\"https:\/\/veda.polac.cz\/?page_id=504\">03\/2016<\/a><\/p>\n","protected":false},"excerpt":{"rendered":"<p>Resum\u00e9 \u010dl\u00e1nku Ov\u011b\u0159en\u00ed spr\u00e1vnosti stanoven\u00fdch oblast\u00ed p\u0159i v\u00fdzkumu kriminality p\u00e1chan\u00e9 s vyu\u017eit\u00edm mobiln\u00edch telefon\u016f s vyu\u017eit\u00edm explora\u010dn\u00ed faktorov\u00e9 anal\u00fdzy Dr. Zden\u011bk Kova\u0159\u00edk, CSc., Odd\u011blen\u00ed v\u011bdy a v\u00fdzkumu PA \u010cR v Praze Alena Pej\u010dochov\u00e1, M.A., studentka doktorsk\u00e9ho studijn\u00edho programu PA \u010cR v Praze Dan\u00fd \u010dl\u00e1nek se soust\u0159e\u010fuje na problematiku ov\u011b\u0159en\u00ed spr\u00e1vnosti stanoven\u00fdch oblast\u00ed p\u0159i v\u00fdzkumu kriminality [&hellip;]<\/p>\n","protected":false},"author":2,"featured_media":0,"parent":504,"menu_order":6,"comment_status":"closed","ping_status":"closed","template":"","meta":{"footnotes":""},"class_list":["post-521","page","type-page","status-publish","hentry"],"_links":{"self":[{"href":"https:\/\/veda.polac.cz\/index.php?rest_route=\/wp\/v2\/pages\/521","targetHints":{"allow":["GET"]}}],"collection":[{"href":"https:\/\/veda.polac.cz\/index.php?rest_route=\/wp\/v2\/pages"}],"about":[{"href":"https:\/\/veda.polac.cz\/index.php?rest_route=\/wp\/v2\/types\/page"}],"author":[{"embeddable":true,"href":"https:\/\/veda.polac.cz\/index.php?rest_route=\/wp\/v2\/users\/2"}],"replies":[{"embeddable":true,"href":"https:\/\/veda.polac.cz\/index.php?rest_route=%2Fwp%2Fv2%2Fcomments&post=521"}],"version-history":[{"count":2,"href":"https:\/\/veda.polac.cz\/index.php?rest_route=\/wp\/v2\/pages\/521\/revisions"}],"predecessor-version":[{"id":545,"href":"https:\/\/veda.polac.cz\/index.php?rest_route=\/wp\/v2\/pages\/521\/revisions\/545"}],"up":[{"embeddable":true,"href":"https:\/\/veda.polac.cz\/index.php?rest_route=\/wp\/v2\/pages\/504"}],"wp:attachment":[{"href":"https:\/\/veda.polac.cz\/index.php?rest_route=%2Fwp%2Fv2%2Fmedia&parent=521"}],"curies":[{"name":"wp","href":"https:\/\/api.w.org\/{rel}","templated":true}]}}