{"id":5186,"date":"2019-04-25T00:52:06","date_gmt":"2019-04-25T00:52:06","guid":{"rendered":"http:\/\/veda.polac.cz\/?page_id=5186"},"modified":"2019-04-25T01:19:39","modified_gmt":"2019-04-25T01:19:39","slug":"11-2","status":"publish","type":"page","link":"https:\/\/veda.polac.cz\/?page_id=5186&lang=en","title":{"rendered":""},"content":{"rendered":"<p style=\"text-align: center;\">Resume<\/p>\n<p><strong>PASSENGERS PROFILING AS A SECURITY METHOD AT AN AIRPORTS<br \/>\n<\/strong><em>MAR\u0160\u00c1LEK, Daniel, \u0160\u010cUREK, Radom\u00edr:\u00a0<\/em><strong><br \/>\n<\/strong><br \/>\nThe article describes methods of passengers profiling as the next procedure to bring down risk of admittance of dangerous persons to board of aircraft and avoid rised and realized appropriate terrorism act. Assessment of threat of the flight, definition of terrorist\u00b4s profile of ordinary passenger and elimination of unsatisfactory profile, next creation of visual profile of terrorist, summary of passenger\u00b4s documentation and compliance of default procedures in the course of transaction of interview belong among basic tools of the method.<br \/>\n<strong>Keywords:<\/strong> profiling of passenger, threat, terrorism act, travel documents of passenger, interview, demonstration of behaviour.<\/p>\n<hr \/>\n<p><a href=\"https:\/\/veda.polac.cz\/?page_id=2085&amp;lang=en\">Back<\/a><\/p>\n","protected":false},"excerpt":{"rendered":"<p>Resume PASSENGERS PROFILING AS A SECURITY METHOD AT AN AIRPORTS MAR\u0160\u00c1LEK, Daniel, \u0160\u010cUREK, Radom\u00edr:\u00a0 The article describes methods of passengers profiling as the next procedure to bring down risk of admittance of dangerous persons to board of aircraft and avoid rised and realized appropriate terrorism act. Assessment of threat of the flight, definition of terrorist\u00b4s [&hellip;]<\/p>\n","protected":false},"author":2,"featured_media":0,"parent":2085,"menu_order":0,"comment_status":"closed","ping_status":"closed","template":"","meta":{"footnotes":""},"class_list":["post-5186","page","type-page","status-publish","hentry"],"_links":{"self":[{"href":"https:\/\/veda.polac.cz\/index.php?rest_route=\/wp\/v2\/pages\/5186","targetHints":{"allow":["GET"]}}],"collection":[{"href":"https:\/\/veda.polac.cz\/index.php?rest_route=\/wp\/v2\/pages"}],"about":[{"href":"https:\/\/veda.polac.cz\/index.php?rest_route=\/wp\/v2\/types\/page"}],"author":[{"embeddable":true,"href":"https:\/\/veda.polac.cz\/index.php?rest_route=\/wp\/v2\/users\/2"}],"replies":[{"embeddable":true,"href":"https:\/\/veda.polac.cz\/index.php?rest_route=%2Fwp%2Fv2%2Fcomments&post=5186"}],"version-history":[{"count":4,"href":"https:\/\/veda.polac.cz\/index.php?rest_route=\/wp\/v2\/pages\/5186\/revisions"}],"predecessor-version":[{"id":5237,"href":"https:\/\/veda.polac.cz\/index.php?rest_route=\/wp\/v2\/pages\/5186\/revisions\/5237"}],"up":[{"embeddable":true,"href":"https:\/\/veda.polac.cz\/index.php?rest_route=\/wp\/v2\/pages\/2085"}],"wp:attachment":[{"href":"https:\/\/veda.polac.cz\/index.php?rest_route=%2Fwp%2Fv2%2Fmedia&parent=5186"}],"curies":[{"name":"wp","href":"https:\/\/api.w.org\/{rel}","templated":true}]}}