{"id":5182,"date":"2019-04-25T00:49:22","date_gmt":"2019-04-25T00:49:22","guid":{"rendered":"http:\/\/veda.polac.cz\/?page_id=5182"},"modified":"2019-04-25T01:19:54","modified_gmt":"2019-04-25T01:19:54","slug":"9-2","status":"publish","type":"page","link":"https:\/\/veda.polac.cz\/?page_id=5182&lang=en","title":{"rendered":""},"content":{"rendered":"<p style=\"text-align: center;\">Resume<\/p>\n<p><strong>SYSTEM OF EARLY INTERVEN-TION AND HIS INFORMATION SYSTEM<br \/>\n<\/strong><em>KOPECK\u00c1, N., \u0160UBRTOV\u00c1, B., RADITSCH, F.\u00a0<\/em><strong><br \/>\n<\/strong><br \/>\nThe topic of this contribution is the care of children in danger and delinquent children. It deals with the project &#8222;System of early intervention&#8220;, with its aim and especially with its information system enabling fast passing over information between subjects of care of children in danger via electronic media. The system has been used for over two years in the M\u011blnicko region.<br \/>\n<strong>Key words:\u00a0<\/strong>system of early intervention, delinquency, children, information system, crime rate, prevention.<\/p>\n<hr \/>\n<p><a href=\"https:\/\/veda.polac.cz\/?page_id=2085&amp;lang=en\">Back<\/a><\/p>\n","protected":false},"excerpt":{"rendered":"<p>Resume SYSTEM OF EARLY INTERVEN-TION AND HIS INFORMATION SYSTEM KOPECK\u00c1, N., \u0160UBRTOV\u00c1, B., RADITSCH, F.\u00a0 The topic of this contribution is the care of children in danger and delinquent children. It deals with the project &#8222;System of early intervention&#8220;, with its aim and especially with its information system enabling fast passing over information between subjects [&hellip;]<\/p>\n","protected":false},"author":2,"featured_media":0,"parent":2085,"menu_order":0,"comment_status":"closed","ping_status":"closed","template":"","meta":{"footnotes":""},"class_list":["post-5182","page","type-page","status-publish","hentry"],"_links":{"self":[{"href":"https:\/\/veda.polac.cz\/index.php?rest_route=\/wp\/v2\/pages\/5182","targetHints":{"allow":["GET"]}}],"collection":[{"href":"https:\/\/veda.polac.cz\/index.php?rest_route=\/wp\/v2\/pages"}],"about":[{"href":"https:\/\/veda.polac.cz\/index.php?rest_route=\/wp\/v2\/types\/page"}],"author":[{"embeddable":true,"href":"https:\/\/veda.polac.cz\/index.php?rest_route=\/wp\/v2\/users\/2"}],"replies":[{"embeddable":true,"href":"https:\/\/veda.polac.cz\/index.php?rest_route=%2Fwp%2Fv2%2Fcomments&post=5182"}],"version-history":[{"count":2,"href":"https:\/\/veda.polac.cz\/index.php?rest_route=\/wp\/v2\/pages\/5182\/revisions"}],"predecessor-version":[{"id":5204,"href":"https:\/\/veda.polac.cz\/index.php?rest_route=\/wp\/v2\/pages\/5182\/revisions\/5204"}],"up":[{"embeddable":true,"href":"https:\/\/veda.polac.cz\/index.php?rest_route=\/wp\/v2\/pages\/2085"}],"wp:attachment":[{"href":"https:\/\/veda.polac.cz\/index.php?rest_route=%2Fwp%2Fv2%2Fmedia&parent=5182"}],"curies":[{"name":"wp","href":"https:\/\/api.w.org\/{rel}","templated":true}]}}