{"id":517,"date":"2018-09-13T17:13:06","date_gmt":"2018-09-13T17:13:06","guid":{"rendered":"http:\/\/veda.polac.cz\/?page_id=517"},"modified":"2018-10-27T18:52:47","modified_gmt":"2018-10-27T18:52:47","slug":"5-2","status":"publish","type":"page","link":"https:\/\/veda.polac.cz\/?page_id=517","title":{"rendered":""},"content":{"rendered":"<p style=\"text-align: center;\">Resum\u00e9 \u010dl\u00e1nku<\/p>\n<p><strong>Sou\u010dasn\u00e1 evropsk\u00e1 imigra\u010dn\u00ed krize &#8211; pr\u00e1vn\u00ed a bezpe\u010dnostn\u00ed n\u00e1hled<br \/>\n<\/strong><i>doc. JUDr. Bohumil Pikna, CSc., Katedra mezin\u00e1rodn\u00edch vztah\u016f a evropsk\u00fdch studi\u00ed, Metropolitn\u00ed univerzita Praha<\/i><\/p>\n<p>C\u00edlem \u010dl\u00e1nku je podat ucelen\u011bj\u0161\u00ed vhled do sou\u010dasn\u00fdch z\u00e1sadn\u00edch probl\u00e9m\u016f spole\u010dn\u00e9 azylov\u00e9 a p\u0159ist\u011bhovaleck\u00e9 politiky Unie v souvislosti s aktu\u00e1ln\u00ed imigra\u010dn\u00ed kriz\u00ed. \u010cl\u00e1nek se zab\u00fdv\u00e1 zvl\u00e1\u0161t\u011b &#8222;exodem&#8220; muslimsk\u00fdch ileg\u00e1ln\u00edch b\u011b\u017eenc\u016f na \u00fazem\u00ed Evropsk\u00e9 unie a hodnocen\u00edm \u00fa\u010dinnosti aplikovan\u00fdch pr\u00e1vn\u00edch n\u00e1stroj\u016f Unie pro tuto oblast. Autor doch\u00e1z\u00ed k z\u00e1v\u011bru, \u017ee i p\u0159es velk\u00e9 probl\u00e9my by se m\u011blo p\u0159esto trvat na dodr\u017eov\u00e1n\u00ed platn\u00e9ho pr\u00e1va a to jak evropsk\u00e9ho, tak i n\u00e1rodn\u00edho.<br \/>\n<strong>Kl\u00ed\u010dov\u00e1 slova:<\/strong>\u00a0muslimsk\u00e1 imigrace; azylov\u00e9 pr\u00e1vo EU; p\u0159ist\u011bhovaleck\u00e1 politika; dopl\u0148kov\u00e1 ochrana; mezin\u00e1rodn\u00ed ochrana.<i><br \/>\n<\/i><\/p>\n<p><a href=\"https:\/\/veda.polac.cz\/?page_id=504\">03\/2016<\/a><\/p>\n","protected":false},"excerpt":{"rendered":"<p>Resum\u00e9 \u010dl\u00e1nku Sou\u010dasn\u00e1 evropsk\u00e1 imigra\u010dn\u00ed krize &#8211; pr\u00e1vn\u00ed a bezpe\u010dnostn\u00ed n\u00e1hled doc. JUDr. Bohumil Pikna, CSc., Katedra mezin\u00e1rodn\u00edch vztah\u016f a evropsk\u00fdch studi\u00ed, Metropolitn\u00ed univerzita Praha C\u00edlem \u010dl\u00e1nku je podat ucelen\u011bj\u0161\u00ed vhled do sou\u010dasn\u00fdch z\u00e1sadn\u00edch probl\u00e9m\u016f spole\u010dn\u00e9 azylov\u00e9 a p\u0159ist\u011bhovaleck\u00e9 politiky Unie v souvislosti s aktu\u00e1ln\u00ed imigra\u010dn\u00ed kriz\u00ed. \u010cl\u00e1nek se zab\u00fdv\u00e1 zvl\u00e1\u0161t\u011b &#8222;exodem&#8220; muslimsk\u00fdch ileg\u00e1ln\u00edch b\u011b\u017eenc\u016f [&hellip;]<\/p>\n","protected":false},"author":2,"featured_media":0,"parent":504,"menu_order":5,"comment_status":"closed","ping_status":"closed","template":"","meta":{"footnotes":""},"class_list":["post-517","page","type-page","status-publish","hentry"],"_links":{"self":[{"href":"https:\/\/veda.polac.cz\/index.php?rest_route=\/wp\/v2\/pages\/517","targetHints":{"allow":["GET"]}}],"collection":[{"href":"https:\/\/veda.polac.cz\/index.php?rest_route=\/wp\/v2\/pages"}],"about":[{"href":"https:\/\/veda.polac.cz\/index.php?rest_route=\/wp\/v2\/types\/page"}],"author":[{"embeddable":true,"href":"https:\/\/veda.polac.cz\/index.php?rest_route=\/wp\/v2\/users\/2"}],"replies":[{"embeddable":true,"href":"https:\/\/veda.polac.cz\/index.php?rest_route=%2Fwp%2Fv2%2Fcomments&post=517"}],"version-history":[{"count":3,"href":"https:\/\/veda.polac.cz\/index.php?rest_route=\/wp\/v2\/pages\/517\/revisions"}],"predecessor-version":[{"id":544,"href":"https:\/\/veda.polac.cz\/index.php?rest_route=\/wp\/v2\/pages\/517\/revisions\/544"}],"up":[{"embeddable":true,"href":"https:\/\/veda.polac.cz\/index.php?rest_route=\/wp\/v2\/pages\/504"}],"wp:attachment":[{"href":"https:\/\/veda.polac.cz\/index.php?rest_route=%2Fwp%2Fv2%2Fmedia&parent=517"}],"curies":[{"name":"wp","href":"https:\/\/api.w.org\/{rel}","templated":true}]}}