{"id":511,"date":"2018-09-13T17:10:36","date_gmt":"2018-09-13T17:10:36","guid":{"rendered":"http:\/\/veda.polac.cz\/?page_id=511"},"modified":"2018-10-27T18:52:47","modified_gmt":"2018-10-27T18:52:47","slug":"3-2","status":"publish","type":"page","link":"https:\/\/veda.polac.cz\/?page_id=511","title":{"rendered":""},"content":{"rendered":"<p style=\"text-align: center;\">Resum\u00e9 \u010dl\u00e1nku<\/p>\n<p><strong>Identitn\u00ed krize z\u00e1padn\u00ed spole\u010dnosti (\u00favaha nad filosofick\u00fdmi p\u0159edpoklady a v\u00fdzvami)<br \/>\n<\/strong><i>PhDr. Petr Nesvadba, CSc., Fakulta bezpe\u010dnostn\u00edho managementu PA \u010cR v Praze, katedra spole\u010densk\u00fdch v\u011bd<\/p>\n<p><\/i>Autor se v\u011bnuje problematice tvorby kolektivn\u00ed soci\u00e1ln\u00ed identity. Uva\u017euje o nezastupiteln\u00e9 \u00faloze reflexe konstitutivn\u00edch hodnot pro zdrav\u00fd v\u00fdvoj ka\u017ed\u00e9 spole\u010dnosti a specificky se v\u011bnuje duchovn\u00edm ko\u0159en\u016fm evropanstv\u00ed (a \u0161\u00ed\u0159eji: &#8222;Z\u00e1padu&#8220;), kter\u00e9 nal\u00e9z\u00e1 v anticko-k\u0159es\u0165ansk\u00e9m a osv\u00edcensk\u00e9m odkazu. Z\u00e1padn\u00ed typ racionality konfrontuje s &#8222;postmodern\u00ed&#8220; kritikou a doch\u00e1z\u00ed k nezbytnosti hledat novou podobu identity Z\u00e1padu v kontextu nov\u00fdch v\u00fdzev; za kl\u00ed\u010dov\u00e9 pova\u017euje vyrovn\u00e1n\u00ed se s d\u011bdictv\u00edm evropsk\u00e9ho osv\u00edcenstv\u00ed, a to bu\u010f cestou jeho smyslupln\u00e9 reinterpretace a dovr\u0161en\u00ed, nebo &#8211; v krajn\u00ed podob\u011b &#8211; jeho dekonstrukce.<br \/>\n<strong>Kl\u00ed\u010dov\u00e1 slova:<\/strong>\u00a0Antika, evropanstv\u00ed, identita, k\u0159es\u0165anstv\u00ed, osv\u00edcenstv\u00ed, postmoderna, univerzalismus, Z\u00e1pad.<\/p>\n<p><a href=\"https:\/\/veda.polac.cz\/?page_id=504\">03\/2016<\/a><\/p>\n","protected":false},"excerpt":{"rendered":"<p>Resum\u00e9 \u010dl\u00e1nku Identitn\u00ed krize z\u00e1padn\u00ed spole\u010dnosti (\u00favaha nad filosofick\u00fdmi p\u0159edpoklady a v\u00fdzvami) PhDr. Petr Nesvadba, CSc., Fakulta bezpe\u010dnostn\u00edho managementu PA \u010cR v Praze, katedra spole\u010densk\u00fdch v\u011bd Autor se v\u011bnuje problematice tvorby kolektivn\u00ed soci\u00e1ln\u00ed identity. Uva\u017euje o nezastupiteln\u00e9 \u00faloze reflexe konstitutivn\u00edch hodnot pro zdrav\u00fd v\u00fdvoj ka\u017ed\u00e9 spole\u010dnosti a specificky se v\u011bnuje duchovn\u00edm ko\u0159en\u016fm evropanstv\u00ed (a \u0161\u00ed\u0159eji: [&hellip;]<\/p>\n","protected":false},"author":2,"featured_media":0,"parent":504,"menu_order":3,"comment_status":"closed","ping_status":"closed","template":"","meta":{"footnotes":""},"class_list":["post-511","page","type-page","status-publish","hentry"],"_links":{"self":[{"href":"https:\/\/veda.polac.cz\/index.php?rest_route=\/wp\/v2\/pages\/511","targetHints":{"allow":["GET"]}}],"collection":[{"href":"https:\/\/veda.polac.cz\/index.php?rest_route=\/wp\/v2\/pages"}],"about":[{"href":"https:\/\/veda.polac.cz\/index.php?rest_route=\/wp\/v2\/types\/page"}],"author":[{"embeddable":true,"href":"https:\/\/veda.polac.cz\/index.php?rest_route=\/wp\/v2\/users\/2"}],"replies":[{"embeddable":true,"href":"https:\/\/veda.polac.cz\/index.php?rest_route=%2Fwp%2Fv2%2Fcomments&post=511"}],"version-history":[{"count":2,"href":"https:\/\/veda.polac.cz\/index.php?rest_route=\/wp\/v2\/pages\/511\/revisions"}],"predecessor-version":[{"id":542,"href":"https:\/\/veda.polac.cz\/index.php?rest_route=\/wp\/v2\/pages\/511\/revisions\/542"}],"up":[{"embeddable":true,"href":"https:\/\/veda.polac.cz\/index.php?rest_route=\/wp\/v2\/pages\/504"}],"wp:attachment":[{"href":"https:\/\/veda.polac.cz\/index.php?rest_route=%2Fwp%2Fv2%2Fmedia&parent=511"}],"curies":[{"name":"wp","href":"https:\/\/api.w.org\/{rel}","templated":true}]}}