{"id":5094,"date":"2019-04-24T23:55:20","date_gmt":"2019-04-24T23:55:20","guid":{"rendered":"http:\/\/veda.polac.cz\/?page_id=5094"},"modified":"2019-04-25T00:04:46","modified_gmt":"2019-04-25T00:04:46","slug":"13-2","status":"publish","type":"page","link":"https:\/\/veda.polac.cz\/?page_id=5094&lang=en","title":{"rendered":""},"content":{"rendered":"<p style=\"text-align: center;\">Resume<\/p>\n<p><b><span lang=\"EN-US\">The New Concept of the Railway Police Service in Connection with the Reorganisation of the Police Presidium of the Czech Republic<br \/>\n<\/span><\/b><span lang=\"EN-US\"><em>Chmela, Zden\u011bk, Fil\u00e1k, Anton\u00edn\u00a0<\/em><\/span><b><span lang=\"EN-US\"><br \/>\n<\/span><\/b><\/p>\n<p><span lang=\"EN-US\">The authors in their article point at the changes in the organisation of the disciplinary police service, at its importance at securing public order and controlling crime at railways. Its historical delimitation within the Police of the CR, the organizational\u00a0structure and tasks, which it fulfils.<\/span><\/p>\n<hr \/>\n<p><a href=\"https:\/\/veda.polac.cz\/?page_id=2005&amp;lang=en\">Back<\/a><\/p>\n","protected":false},"excerpt":{"rendered":"<p>Resume The New Concept of the Railway Police Service in Connection with the Reorganisation of the Police Presidium of the Czech Republic Chmela, Zden\u011bk, Fil\u00e1k, Anton\u00edn\u00a0 The authors in their article point at the changes in the organisation of the disciplinary police service, at its importance at securing public order and controlling crime at railways. [&hellip;]<\/p>\n","protected":false},"author":2,"featured_media":0,"parent":2248,"menu_order":0,"comment_status":"closed","ping_status":"closed","template":"","meta":{"footnotes":""},"class_list":["post-5094","page","type-page","status-publish","hentry"],"_links":{"self":[{"href":"https:\/\/veda.polac.cz\/index.php?rest_route=\/wp\/v2\/pages\/5094","targetHints":{"allow":["GET"]}}],"collection":[{"href":"https:\/\/veda.polac.cz\/index.php?rest_route=\/wp\/v2\/pages"}],"about":[{"href":"https:\/\/veda.polac.cz\/index.php?rest_route=\/wp\/v2\/types\/page"}],"author":[{"embeddable":true,"href":"https:\/\/veda.polac.cz\/index.php?rest_route=\/wp\/v2\/users\/2"}],"replies":[{"embeddable":true,"href":"https:\/\/veda.polac.cz\/index.php?rest_route=%2Fwp%2Fv2%2Fcomments&post=5094"}],"version-history":[{"count":2,"href":"https:\/\/veda.polac.cz\/index.php?rest_route=\/wp\/v2\/pages\/5094\/revisions"}],"predecessor-version":[{"id":5110,"href":"https:\/\/veda.polac.cz\/index.php?rest_route=\/wp\/v2\/pages\/5094\/revisions\/5110"}],"up":[{"embeddable":true,"href":"https:\/\/veda.polac.cz\/index.php?rest_route=\/wp\/v2\/pages\/2248"}],"wp:attachment":[{"href":"https:\/\/veda.polac.cz\/index.php?rest_route=%2Fwp%2Fv2%2Fmedia&parent=5094"}],"curies":[{"name":"wp","href":"https:\/\/api.w.org\/{rel}","templated":true}]}}