{"id":508,"date":"2018-09-13T17:09:12","date_gmt":"2018-09-13T17:09:12","guid":{"rendered":"http:\/\/veda.polac.cz\/?page_id=508"},"modified":"2018-10-27T18:52:47","modified_gmt":"2018-10-27T18:52:47","slug":"2-2","status":"publish","type":"page","link":"https:\/\/veda.polac.cz\/?page_id=508","title":{"rendered":""},"content":{"rendered":"<p style=\"text-align: center;\">Resum\u00e9 \u010dl\u00e1nku<\/p>\n<p><strong>V\u011bzen\u00ed z perspektivy odsouzen\u00fdch<br \/>\n<\/strong><i>PhDr. Jan Draho\u0148ovsk\u00fd, V\u011bze\u0148sk\u00e1 slu\u017eba \u010cR<\/p>\n<p><\/i>Tato explorativn\u00ed studie se zab\u00fdv\u00e1 probl\u00e9mem, jak v\u011bzni (um\u00edst\u011bn\u00ed v \u010cR v mu\u017esk\u00fdch v\u011bznic\u00edch s ostrahou) interpretuj\u00ed svou soci\u00e1ln\u00ed realitu. K tomuto \u00fa\u010delu byla provedena polostrukturovan\u00e1 interview se sedmi inform\u00e1tory, a z\u00edskan\u00e1 data analyzov\u00e1na metodikou zakotven\u00e9 teorie. Tato studie p\u0159ekon\u00e1v\u00e1 p\u0159eva\u017euj\u00edc\u00ed pohled na v\u011bze\u0148skou subkulturu jako soubor negativn\u00edho disoci\u00e1ln\u00edho chov\u00e1n\u00ed a p\u0159edstavuje odsouzen\u00e9ho jako aktivn\u00ed lidskou bytost nucenou rozvinout sv\u016fj soci\u00e1ln\u00ed potenci\u00e1l a aktivn\u011b si volit svou strategii b\u011bhem v\u00fdkonu trestu.<br \/>\n<strong>Kl\u00ed\u010dov\u00e1 slova:\u00a0<\/strong>v\u011bzen\u00ed, odsouzen\u00fd, explorativn\u00ed studie, zakotven\u00e1 teorie.<\/p>\n<p><a href=\"https:\/\/veda.polac.cz\/?page_id=504\">03\/2016<\/a><\/p>\n","protected":false},"excerpt":{"rendered":"<p>Resum\u00e9 \u010dl\u00e1nku V\u011bzen\u00ed z perspektivy odsouzen\u00fdch PhDr. Jan Draho\u0148ovsk\u00fd, V\u011bze\u0148sk\u00e1 slu\u017eba \u010cR Tato explorativn\u00ed studie se zab\u00fdv\u00e1 probl\u00e9mem, jak v\u011bzni (um\u00edst\u011bn\u00ed v \u010cR v mu\u017esk\u00fdch v\u011bznic\u00edch s ostrahou) interpretuj\u00ed svou soci\u00e1ln\u00ed realitu. K tomuto \u00fa\u010delu byla provedena polostrukturovan\u00e1 interview se sedmi inform\u00e1tory, a z\u00edskan\u00e1 data analyzov\u00e1na metodikou zakotven\u00e9 teorie. Tato studie p\u0159ekon\u00e1v\u00e1 p\u0159eva\u017euj\u00edc\u00ed pohled na [&hellip;]<\/p>\n","protected":false},"author":2,"featured_media":0,"parent":504,"menu_order":2,"comment_status":"closed","ping_status":"closed","template":"","meta":{"footnotes":""},"class_list":["post-508","page","type-page","status-publish","hentry"],"_links":{"self":[{"href":"https:\/\/veda.polac.cz\/index.php?rest_route=\/wp\/v2\/pages\/508","targetHints":{"allow":["GET"]}}],"collection":[{"href":"https:\/\/veda.polac.cz\/index.php?rest_route=\/wp\/v2\/pages"}],"about":[{"href":"https:\/\/veda.polac.cz\/index.php?rest_route=\/wp\/v2\/types\/page"}],"author":[{"embeddable":true,"href":"https:\/\/veda.polac.cz\/index.php?rest_route=\/wp\/v2\/users\/2"}],"replies":[{"embeddable":true,"href":"https:\/\/veda.polac.cz\/index.php?rest_route=%2Fwp%2Fv2%2Fcomments&post=508"}],"version-history":[{"count":2,"href":"https:\/\/veda.polac.cz\/index.php?rest_route=\/wp\/v2\/pages\/508\/revisions"}],"predecessor-version":[{"id":541,"href":"https:\/\/veda.polac.cz\/index.php?rest_route=\/wp\/v2\/pages\/508\/revisions\/541"}],"up":[{"embeddable":true,"href":"https:\/\/veda.polac.cz\/index.php?rest_route=\/wp\/v2\/pages\/504"}],"wp:attachment":[{"href":"https:\/\/veda.polac.cz\/index.php?rest_route=%2Fwp%2Fv2%2Fmedia&parent=508"}],"curies":[{"name":"wp","href":"https:\/\/api.w.org\/{rel}","templated":true}]}}