{"id":5078,"date":"2019-04-24T23:43:42","date_gmt":"2019-04-24T23:43:42","guid":{"rendered":"http:\/\/veda.polac.cz\/?page_id=5078"},"modified":"2019-04-25T00:05:02","modified_gmt":"2019-04-25T00:05:02","slug":"5-2","status":"publish","type":"page","link":"https:\/\/veda.polac.cz\/?page_id=5078&lang=en","title":{"rendered":""},"content":{"rendered":"<p style=\"text-align: center;\">Resume<\/p>\n<p><b><span lang=\"EN-US\">Safety Study, Unambiguous and Standardized Process of Proposing Measures for Situational Crime Prevention<br \/>\n<\/span><\/b><em><span lang=\"EN-US\">\u0160t\u011bp\u00e1nek Zden\u011bk<br \/>\n<\/span><\/em><\/p>\n<p><span lang=\"EN-US\">Since the crime prevetion programmes (e.g. Partnership Programme), as well as modern trends in the sphere of security and safety demand the elaboration of a\u00a0study on safety in the respective area prior to implementing particular safety measures, it is necessary for this study to meet\u00a0 certain criteria. The article deals with the problems of\u00a0 working out a safety study, particularly with setting the safety study requirements, which should be fulfilled so that the safety study might be considered as an unambiguous and standardized process of proposing safety measures for situational crime prevention. The article also describes and proposes proper steps in elaborating the safety study.<br \/>\nKey words: prevention, crime, situational prevention, elaboration of a safety study.<\/span><\/p>\n<hr \/>\n<p><a href=\"https:\/\/veda.polac.cz\/?page_id=2005&amp;lang=en\">Back<\/a><\/p>\n","protected":false},"excerpt":{"rendered":"<p>Resume Safety Study, Unambiguous and Standardized Process of Proposing Measures for Situational Crime Prevention \u0160t\u011bp\u00e1nek Zden\u011bk Since the crime prevetion programmes (e.g. Partnership Programme), as well as modern trends in the sphere of security and safety demand the elaboration of a\u00a0study on safety in the respective area prior to implementing particular safety measures, it is [&hellip;]<\/p>\n","protected":false},"author":2,"featured_media":0,"parent":2248,"menu_order":0,"comment_status":"closed","ping_status":"closed","template":"","meta":{"footnotes":""},"class_list":["post-5078","page","type-page","status-publish","hentry"],"_links":{"self":[{"href":"https:\/\/veda.polac.cz\/index.php?rest_route=\/wp\/v2\/pages\/5078","targetHints":{"allow":["GET"]}}],"collection":[{"href":"https:\/\/veda.polac.cz\/index.php?rest_route=\/wp\/v2\/pages"}],"about":[{"href":"https:\/\/veda.polac.cz\/index.php?rest_route=\/wp\/v2\/types\/page"}],"author":[{"embeddable":true,"href":"https:\/\/veda.polac.cz\/index.php?rest_route=\/wp\/v2\/users\/2"}],"replies":[{"embeddable":true,"href":"https:\/\/veda.polac.cz\/index.php?rest_route=%2Fwp%2Fv2%2Fcomments&post=5078"}],"version-history":[{"count":2,"href":"https:\/\/veda.polac.cz\/index.php?rest_route=\/wp\/v2\/pages\/5078\/revisions"}],"predecessor-version":[{"id":5118,"href":"https:\/\/veda.polac.cz\/index.php?rest_route=\/wp\/v2\/pages\/5078\/revisions\/5118"}],"up":[{"embeddable":true,"href":"https:\/\/veda.polac.cz\/index.php?rest_route=\/wp\/v2\/pages\/2248"}],"wp:attachment":[{"href":"https:\/\/veda.polac.cz\/index.php?rest_route=%2Fwp%2Fv2%2Fmedia&parent=5078"}],"curies":[{"name":"wp","href":"https:\/\/api.w.org\/{rel}","templated":true}]}}