{"id":5044,"date":"2019-04-24T16:24:48","date_gmt":"2019-04-24T16:24:48","guid":{"rendered":"http:\/\/veda.polac.cz\/?page_id=5044"},"modified":"2019-04-24T23:40:02","modified_gmt":"2019-04-24T23:40:02","slug":"14-2","status":"publish","type":"page","link":"https:\/\/veda.polac.cz\/?page_id=5044&lang=en","title":{"rendered":""},"content":{"rendered":"<p style=\"text-align: center;\">Resume<\/p>\n<p><span lang=\"EN-US\"><strong>Illegal Drugs in Mass Gatherings<\/strong><br \/>\n<em>Z\u00c1MEK, David, BLA\u017dEJOVSK\u00dd, Marek:<\/em> <\/span><\/p>\n<p><span lang=\"EN-US\">The author deals with the problem of misuse of prohibited drugs in mass gatherings. The article is one of the results of the partial project \u201eMass Gatherings\u201d which is the part of the major research done by the <\/span><span lang=\"EN-US\">Institute<\/span><span lang=\"EN-US\">\u00a0of\u00a0<\/span><span lang=\"EN-US\">Police<\/span><span lang=\"EN-US\">\u00a0and Security Studies and by the\u00a0<\/span><span lang=\"EN-US\">Police<\/span><span lang=\"EN-US\">\u00a0<\/span><span lang=\"EN-US\">Academy<\/span><span lang=\"EN-US\">of \u010cR in\u00a0<\/span><span lang=\"EN-US\">Prague<\/span><span lang=\"EN-US\">\u00a0having the title \u201eTheoretical Problems of Security Research Related to the System of\u00a0\u00a0Protection of Inner Security of the State.\u201d<br \/>\nKey words: police, mass gatherings, illegal drugs, public order.<\/span><\/p>\n<hr \/>\n<p><a href=\"https:\/\/veda.polac.cz\/?page_id=2250&amp;lang=en\">Back<\/a><\/p>\n","protected":false},"excerpt":{"rendered":"<p>Resume Illegal Drugs in Mass Gatherings Z\u00c1MEK, David, BLA\u017dEJOVSK\u00dd, Marek: The author deals with the problem of misuse of prohibited drugs in mass gatherings. The article is one of the results of the partial project \u201eMass Gatherings\u201d which is the part of the major research done by the Institute\u00a0of\u00a0Police\u00a0and Security Studies and by the\u00a0Police\u00a0Academyof \u010cR [&hellip;]<\/p>\n","protected":false},"author":2,"featured_media":0,"parent":2250,"menu_order":0,"comment_status":"closed","ping_status":"closed","template":"","meta":{"footnotes":""},"class_list":["post-5044","page","type-page","status-publish","hentry"],"_links":{"self":[{"href":"https:\/\/veda.polac.cz\/index.php?rest_route=\/wp\/v2\/pages\/5044","targetHints":{"allow":["GET"]}}],"collection":[{"href":"https:\/\/veda.polac.cz\/index.php?rest_route=\/wp\/v2\/pages"}],"about":[{"href":"https:\/\/veda.polac.cz\/index.php?rest_route=\/wp\/v2\/types\/page"}],"author":[{"embeddable":true,"href":"https:\/\/veda.polac.cz\/index.php?rest_route=\/wp\/v2\/users\/2"}],"replies":[{"embeddable":true,"href":"https:\/\/veda.polac.cz\/index.php?rest_route=%2Fwp%2Fv2%2Fcomments&post=5044"}],"version-history":[{"count":2,"href":"https:\/\/veda.polac.cz\/index.php?rest_route=\/wp\/v2\/pages\/5044\/revisions"}],"predecessor-version":[{"id":5063,"href":"https:\/\/veda.polac.cz\/index.php?rest_route=\/wp\/v2\/pages\/5044\/revisions\/5063"}],"up":[{"embeddable":true,"href":"https:\/\/veda.polac.cz\/index.php?rest_route=\/wp\/v2\/pages\/2250"}],"wp:attachment":[{"href":"https:\/\/veda.polac.cz\/index.php?rest_route=%2Fwp%2Fv2%2Fmedia&parent=5044"}],"curies":[{"name":"wp","href":"https:\/\/api.w.org\/{rel}","templated":true}]}}