{"id":504,"date":"2018-09-13T17:06:43","date_gmt":"2018-09-13T17:06:43","guid":{"rendered":"http:\/\/veda.polac.cz\/?page_id=504"},"modified":"2020-02-04T14:29:08","modified_gmt":"2020-02-04T14:29:08","slug":"03-2016","status":"publish","type":"page","link":"https:\/\/veda.polac.cz\/?page_id=504","title":{"rendered":"03\/2016"},"content":{"rendered":"<p><a href=\"https:\/\/veda.polac.cz\/?page_id=491\"><strong>Interpretace obsahu symbol\u016f rasistick\u00fdch a neonacistick\u00fdch tetov\u00e1n\u00ed v prost\u0159ed\u00ed v\u011bze\u0148sk\u00e9 subkultury\u00a0<\/strong><\/a><br \/>\npplk. PhDr. Barbora Vegrichtov\u00e1, Ph.D., MBA, Fakulta bezpe\u010dnostn\u011b pr\u00e1vn\u00ed PA \u010cR v Praze, Katedra krimin\u00e1ln\u00ed policie<\/p>\n<hr \/>\n<p><a href=\"https:\/\/veda.polac.cz\/?page_id=508\"><strong>V\u011bzen\u00ed z perspektivy odsouzen\u00fdch\u00a0<\/strong><\/a><br \/>\nPhDr. Jan Draho\u0148ovsk\u00fd, V\u011bze\u0148sk\u00e1 slu\u017eba \u010cR<\/p>\n<hr \/>\n<p><a href=\"https:\/\/veda.polac.cz\/?page_id=511\"><strong>Identitn\u00ed krize z\u00e1padn\u00ed spole\u010dnosti\u00a0<\/strong><strong>(\u00favaha nad filosofick\u00fdmi p\u0159edpoklady a v\u00fdzvami)\u00a0<\/strong><\/a><br \/>\nPhDr. Petr Nesvadba, CSc., Fakulta bezpe\u010dnostn\u00edho managementu PA \u010cR v Praze Katedra spole\u010densk\u00fdch v\u011bd<\/p>\n<hr \/>\n<p><a href=\"https:\/\/veda.polac.cz\/?page_id=515\"><strong>Vliv modern\u00edch komunika\u010dn\u00edch n\u00e1stroj\u016f na radikalizaci isl\u00e1msk\u00e9 subkultury v z\u00e1padn\u00ed Evrop\u011b\u00a0<\/strong><\/a><br \/>\nIng. Martin Havl\u00edk, Ph.D., MBA, MSc. Ministerstvo obrany \u010cR<\/p>\n<hr \/>\n<p><a href=\"https:\/\/veda.polac.cz\/?page_id=517\"><strong>Sou\u010dasn\u00e1 evropsk\u00e1 imigra\u010dn\u00ed krize &#8211; pr\u00e1vn\u00ed a bezpe\u010dnostn\u00ed n\u00e1hled\u00a0<\/strong><\/a><br \/>\ndoc. JUDr. Bohumil Pikna, CSc., Katedra mezin\u00e1rodn\u00edch vztah\u016f a evropsk\u00fdch studi\u00ed, Metropolitn\u00ed univerzita Praha<\/p>\n<hr \/>\n<p><a href=\"https:\/\/veda.polac.cz\/?page_id=521\"><strong>Ov\u011b\u0159en\u00ed spr\u00e1vnosti stanoven\u00fdch oblast\u00ed p\u0159i v\u00fdzkumu kriminality p\u00e1chan\u00e9 s vyu\u017eit\u00edm mobiln\u00edch telefon\u016f s vyu\u017eit\u00edm explora\u010dn\u00ed faktorov\u00e9 anal\u00fdzy\u00a0<\/strong><\/a><br \/>\nDr. Zden\u011bk Kova\u0159\u00edk, CSc., Odd\u011blen\u00ed v\u011bdy a v\u00fdzkumu PA \u010cR v Praze Alena Pej\u010dochov\u00e1, M.A., Odbor hospod\u00e1\u0159sk\u00e9 kriminality, SKPV Policie \u010cR, Praha III<\/p>\n<hr \/>\n<p><a href=\"https:\/\/veda.polac.cz\/?page_id=525\"><strong>Loajalita st\u00e1tn\u00edch zam\u011bstnanc\u016f\u00a0<\/strong><\/a><br \/>\nMgr. Kate\u0159ina Ju\u0159i\u010dkov\u00e1, studentka PA \u010cR v Praze<\/p>\n<hr \/>\n<p><a href=\"https:\/\/veda.polac.cz\/?page_id=528\"><strong>Fenom\u00e9n n\u00e1sil\u00ed za zdmi v\u011bznic\u00a0<\/strong><\/a><br \/>\nPhDr. Alena Mare\u0161ov\u00e1, Ph.D., Fakulta bezpe\u010dnostn\u011b pr\u00e1vn\u00ed PA \u010cR v Praze Katedra kriminologie<\/p>\n<hr \/>\n<p><strong>Informa\u010dn\u00ed syst\u00e9m ARGIS: teorie a praxe p\u0159i v\u00fduce na Kated\u0159e krizov\u00e9ho \u0159\u00edzen\u00ed<\/strong><br \/>\nMgr. Luk\u00e1\u0161 Harazin, Mgr. Old\u0159ich Lu\u017ea; Mgr. Jan Tvrdek, Fakulta bezpe\u010dnostn\u00edho managementu PA \u010cR v Praze, Katedra krizov\u00e9ho \u0159\u00edzen\u00ed<\/p>\n<hr \/>\n<p><strong>Cas Mudde: &#8222;On Extremism and Democracy in Europe&#8220;. Routledge Focus 2016. 163 p. ISBN: 978-1-138 -65144-9\u00a0<\/strong><br \/>\nPhDr. Ladislava Tejchmanov\u00e1, CSc., vedouc\u00ed, Knihovna PA \u010cR v Praze<\/p>\n","protected":false},"excerpt":{"rendered":"<p>Interpretace obsahu symbol\u016f rasistick\u00fdch a neonacistick\u00fdch tetov\u00e1n\u00ed v prost\u0159ed\u00ed v\u011bze\u0148sk\u00e9 subkultury\u00a0 pplk. PhDr. Barbora Vegrichtov\u00e1, Ph.D., MBA, Fakulta bezpe\u010dnostn\u011b pr\u00e1vn\u00ed PA \u010cR v Praze, Katedra krimin\u00e1ln\u00ed policie V\u011bzen\u00ed z perspektivy odsouzen\u00fdch\u00a0 PhDr. Jan Draho\u0148ovsk\u00fd, V\u011bze\u0148sk\u00e1 slu\u017eba \u010cR Identitn\u00ed krize z\u00e1padn\u00ed spole\u010dnosti\u00a0(\u00favaha nad filosofick\u00fdmi p\u0159edpoklady a v\u00fdzvami)\u00a0 PhDr. Petr Nesvadba, CSc., Fakulta bezpe\u010dnostn\u00edho managementu PA \u010cR [&hellip;]<\/p>\n","protected":false},"author":6,"featured_media":0,"parent":235,"menu_order":2,"comment_status":"closed","ping_status":"closed","template":"","meta":{"footnotes":""},"class_list":["post-504","page","type-page","status-publish","hentry"],"_links":{"self":[{"href":"https:\/\/veda.polac.cz\/index.php?rest_route=\/wp\/v2\/pages\/504","targetHints":{"allow":["GET"]}}],"collection":[{"href":"https:\/\/veda.polac.cz\/index.php?rest_route=\/wp\/v2\/pages"}],"about":[{"href":"https:\/\/veda.polac.cz\/index.php?rest_route=\/wp\/v2\/types\/page"}],"author":[{"embeddable":true,"href":"https:\/\/veda.polac.cz\/index.php?rest_route=\/wp\/v2\/users\/6"}],"replies":[{"embeddable":true,"href":"https:\/\/veda.polac.cz\/index.php?rest_route=%2Fwp%2Fv2%2Fcomments&post=504"}],"version-history":[{"count":11,"href":"https:\/\/veda.polac.cz\/index.php?rest_route=\/wp\/v2\/pages\/504\/revisions"}],"predecessor-version":[{"id":5954,"href":"https:\/\/veda.polac.cz\/index.php?rest_route=\/wp\/v2\/pages\/504\/revisions\/5954"}],"up":[{"embeddable":true,"href":"https:\/\/veda.polac.cz\/index.php?rest_route=\/wp\/v2\/pages\/235"}],"wp:attachment":[{"href":"https:\/\/veda.polac.cz\/index.php?rest_route=%2Fwp%2Fv2%2Fmedia&parent=504"}],"curies":[{"name":"wp","href":"https:\/\/api.w.org\/{rel}","templated":true}]}}