{"id":5038,"date":"2019-04-24T16:20:09","date_gmt":"2019-04-24T16:20:09","guid":{"rendered":"http:\/\/veda.polac.cz\/?page_id=5038"},"modified":"2019-04-24T23:39:55","modified_gmt":"2019-04-24T23:39:55","slug":"11-2","status":"publish","type":"page","link":"https:\/\/veda.polac.cz\/?page_id=5038&lang=en","title":{"rendered":""},"content":{"rendered":"<p style=\"text-align: center;\">Resume<\/p>\n<p><strong>Police Organization as the Set of Theoretical and Applied Disciplines<\/strong><br \/>\n<em>Barto\u0161, Jan, Do\u010dekal, Franti\u0161ek:\u00a0<\/em><\/p>\n<p>The article sums up the knowledge of\u00a0\u00a0theory of organization which can be used also in police organization. Police organization has the characteristics of stochastic behaviour and such organization\u00a0\u00a0can be view as a set of theoretical and applied disciplines.\u00a0\u00a0It shares\u00a0\u00a0the identical\u00a0\u00a0and general characteristics with many other organizations and these characteristics can be examined from the same points of view, criteria and methods of the management theory.<br \/>\nKey words: system, management, organization.<\/p>\n<hr \/>\n<p><a href=\"https:\/\/veda.polac.cz\/?page_id=2250&amp;lang=en\">Back<\/a><\/p>\n","protected":false},"excerpt":{"rendered":"<p>Resume Police Organization as the Set of Theoretical and Applied Disciplines Barto\u0161, Jan, Do\u010dekal, Franti\u0161ek:\u00a0 The article sums up the knowledge of\u00a0\u00a0theory of organization which can be used also in police organization. Police organization has the characteristics of stochastic behaviour and such organization\u00a0\u00a0can be view as a set of theoretical and applied disciplines.\u00a0\u00a0It shares\u00a0\u00a0the identical\u00a0\u00a0and [&hellip;]<\/p>\n","protected":false},"author":2,"featured_media":0,"parent":2250,"menu_order":0,"comment_status":"closed","ping_status":"closed","template":"","meta":{"footnotes":""},"class_list":["post-5038","page","type-page","status-publish","hentry"],"_links":{"self":[{"href":"https:\/\/veda.polac.cz\/index.php?rest_route=\/wp\/v2\/pages\/5038","targetHints":{"allow":["GET"]}}],"collection":[{"href":"https:\/\/veda.polac.cz\/index.php?rest_route=\/wp\/v2\/pages"}],"about":[{"href":"https:\/\/veda.polac.cz\/index.php?rest_route=\/wp\/v2\/types\/page"}],"author":[{"embeddable":true,"href":"https:\/\/veda.polac.cz\/index.php?rest_route=\/wp\/v2\/users\/2"}],"replies":[{"embeddable":true,"href":"https:\/\/veda.polac.cz\/index.php?rest_route=%2Fwp%2Fv2%2Fcomments&post=5038"}],"version-history":[{"count":2,"href":"https:\/\/veda.polac.cz\/index.php?rest_route=\/wp\/v2\/pages\/5038\/revisions"}],"predecessor-version":[{"id":5060,"href":"https:\/\/veda.polac.cz\/index.php?rest_route=\/wp\/v2\/pages\/5038\/revisions\/5060"}],"up":[{"embeddable":true,"href":"https:\/\/veda.polac.cz\/index.php?rest_route=\/wp\/v2\/pages\/2250"}],"wp:attachment":[{"href":"https:\/\/veda.polac.cz\/index.php?rest_route=%2Fwp%2Fv2%2Fmedia&parent=5038"}],"curies":[{"name":"wp","href":"https:\/\/api.w.org\/{rel}","templated":true}]}}