{"id":491,"date":"2018-09-13T17:08:07","date_gmt":"2018-09-13T17:08:07","guid":{"rendered":"http:\/\/veda.polac.cz\/?page_id=491"},"modified":"2018-10-27T18:52:47","modified_gmt":"2018-10-27T18:52:47","slug":"1-2","status":"publish","type":"page","link":"https:\/\/veda.polac.cz\/?page_id=491","title":{"rendered":""},"content":{"rendered":"<p style=\"text-align: center;\">Resum\u00e9 \u010dl\u00e1nku<\/p>\n<p><strong>Interpretace obsahu symbol\u016f rasistick\u00fdch a neonacistick\u00fdch tetov\u00e1n\u00ed v prost\u0159ed\u00ed v\u011bze\u0148sk\u00e9 subkultury<br \/>\n<\/strong><i>pplk. PhDr. Barbora Vegrichtov\u00e1, Ph.D., MBA, Fakulta bezpe\u010dnostn\u011b pr\u00e1vn\u00ed PA \u010cR v Praze, katedra krimin\u00e1ln\u00ed policie<\/i><\/p>\n<p>\u010cl\u00e1nek se zab\u00fdv\u00e1 problematikou rasistick\u00fdch a neonacistick\u00fdch symbol\u016f, kter\u00e9 jsou hojn\u011b roz\u0161\u00ed\u0159eny v prost\u0159ed\u00ed v\u011bze\u0148sk\u00e9 a krimin\u00e1ln\u00ed subkultury. Interpretace a anal\u00fdza vybran\u00fdch tetov\u00e1n\u00ed, u\u017e\u00edvan\u00fdch pravicov\u00fdmi extremisty, je efektivn\u00ed n\u00e1strojem v procesu identifikace p\u0159\u00edvr\u017eenc\u016f neonacistick\u00e9 skupiny p\u0159\u00edpadn\u011b jin\u00e9 osoby sympatizuj\u00edc\u00ed s obdobn\u00fdmi n\u00e1zory a ideologick\u00fdmi postoji. Znalost v\u00fdznamu vytetovan\u00fdch symbol\u016f je rovn\u011b\u017e vyu\u017eiteln\u00e1 v policejn\u00ed a bezpe\u010dnostn\u00ed praxi v oblasti taktick\u00e9 a preventivn\u00ed.<br \/>\n<strong>Kl\u00ed\u010dov\u00e1 slova:<\/strong>\u00a0extremismus, extremistick\u00fd projev, identifikace, propaganda, symbol, tetov\u00e1n\u00ed.<i><br \/>\n<\/i><\/p>\n<p><a href=\"https:\/\/veda.polac.cz\/?page_id=504\">03\/2016<\/a><\/p>\n","protected":false},"excerpt":{"rendered":"<p>Resum\u00e9 \u010dl\u00e1nku Interpretace obsahu symbol\u016f rasistick\u00fdch a neonacistick\u00fdch tetov\u00e1n\u00ed v prost\u0159ed\u00ed v\u011bze\u0148sk\u00e9 subkultury pplk. PhDr. Barbora Vegrichtov\u00e1, Ph.D., MBA, Fakulta bezpe\u010dnostn\u011b pr\u00e1vn\u00ed PA \u010cR v Praze, katedra krimin\u00e1ln\u00ed policie \u010cl\u00e1nek se zab\u00fdv\u00e1 problematikou rasistick\u00fdch a neonacistick\u00fdch symbol\u016f, kter\u00e9 jsou hojn\u011b roz\u0161\u00ed\u0159eny v prost\u0159ed\u00ed v\u011bze\u0148sk\u00e9 a krimin\u00e1ln\u00ed subkultury. Interpretace a anal\u00fdza vybran\u00fdch tetov\u00e1n\u00ed, u\u017e\u00edvan\u00fdch pravicov\u00fdmi extremisty, [&hellip;]<\/p>\n","protected":false},"author":2,"featured_media":0,"parent":504,"menu_order":1,"comment_status":"closed","ping_status":"closed","template":"","meta":{"footnotes":""},"class_list":["post-491","page","type-page","status-publish","hentry"],"_links":{"self":[{"href":"https:\/\/veda.polac.cz\/index.php?rest_route=\/wp\/v2\/pages\/491","targetHints":{"allow":["GET"]}}],"collection":[{"href":"https:\/\/veda.polac.cz\/index.php?rest_route=\/wp\/v2\/pages"}],"about":[{"href":"https:\/\/veda.polac.cz\/index.php?rest_route=\/wp\/v2\/types\/page"}],"author":[{"embeddable":true,"href":"https:\/\/veda.polac.cz\/index.php?rest_route=\/wp\/v2\/users\/2"}],"replies":[{"embeddable":true,"href":"https:\/\/veda.polac.cz\/index.php?rest_route=%2Fwp%2Fv2%2Fcomments&post=491"}],"version-history":[{"count":3,"href":"https:\/\/veda.polac.cz\/index.php?rest_route=\/wp\/v2\/pages\/491\/revisions"}],"predecessor-version":[{"id":540,"href":"https:\/\/veda.polac.cz\/index.php?rest_route=\/wp\/v2\/pages\/491\/revisions\/540"}],"up":[{"embeddable":true,"href":"https:\/\/veda.polac.cz\/index.php?rest_route=\/wp\/v2\/pages\/504"}],"wp:attachment":[{"href":"https:\/\/veda.polac.cz\/index.php?rest_route=%2Fwp%2Fv2%2Fmedia&parent=491"}],"curies":[{"name":"wp","href":"https:\/\/api.w.org\/{rel}","templated":true}]}}