{"id":4893,"date":"2019-04-24T09:56:03","date_gmt":"2019-04-24T09:56:03","guid":{"rendered":"http:\/\/veda.polac.cz\/?page_id=4893"},"modified":"2019-04-24T10:01:28","modified_gmt":"2019-04-24T10:01:28","slug":"9-2","status":"publish","type":"page","link":"https:\/\/veda.polac.cz\/?page_id=4893&lang=en","title":{"rendered":""},"content":{"rendered":"<p style=\"text-align: center;\">Resume<\/p>\n<p><b>Drug Crime Committed by the Vietnamese Organised Crime in the Czech Republic<\/b><br \/>\n<em>Vl\u010dek, Tom\u00e1\u0161<\/em><\/p>\n<p><span lang=\"EN-GB\">The text analyses the situation of drug crime committed by the Vietnamese organised crime in the Czech Republic. The scope of the Vietnamese illegal activities has recently been spreading very fast and standardising at the same time and drugs have become an integral part of\u00a0\u00a0it.<br \/>\n<b>Keywords:\u00a0<\/b>organised crime, Vietnamese organised crime, drugs, the Czech Republic.<\/span><\/p>\n<hr \/>\n<p><a href=\"https:\/\/veda.polac.cz\/?page_id=2234&amp;lang=en\">Back<\/a><\/p>\n","protected":false},"excerpt":{"rendered":"<p>Resume Drug Crime Committed by the Vietnamese Organised Crime in the Czech Republic Vl\u010dek, Tom\u00e1\u0161 The text analyses the situation of drug crime committed by the Vietnamese organised crime in the Czech Republic. The scope of the Vietnamese illegal activities has recently been spreading very fast and standardising at the same time and drugs have [&hellip;]<\/p>\n","protected":false},"author":2,"featured_media":0,"parent":2234,"menu_order":0,"comment_status":"closed","ping_status":"closed","template":"","meta":{"footnotes":""},"class_list":["post-4893","page","type-page","status-publish","hentry"],"_links":{"self":[{"href":"https:\/\/veda.polac.cz\/index.php?rest_route=\/wp\/v2\/pages\/4893","targetHints":{"allow":["GET"]}}],"collection":[{"href":"https:\/\/veda.polac.cz\/index.php?rest_route=\/wp\/v2\/pages"}],"about":[{"href":"https:\/\/veda.polac.cz\/index.php?rest_route=\/wp\/v2\/types\/page"}],"author":[{"embeddable":true,"href":"https:\/\/veda.polac.cz\/index.php?rest_route=\/wp\/v2\/users\/2"}],"replies":[{"embeddable":true,"href":"https:\/\/veda.polac.cz\/index.php?rest_route=%2Fwp%2Fv2%2Fcomments&post=4893"}],"version-history":[{"count":2,"href":"https:\/\/veda.polac.cz\/index.php?rest_route=\/wp\/v2\/pages\/4893\/revisions"}],"predecessor-version":[{"id":4909,"href":"https:\/\/veda.polac.cz\/index.php?rest_route=\/wp\/v2\/pages\/4893\/revisions\/4909"}],"up":[{"embeddable":true,"href":"https:\/\/veda.polac.cz\/index.php?rest_route=\/wp\/v2\/pages\/2234"}],"wp:attachment":[{"href":"https:\/\/veda.polac.cz\/index.php?rest_route=%2Fwp%2Fv2%2Fmedia&parent=4893"}],"curies":[{"name":"wp","href":"https:\/\/api.w.org\/{rel}","templated":true}]}}