{"id":488,"date":"2018-09-13T16:58:10","date_gmt":"2018-09-13T16:58:10","guid":{"rendered":"http:\/\/veda.polac.cz\/?page_id=488"},"modified":"2018-10-27T19:01:13","modified_gmt":"2018-10-27T19:01:13","slug":"7-2","status":"publish","type":"page","link":"https:\/\/veda.polac.cz\/?page_id=488","title":{"rendered":""},"content":{"rendered":"<p style=\"text-align: center;\">Resum\u00e9 \u010dl\u00e1nku<\/p>\n<p><strong>Verifikace \u00fasp\u011b\u0161nosti celo\u017eivotn\u00edho vzd\u011bl\u00e1v\u00e1n\u00ed na Policejn\u00ed akademii \u010cR v Praze v akademick\u00e9m roce 2012\/2013 a\u017e 2015\/2016<br \/>\n<\/strong><i>Dr. Zden\u011bk Kova\u0159\u00edk, CSc., odd\u011blen\u00ed v\u011bdy a v\u00fdzkumu PA \u010cR v Praze<br \/>\nMgr. Jarmila Chvostkov\u00e1, odd\u011blen\u00ed celo\u017eivotn\u00edho vzd\u011bl\u00e1v\u00e1n\u00ed PA \u010cR v Praze<\/p>\n<p><\/i>P\u0159edlo\u017een\u00fd \u010dl\u00e1nek se soust\u0159e\u010fuje na anal\u00fdzu v\u00fdsledk\u016f celo\u017eivotn\u00edho vzd\u011bl\u00e1v\u00e1n\u00ed na Policejn\u00ed akademii \u010cR. Analyzovan\u00e1 data byla z\u00edsk\u00e1na dotazn\u00edkov\u00fdm \u0161et\u0159en\u00edm u absolvent\u016f jednotliv\u00fdch kurz\u016f v obdob\u00ed 2012\/2013 &#8211; 2015\/2016. Na z\u00e1klad\u011b deskriptivn\u00ed statistick\u00e9 anal\u00fdzy byly zji\u0161t\u011bny absolutn\u00ed a relativn\u00ed \u010detnosti kategorizovan\u00fdch dat za obdob\u00ed 2015\/2016. S vyu\u017eit\u00edm koeficientu v\u011bcn\u00e9 v\u00fdznamnosti rozd\u00edlu st\u0159edn\u00edch hodnot (Cohenovo d) byl ov\u011b\u0159en v\u00fdzkumn\u00fd p\u0159edpoklad o pozitivn\u00edm hodnocen\u00ed podstatn\u00fdch str\u00e1nek hodnocen\u00fdch kurz\u016f v obdob\u00ed 2015\/2016 oproti p\u0159edch\u00e1zej\u00edc\u00edmu obdob\u00ed 2012\/2013 &#8211; 2014\/2015.<br \/>\n<strong>Kl\u00ed\u010dov\u00e1 slova:\u00a0<\/strong>kurzy celo\u017eivotn\u00edho vzd\u011bl\u00e1v\u00e1n\u00ed, deskriptivn\u00ed statistick\u00e1 anal\u00fdza, v\u011bcn\u00e1 v\u00fdznamnost, Cohenovo d, Goodmanovo a Kruskalovo tau, koeficient \u03b2.<\/p>\n<p><a href=\"https:\/\/veda.polac.cz\/?page_id=464\">04\/2016<\/a><\/p>\n","protected":false},"excerpt":{"rendered":"<p>Resum\u00e9 \u010dl\u00e1nku Verifikace \u00fasp\u011b\u0161nosti celo\u017eivotn\u00edho vzd\u011bl\u00e1v\u00e1n\u00ed na Policejn\u00ed akademii \u010cR v Praze v akademick\u00e9m roce 2012\/2013 a\u017e 2015\/2016 Dr. Zden\u011bk Kova\u0159\u00edk, CSc., odd\u011blen\u00ed v\u011bdy a v\u00fdzkumu PA \u010cR v Praze Mgr. Jarmila Chvostkov\u00e1, odd\u011blen\u00ed celo\u017eivotn\u00edho vzd\u011bl\u00e1v\u00e1n\u00ed PA \u010cR v Praze P\u0159edlo\u017een\u00fd \u010dl\u00e1nek se soust\u0159e\u010fuje na anal\u00fdzu v\u00fdsledk\u016f celo\u017eivotn\u00edho vzd\u011bl\u00e1v\u00e1n\u00ed na Policejn\u00ed akademii \u010cR. Analyzovan\u00e1 data [&hellip;]<\/p>\n","protected":false},"author":2,"featured_media":0,"parent":464,"menu_order":7,"comment_status":"closed","ping_status":"closed","template":"","meta":{"footnotes":""},"class_list":["post-488","page","type-page","status-publish","hentry"],"_links":{"self":[{"href":"https:\/\/veda.polac.cz\/index.php?rest_route=\/wp\/v2\/pages\/488","targetHints":{"allow":["GET"]}}],"collection":[{"href":"https:\/\/veda.polac.cz\/index.php?rest_route=\/wp\/v2\/pages"}],"about":[{"href":"https:\/\/veda.polac.cz\/index.php?rest_route=\/wp\/v2\/types\/page"}],"author":[{"embeddable":true,"href":"https:\/\/veda.polac.cz\/index.php?rest_route=\/wp\/v2\/users\/2"}],"replies":[{"embeddable":true,"href":"https:\/\/veda.polac.cz\/index.php?rest_route=%2Fwp%2Fv2%2Fcomments&post=488"}],"version-history":[{"count":2,"href":"https:\/\/veda.polac.cz\/index.php?rest_route=\/wp\/v2\/pages\/488\/revisions"}],"predecessor-version":[{"id":501,"href":"https:\/\/veda.polac.cz\/index.php?rest_route=\/wp\/v2\/pages\/488\/revisions\/501"}],"up":[{"embeddable":true,"href":"https:\/\/veda.polac.cz\/index.php?rest_route=\/wp\/v2\/pages\/464"}],"wp:attachment":[{"href":"https:\/\/veda.polac.cz\/index.php?rest_route=%2Fwp%2Fv2%2Fmedia&parent=488"}],"curies":[{"name":"wp","href":"https:\/\/api.w.org\/{rel}","templated":true}]}}