{"id":4850,"date":"2019-04-24T09:34:32","date_gmt":"2019-04-24T09:34:32","guid":{"rendered":"http:\/\/veda.polac.cz\/?page_id=4850"},"modified":"2019-04-24T09:41:58","modified_gmt":"2019-04-24T09:41:58","slug":"5-2","status":"publish","type":"page","link":"https:\/\/veda.polac.cz\/?page_id=4850&lang=en","title":{"rendered":""},"content":{"rendered":"<p style=\"text-align: center;\">Resume<\/p>\n<p><strong>In &#8211; Custody Death<br \/>\n<\/strong><em>pplk. Mgr. Tom\u00e1\u0161 Novotn\u00fd<\/em><\/p>\n<p>The article deals with the modern phenomenon In &#8211; Custody Death. This article aims to highlight the aspects of this phenomenon and thus indicate possible early detection and prevention of this life-and health-threatening phenomenon. The article also first published data for the Czech Republic.<br \/>\n<strong>Keywords:<\/strong>\u00a0In &#8211; Custody Death, positional asphyxia, excited delirium.<\/p>\n<hr \/>\n<p><a href=\"https:\/\/veda.polac.cz\/?page_id=2049&amp;lang=en\">Back<\/a><\/p>\n","protected":false},"excerpt":{"rendered":"<p>Resume In &#8211; Custody Death pplk. Mgr. Tom\u00e1\u0161 Novotn\u00fd The article deals with the modern phenomenon In &#8211; Custody Death. This article aims to highlight the aspects of this phenomenon and thus indicate possible early detection and prevention of this life-and health-threatening phenomenon. The article also first published data for the Czech Republic. Keywords:\u00a0In &#8211; [&hellip;]<\/p>\n","protected":false},"author":2,"featured_media":0,"parent":2049,"menu_order":0,"comment_status":"closed","ping_status":"closed","template":"","meta":{"footnotes":""},"class_list":["post-4850","page","type-page","status-publish","hentry"],"_links":{"self":[{"href":"https:\/\/veda.polac.cz\/index.php?rest_route=\/wp\/v2\/pages\/4850","targetHints":{"allow":["GET"]}}],"collection":[{"href":"https:\/\/veda.polac.cz\/index.php?rest_route=\/wp\/v2\/pages"}],"about":[{"href":"https:\/\/veda.polac.cz\/index.php?rest_route=\/wp\/v2\/types\/page"}],"author":[{"embeddable":true,"href":"https:\/\/veda.polac.cz\/index.php?rest_route=\/wp\/v2\/users\/2"}],"replies":[{"embeddable":true,"href":"https:\/\/veda.polac.cz\/index.php?rest_route=%2Fwp%2Fv2%2Fcomments&post=4850"}],"version-history":[{"count":2,"href":"https:\/\/veda.polac.cz\/index.php?rest_route=\/wp\/v2\/pages\/4850\/revisions"}],"predecessor-version":[{"id":4871,"href":"https:\/\/veda.polac.cz\/index.php?rest_route=\/wp\/v2\/pages\/4850\/revisions\/4871"}],"up":[{"embeddable":true,"href":"https:\/\/veda.polac.cz\/index.php?rest_route=\/wp\/v2\/pages\/2049"}],"wp:attachment":[{"href":"https:\/\/veda.polac.cz\/index.php?rest_route=%2Fwp%2Fv2%2Fmedia&parent=4850"}],"curies":[{"name":"wp","href":"https:\/\/api.w.org\/{rel}","templated":true}]}}