{"id":483,"date":"2018-09-13T16:53:50","date_gmt":"2018-09-13T16:53:50","guid":{"rendered":"http:\/\/veda.polac.cz\/?page_id=483"},"modified":"2018-10-27T19:01:13","modified_gmt":"2018-10-27T19:01:13","slug":"5-2","status":"publish","type":"page","link":"https:\/\/veda.polac.cz\/?page_id=483","title":{"rendered":""},"content":{"rendered":"<p style=\"text-align: center;\">Resum\u00e9 \u010dl\u00e1nku<\/p>\n<p><strong>Kompar\u00e1cia syst\u00e9mov pr\u00e1vnej \u00fapravy trestn\u00e9ho \u010dinu sexu\u00e1lneho n\u00e1silia vo vybran\u00fdch eur\u00f3pskych \u0161t\u00e1toch<br \/>\n<\/strong><i>pplk. JUDr. Monika Hullov\u00e1, PhD., Katedra krimin\u00e1lnej pol\u00edcie Akad\u00e9mie PZ v Bratislave<\/p>\n<p><\/i>Autorka v predkladanej \u0161t\u00fadii analyzuje problematiku sexu\u00e1lneho n\u00e1silia z poh\u013eadu dokumentov a aktiv\u00edt medzin\u00e1rodn\u00fdch a eur\u00f3pskych org\u00e1nov a in\u0161tit\u00faci\u00ed. Zameriava sa aj na anal\u00fdzu trestno-pr\u00e1vnej \u00fapravy skutkovej podstaty trestn\u00e9ho \u010dinu sexu\u00e1lneho n\u00e1silia v Slovenskej republike a vo vybran\u00fdch eur\u00f3pskych \u0161t\u00e1toch, konkr\u00e9tne v Ruskej Feder\u00e1cii, Ve\u013ekej Brit\u00e1nii, Belgickom kr\u00e1\u013eovstve, Franc\u00fazskej republike, Po\u013eskej republike a \u010ceskej republike. Kompar\u00e1ciou d\u00e1t sa pok\u00fa\u0161a o hodnotenie efekt\u00edvnosti slovensk\u00e9ho trestno-pr\u00e1vneho syst\u00e9mu na \u00faseku kontroly sexu\u00e1lneho n\u00e1silia.<br \/>\n<strong>K\u013e\u00fa\u010dov\u00e9 slov\u00e1:\u00a0<\/strong>n\u00e1silie, sexu\u00e1lne n\u00e1silie, n\u00e1silie na \u017een\u00e1ch, pohlavn\u00fd styk, s\u00falo\u017e, n\u00e1siln\u00e9 trestn\u00e9 \u010diny sexu\u00e1lneho charakteru, konanie s prvkami sexu\u00e1lneho n\u00e1silia.<\/p>\n<p><a href=\"https:\/\/veda.polac.cz\/?page_id=464\">04\/2016<\/a><\/p>\n","protected":false},"excerpt":{"rendered":"<p>Resum\u00e9 \u010dl\u00e1nku Kompar\u00e1cia syst\u00e9mov pr\u00e1vnej \u00fapravy trestn\u00e9ho \u010dinu sexu\u00e1lneho n\u00e1silia vo vybran\u00fdch eur\u00f3pskych \u0161t\u00e1toch pplk. JUDr. Monika Hullov\u00e1, PhD., Katedra krimin\u00e1lnej pol\u00edcie Akad\u00e9mie PZ v Bratislave Autorka v predkladanej \u0161t\u00fadii analyzuje problematiku sexu\u00e1lneho n\u00e1silia z poh\u013eadu dokumentov a aktiv\u00edt medzin\u00e1rodn\u00fdch a eur\u00f3pskych org\u00e1nov a in\u0161tit\u00faci\u00ed. Zameriava sa aj na anal\u00fdzu trestno-pr\u00e1vnej \u00fapravy skutkovej podstaty trestn\u00e9ho [&hellip;]<\/p>\n","protected":false},"author":2,"featured_media":0,"parent":464,"menu_order":5,"comment_status":"closed","ping_status":"closed","template":"","meta":{"footnotes":""},"class_list":["post-483","page","type-page","status-publish","hentry"],"_links":{"self":[{"href":"https:\/\/veda.polac.cz\/index.php?rest_route=\/wp\/v2\/pages\/483","targetHints":{"allow":["GET"]}}],"collection":[{"href":"https:\/\/veda.polac.cz\/index.php?rest_route=\/wp\/v2\/pages"}],"about":[{"href":"https:\/\/veda.polac.cz\/index.php?rest_route=\/wp\/v2\/types\/page"}],"author":[{"embeddable":true,"href":"https:\/\/veda.polac.cz\/index.php?rest_route=\/wp\/v2\/users\/2"}],"replies":[{"embeddable":true,"href":"https:\/\/veda.polac.cz\/index.php?rest_route=%2Fwp%2Fv2%2Fcomments&post=483"}],"version-history":[{"count":2,"href":"https:\/\/veda.polac.cz\/index.php?rest_route=\/wp\/v2\/pages\/483\/revisions"}],"predecessor-version":[{"id":499,"href":"https:\/\/veda.polac.cz\/index.php?rest_route=\/wp\/v2\/pages\/483\/revisions\/499"}],"up":[{"embeddable":true,"href":"https:\/\/veda.polac.cz\/index.php?rest_route=\/wp\/v2\/pages\/464"}],"wp:attachment":[{"href":"https:\/\/veda.polac.cz\/index.php?rest_route=%2Fwp%2Fv2%2Fmedia&parent=483"}],"curies":[{"name":"wp","href":"https:\/\/api.w.org\/{rel}","templated":true}]}}