{"id":4811,"date":"2019-04-24T09:13:34","date_gmt":"2019-04-24T09:13:34","guid":{"rendered":"http:\/\/veda.polac.cz\/?page_id=4811"},"modified":"2019-04-24T09:23:34","modified_gmt":"2019-04-24T09:23:34","slug":"7-2","status":"publish","type":"page","link":"https:\/\/veda.polac.cz\/?page_id=4811&lang=en","title":{"rendered":""},"content":{"rendered":"<p style=\"text-align: center;\">Resume<\/p>\n<p><strong>Kybergrooming (part 1)<br \/>\n<\/strong><em>Bc. Lenka Klivandov\u00e1, Mgr. Luk\u00e1\u0161 Urban, Ph.D.<\/em><\/p>\n<p>The first part of paper is designed as a social science interpretation of the cyber grooming &#8211; the phenomenon of misuse of information and communication technologies to psychological manipulation and sexual assault on a child, respectively juvenile victim &#8211; with the emphasis being placed on the description of its socio-cultural contexts (e.g. the commercialization of life, the dynamics of time, the greediness of society for experiences, sharing and deep friendship, integrity \/ &#8222;crisis&#8220; of contemporary family, an unprecedented penetration of worlds of children and adults, the invasion of virtuality and ICT into daily \/everyday\/ life, media education and literacy). The authors also describe the different phasing of attacks and methods of groomers, as well as personality traits of typical offenders and victims; it is also mentioned the criminal (law) level of discussed socially pathological phenomenon. The text is completed by the latest insights of experts from the security legal and pedagogical practice.<br \/>\n<strong>Keywords:<\/strong>\u00a0Grooming, cyberbullying, information and communication technologies, information and media literacy, internet addiction, emotional addiction, stages of attack, virtual manipulation, luring, mirroring, fishing.<\/p>\n<hr \/>\n<p><a href=\"https:\/\/veda.polac.cz\/?page_id=2051&amp;lang=en\">Back<\/a><\/p>\n","protected":false},"excerpt":{"rendered":"<p>Resume Kybergrooming (part 1) Bc. Lenka Klivandov\u00e1, Mgr. Luk\u00e1\u0161 Urban, Ph.D. The first part of paper is designed as a social science interpretation of the cyber grooming &#8211; the phenomenon of misuse of information and communication technologies to psychological manipulation and sexual assault on a child, respectively juvenile victim &#8211; with the emphasis being placed [&hellip;]<\/p>\n","protected":false},"author":2,"featured_media":0,"parent":2051,"menu_order":0,"comment_status":"closed","ping_status":"closed","template":"","meta":{"footnotes":""},"class_list":["post-4811","page","type-page","status-publish","hentry"],"_links":{"self":[{"href":"https:\/\/veda.polac.cz\/index.php?rest_route=\/wp\/v2\/pages\/4811","targetHints":{"allow":["GET"]}}],"collection":[{"href":"https:\/\/veda.polac.cz\/index.php?rest_route=\/wp\/v2\/pages"}],"about":[{"href":"https:\/\/veda.polac.cz\/index.php?rest_route=\/wp\/v2\/types\/page"}],"author":[{"embeddable":true,"href":"https:\/\/veda.polac.cz\/index.php?rest_route=\/wp\/v2\/users\/2"}],"replies":[{"embeddable":true,"href":"https:\/\/veda.polac.cz\/index.php?rest_route=%2Fwp%2Fv2%2Fcomments&post=4811"}],"version-history":[{"count":3,"href":"https:\/\/veda.polac.cz\/index.php?rest_route=\/wp\/v2\/pages\/4811\/revisions"}],"predecessor-version":[{"id":4835,"href":"https:\/\/veda.polac.cz\/index.php?rest_route=\/wp\/v2\/pages\/4811\/revisions\/4835"}],"up":[{"embeddable":true,"href":"https:\/\/veda.polac.cz\/index.php?rest_route=\/wp\/v2\/pages\/2051"}],"wp:attachment":[{"href":"https:\/\/veda.polac.cz\/index.php?rest_route=%2Fwp%2Fv2%2Fmedia&parent=4811"}],"curies":[{"name":"wp","href":"https:\/\/api.w.org\/{rel}","templated":true}]}}