{"id":481,"date":"2018-09-13T16:52:32","date_gmt":"2018-09-13T16:52:32","guid":{"rendered":"http:\/\/veda.polac.cz\/?page_id=481"},"modified":"2018-10-27T19:01:13","modified_gmt":"2018-10-27T19:01:13","slug":"4-2","status":"publish","type":"page","link":"https:\/\/veda.polac.cz\/?page_id=481","title":{"rendered":""},"content":{"rendered":"<p style=\"text-align: center;\">Resum\u00e9 \u010dl\u00e1nku<\/p>\n<p><strong>Vyhrocen\u00e9 n\u00e1sil\u00ed ve \u0161koln\u00edm prost\u0159ed\u00ed v N\u011bmecku jako pou\u010den\u00ed pro \u010ceskou republiku (\u010d\u00e1st 1)<br \/>\n<\/strong><i>Mgr. Old\u0159ich Krul\u00edk, Ph.D., Fakulta bezpe\u010dnostn\u00edho managementu PA \u010cR v Praze, Katedra krizov\u00e9ho \u0159\u00edzen\u00ed<\/p>\n<p><\/i>Studie se zab\u00fdv\u00e1 t\u00e9matem &#8222;\u0161koln\u00edch masakr\u016f&#8220; ve Spolkov\u00e9 republice N\u011bmecko. Jedn\u00e1 se o fenom\u00e9n, se kter\u00fdm se sousedn\u00ed zem\u011b pot\u00fdk\u00e1 ji\u017e v\u00edce ne\u017e 15 let. N\u011bkter\u00e9 p\u0159\u00edpady nebo souvisej\u00edc\u00ed analytick\u00e9 dokumenty byly studov\u00e1ny, s c\u00edlem z\u00edskat ur\u010dit\u00e9 informace, vyu\u017eiteln\u00e9 v r\u00e1mci prevence tohoto jevu v \u010cesk\u00e9 republice.<br \/>\n<strong>Kl\u00ed\u010dov\u00e1 slova:<\/strong>\u00a0N\u011bmecko, \u0161koln\u00ed n\u00e1sil\u00ed, prevence, psychologie, pedagogick\u00e1 \u010dinnost.<i><br \/>\n<\/i><\/p>\n<p><a href=\"https:\/\/veda.polac.cz\/?page_id=464\">04\/2016<\/a><\/p>\n","protected":false},"excerpt":{"rendered":"<p>Resum\u00e9 \u010dl\u00e1nku Vyhrocen\u00e9 n\u00e1sil\u00ed ve \u0161koln\u00edm prost\u0159ed\u00ed v N\u011bmecku jako pou\u010den\u00ed pro \u010ceskou republiku (\u010d\u00e1st 1) Mgr. Old\u0159ich Krul\u00edk, Ph.D., Fakulta bezpe\u010dnostn\u00edho managementu PA \u010cR v Praze, Katedra krizov\u00e9ho \u0159\u00edzen\u00ed Studie se zab\u00fdv\u00e1 t\u00e9matem &#8222;\u0161koln\u00edch masakr\u016f&#8220; ve Spolkov\u00e9 republice N\u011bmecko. Jedn\u00e1 se o fenom\u00e9n, se kter\u00fdm se sousedn\u00ed zem\u011b pot\u00fdk\u00e1 ji\u017e v\u00edce ne\u017e 15 let. [&hellip;]<\/p>\n","protected":false},"author":2,"featured_media":0,"parent":464,"menu_order":4,"comment_status":"closed","ping_status":"closed","template":"","meta":{"footnotes":""},"class_list":["post-481","page","type-page","status-publish","hentry"],"_links":{"self":[{"href":"https:\/\/veda.polac.cz\/index.php?rest_route=\/wp\/v2\/pages\/481","targetHints":{"allow":["GET"]}}],"collection":[{"href":"https:\/\/veda.polac.cz\/index.php?rest_route=\/wp\/v2\/pages"}],"about":[{"href":"https:\/\/veda.polac.cz\/index.php?rest_route=\/wp\/v2\/types\/page"}],"author":[{"embeddable":true,"href":"https:\/\/veda.polac.cz\/index.php?rest_route=\/wp\/v2\/users\/2"}],"replies":[{"embeddable":true,"href":"https:\/\/veda.polac.cz\/index.php?rest_route=%2Fwp%2Fv2%2Fcomments&post=481"}],"version-history":[{"count":2,"href":"https:\/\/veda.polac.cz\/index.php?rest_route=\/wp\/v2\/pages\/481\/revisions"}],"predecessor-version":[{"id":498,"href":"https:\/\/veda.polac.cz\/index.php?rest_route=\/wp\/v2\/pages\/481\/revisions\/498"}],"up":[{"embeddable":true,"href":"https:\/\/veda.polac.cz\/index.php?rest_route=\/wp\/v2\/pages\/464"}],"wp:attachment":[{"href":"https:\/\/veda.polac.cz\/index.php?rest_route=%2Fwp%2Fv2%2Fmedia&parent=481"}],"curies":[{"name":"wp","href":"https:\/\/api.w.org\/{rel}","templated":true}]}}