{"id":4803,"date":"2019-04-24T09:09:11","date_gmt":"2019-04-24T09:09:11","guid":{"rendered":"http:\/\/veda.polac.cz\/?page_id=4803"},"modified":"2019-04-24T09:23:30","modified_gmt":"2019-04-24T09:23:30","slug":"4-2","status":"publish","type":"page","link":"https:\/\/veda.polac.cz\/?page_id=4803&lang=en","title":{"rendered":""},"content":{"rendered":"<p style=\"text-align: center;\">Resume<\/p>\n<p><strong>Some Offenses Against Peaceful Coexistence and Similar Crimes<br \/>\n<\/strong><em>doc. JUDr. Eva Horzinkov\u00e1, Ph.D., Ing. Kl\u00e1ra Horzinkov\u00e1<\/em><\/p>\n<p>The article deals with offenses against civil coexistence and define their individual merits. The authors in their professional articles devoted to the design. Design offenses are present only on the basis of the petition. The article is a brief comparison between offenses against peaceful coexistence and similar offenses. The authors also points out how to distinquish these offenses.<br \/>\n<strong>Keywords:<\/strong>\u00a0offense, crime, protection of personality, illegality, punishability, civil coexistence, close person, subject of infraction, object of infraction.<\/p>\n<hr \/>\n<p><a href=\"https:\/\/veda.polac.cz\/?page_id=2051&amp;lang=en\">Back<\/a><\/p>\n","protected":false},"excerpt":{"rendered":"<p>Resume Some Offenses Against Peaceful Coexistence and Similar Crimes doc. JUDr. Eva Horzinkov\u00e1, Ph.D., Ing. Kl\u00e1ra Horzinkov\u00e1 The article deals with offenses against civil coexistence and define their individual merits. The authors in their professional articles devoted to the design. Design offenses are present only on the basis of the petition. The article is a [&hellip;]<\/p>\n","protected":false},"author":2,"featured_media":0,"parent":2051,"menu_order":0,"comment_status":"closed","ping_status":"closed","template":"","meta":{"footnotes":""},"class_list":["post-4803","page","type-page","status-publish","hentry"],"_links":{"self":[{"href":"https:\/\/veda.polac.cz\/index.php?rest_route=\/wp\/v2\/pages\/4803","targetHints":{"allow":["GET"]}}],"collection":[{"href":"https:\/\/veda.polac.cz\/index.php?rest_route=\/wp\/v2\/pages"}],"about":[{"href":"https:\/\/veda.polac.cz\/index.php?rest_route=\/wp\/v2\/types\/page"}],"author":[{"embeddable":true,"href":"https:\/\/veda.polac.cz\/index.php?rest_route=\/wp\/v2\/users\/2"}],"replies":[{"embeddable":true,"href":"https:\/\/veda.polac.cz\/index.php?rest_route=%2Fwp%2Fv2%2Fcomments&post=4803"}],"version-history":[{"count":2,"href":"https:\/\/veda.polac.cz\/index.php?rest_route=\/wp\/v2\/pages\/4803\/revisions"}],"predecessor-version":[{"id":4832,"href":"https:\/\/veda.polac.cz\/index.php?rest_route=\/wp\/v2\/pages\/4803\/revisions\/4832"}],"up":[{"embeddable":true,"href":"https:\/\/veda.polac.cz\/index.php?rest_route=\/wp\/v2\/pages\/2051"}],"wp:attachment":[{"href":"https:\/\/veda.polac.cz\/index.php?rest_route=%2Fwp%2Fv2%2Fmedia&parent=4803"}],"curies":[{"name":"wp","href":"https:\/\/api.w.org\/{rel}","templated":true}]}}