{"id":478,"date":"2018-09-13T16:51:07","date_gmt":"2018-09-13T16:51:07","guid":{"rendered":"http:\/\/veda.polac.cz\/?page_id=478"},"modified":"2018-10-27T18:51:38","modified_gmt":"2018-10-27T18:51:38","slug":"3-2","status":"publish","type":"page","link":"https:\/\/veda.polac.cz\/?page_id=478","title":{"rendered":""},"content":{"rendered":"<p style=\"text-align: center;\">Resum\u00e9 \u010dl\u00e1nku<\/p>\n<p><strong>Mor\u00e1ln\u00ed relativismus &#8211; riziko nebo v\u00fdzva?<br \/>\n<\/strong><i>PhDr. Petr Nesvadba, CSc., Fakulta bezpe\u010dnostn\u00edho managementu PA \u010cR v Praze, Katedra spole\u010densk\u00fdch v\u011bd<\/p>\n<p><\/i>Autor podrobuje filosofick\u00e9 reflexi fenom\u00e9n relativismu. Tento fenom\u00e9n m\u00e1 antick\u00e9 my\u0161lenkov\u00e9 ko\u0159eny, byl ned\u00edln\u00fdm aspektem i dal\u0161\u00edho v\u00fdvoje evropsk\u00e9ho my\u0161len\u00ed a obzvl\u00e1\u0161t\u011b vystupuje do pop\u0159ed\u00ed v &#8222;postmodern\u00ed&#8220; dob\u011b, kterou charakterizuje rozpad tradi\u010dn\u00edch metanarac\u00ed a ztr\u00e1ta samoz\u0159ejmosti kulturn\u00ed identity Z\u00e1padu. Autor soust\u0159e\u010fuje pozornost na relativismus v mor\u00e1ln\u00ed sf\u00e9\u0159e; zejm\u00e9na klade ot\u00e1zku p\u016fvodu a povahy mor\u00e1ln\u00edch hodnot. Ve sv\u00e9 stati odm\u00edt\u00e1 relativismus jednostrann\u011b odsuzovat i velebit; sna\u017e\u00ed se co nejv\u0161estrann\u011bji promyslet jak jeho &#8222;konstruktivn\u00ed&#8220;, tak &#8222;destruktivn\u00ed&#8220; verzi a nab\u00eddnout tak \u010dten\u00e1\u0159i nesporn\u00e9 v\u00fdhody, ale t\u00e9\u017e rizika relativistick\u00e9ho p\u0159\u00edstupu ke sv\u011btu.<br \/>\n<strong>Kl\u00ed\u010dov\u00e1 slova:\u00a0<\/strong>Etika, mor\u00e1lka, mor\u00e1ln\u00ed hodnoty, postmoderna, relativismus, skepticismus.<\/p>\n<p><a href=\"https:\/\/veda.polac.cz\/?page_id=464\">04\/2016<\/a><\/p>\n","protected":false},"excerpt":{"rendered":"<p>Resum\u00e9 \u010dl\u00e1nku Mor\u00e1ln\u00ed relativismus &#8211; riziko nebo v\u00fdzva? PhDr. Petr Nesvadba, CSc., Fakulta bezpe\u010dnostn\u00edho managementu PA \u010cR v Praze, Katedra spole\u010densk\u00fdch v\u011bd Autor podrobuje filosofick\u00e9 reflexi fenom\u00e9n relativismu. Tento fenom\u00e9n m\u00e1 antick\u00e9 my\u0161lenkov\u00e9 ko\u0159eny, byl ned\u00edln\u00fdm aspektem i dal\u0161\u00edho v\u00fdvoje evropsk\u00e9ho my\u0161len\u00ed a obzvl\u00e1\u0161t\u011b vystupuje do pop\u0159ed\u00ed v &#8222;postmodern\u00ed&#8220; dob\u011b, kterou charakterizuje rozpad tradi\u010dn\u00edch metanarac\u00ed [&hellip;]<\/p>\n","protected":false},"author":2,"featured_media":0,"parent":0,"menu_order":3,"comment_status":"closed","ping_status":"closed","template":"","meta":{"footnotes":""},"class_list":["post-478","page","type-page","status-publish","hentry"],"_links":{"self":[{"href":"https:\/\/veda.polac.cz\/index.php?rest_route=\/wp\/v2\/pages\/478","targetHints":{"allow":["GET"]}}],"collection":[{"href":"https:\/\/veda.polac.cz\/index.php?rest_route=\/wp\/v2\/pages"}],"about":[{"href":"https:\/\/veda.polac.cz\/index.php?rest_route=\/wp\/v2\/types\/page"}],"author":[{"embeddable":true,"href":"https:\/\/veda.polac.cz\/index.php?rest_route=\/wp\/v2\/users\/2"}],"replies":[{"embeddable":true,"href":"https:\/\/veda.polac.cz\/index.php?rest_route=%2Fwp%2Fv2%2Fcomments&post=478"}],"version-history":[{"count":2,"href":"https:\/\/veda.polac.cz\/index.php?rest_route=\/wp\/v2\/pages\/478\/revisions"}],"predecessor-version":[{"id":497,"href":"https:\/\/veda.polac.cz\/index.php?rest_route=\/wp\/v2\/pages\/478\/revisions\/497"}],"wp:attachment":[{"href":"https:\/\/veda.polac.cz\/index.php?rest_route=%2Fwp%2Fv2%2Fmedia&parent=478"}],"curies":[{"name":"wp","href":"https:\/\/api.w.org\/{rel}","templated":true}]}}