{"id":4767,"date":"2019-04-24T08:26:16","date_gmt":"2019-04-24T08:26:16","guid":{"rendered":"http:\/\/veda.polac.cz\/?page_id=4767"},"modified":"2019-04-24T09:05:43","modified_gmt":"2019-04-24T09:05:43","slug":"7-2","status":"publish","type":"page","link":"https:\/\/veda.polac.cz\/?page_id=4767&lang=en","title":{"rendered":""},"content":{"rendered":"<p style=\"text-align: center;\">Resume<\/p>\n<p><strong>The Law Regulations Anabling Legal Procedures to Repress Right-Wing Extremism on Internet<\/strong><br \/>\n<em>kpt. Mgr. Luk\u00e1\u0161 Vil\u00edm<\/em><\/p>\n<p>The article pursues the actual law regulations, which makes it possible, through support of legal procedures, to repress right-wing extremism on internet. The author reacts on the progression of law regulations regarding the manifestations of right-wing extremism on internet.<br \/>\n<strong>Key words:<\/strong>\u00a0right-wing extremism, internet, propagation, criminal law.<\/p>\n<hr \/>\n<p><a href=\"https:\/\/veda.polac.cz\/?page_id=2053&amp;lang=en\">Back<\/a><\/p>\n","protected":false},"excerpt":{"rendered":"<p>Resume The Law Regulations Anabling Legal Procedures to Repress Right-Wing Extremism on Internet kpt. Mgr. Luk\u00e1\u0161 Vil\u00edm The article pursues the actual law regulations, which makes it possible, through support of legal procedures, to repress right-wing extremism on internet. The author reacts on the progression of law regulations regarding the manifestations of right-wing extremism on [&hellip;]<\/p>\n","protected":false},"author":2,"featured_media":0,"parent":2053,"menu_order":0,"comment_status":"closed","ping_status":"closed","template":"","meta":{"footnotes":""},"class_list":["post-4767","page","type-page","status-publish","hentry"],"_links":{"self":[{"href":"https:\/\/veda.polac.cz\/index.php?rest_route=\/wp\/v2\/pages\/4767","targetHints":{"allow":["GET"]}}],"collection":[{"href":"https:\/\/veda.polac.cz\/index.php?rest_route=\/wp\/v2\/pages"}],"about":[{"href":"https:\/\/veda.polac.cz\/index.php?rest_route=\/wp\/v2\/types\/page"}],"author":[{"embeddable":true,"href":"https:\/\/veda.polac.cz\/index.php?rest_route=\/wp\/v2\/users\/2"}],"replies":[{"embeddable":true,"href":"https:\/\/veda.polac.cz\/index.php?rest_route=%2Fwp%2Fv2%2Fcomments&post=4767"}],"version-history":[{"count":2,"href":"https:\/\/veda.polac.cz\/index.php?rest_route=\/wp\/v2\/pages\/4767\/revisions"}],"predecessor-version":[{"id":4792,"href":"https:\/\/veda.polac.cz\/index.php?rest_route=\/wp\/v2\/pages\/4767\/revisions\/4792"}],"up":[{"embeddable":true,"href":"https:\/\/veda.polac.cz\/index.php?rest_route=\/wp\/v2\/pages\/2053"}],"wp:attachment":[{"href":"https:\/\/veda.polac.cz\/index.php?rest_route=%2Fwp%2Fv2%2Fmedia&parent=4767"}],"curies":[{"name":"wp","href":"https:\/\/api.w.org\/{rel}","templated":true}]}}