{"id":474,"date":"2018-09-13T16:49:31","date_gmt":"2018-09-13T16:49:31","guid":{"rendered":"http:\/\/veda.polac.cz\/?page_id=474"},"modified":"2018-11-02T22:18:27","modified_gmt":"2018-11-02T22:18:27","slug":"2-2","status":"publish","type":"page","link":"https:\/\/veda.polac.cz\/?page_id=474","title":{"rendered":""},"content":{"rendered":"<p style=\"text-align: center;\">Resum\u00e9 \u010dl\u00e1nku<\/p>\n<p><strong>Radikalizace &#8211; co vede lidi k extr\u00e9mn\u00edmu chov\u00e1n\u00ed?<\/strong><br \/>\n<em>doc. PhDr. Ludmila \u010c\u00edrtkov\u00e1, CSc.<\/em><br \/>\n<em>Fakulta bezpe\u010dnostn\u00edho managementu PA \u010cR v Praze<\/em><br \/>\n<em>Katedra spole\u010densk\u00fdch v\u011bd<\/em><\/p>\n<p>Radikalizace z pohledu psychologie znamen\u00e1 takov\u00e9 &#8222;p\u0159elad\u011bn\u00ed&#8220; psychiky a osobnosti jedince, kter\u00e9 uvol\u0148uje z\u00e1m\u011brn\u00e9, intencion\u00e1ln\u00ed projevy extr\u00e9mn\u00ed agrese. Pro psychologick\u00fd p\u0159\u00edstup k radikalizaci je typick\u00e9, \u017ee vid\u00ed paralely mezi tzv. amokov\u00fdmi pachateli, sebevra\u017eedn\u00fdmi atent\u00e1tn\u00edky a teroristy typu &#8222;osam\u011bl\u00fd vlk&#8220;. Psychologick\u00e9 v\u00fdzkumy zat\u00edm zd\u016fraz\u0148uj\u00ed t\u0159i kl\u00ed\u010dov\u00e1 t\u00e9mata: osobnostn\u00ed charakteristiky pachatel\u016f, jejich soci\u00e1ln\u00ed vyko\u0159en\u011bnost a faktor n\u00e1podoby \u010di n\u00e1kazy. \u010cl\u00e1nek analyzuje psychologicky podep\u0159en\u00e9 mo\u017enosti predikce a prevence fenom\u00e9n\u016f radikalizace.<br \/>\n<strong>Kl\u00ed\u010dov\u00e1 slova:<\/strong>\u00a0radikalizace, amok, osobn\u011b motivovan\u00e9 atent\u00e1ty, forenzn\u00ed psychologie, rizikov\u00e9 faktory.<\/p>\n<p><a href=\"https:\/\/veda.polac.cz\/?page_id=464\">04\/2016<\/a><\/p>\n","protected":false},"excerpt":{"rendered":"<p>Resum\u00e9 \u010dl\u00e1nku Radikalizace &#8211; co vede lidi k extr\u00e9mn\u00edmu chov\u00e1n\u00ed? doc. PhDr. Ludmila \u010c\u00edrtkov\u00e1, CSc. Fakulta bezpe\u010dnostn\u00edho managementu PA \u010cR v Praze Katedra spole\u010densk\u00fdch v\u011bd Radikalizace z pohledu psychologie znamen\u00e1 takov\u00e9 &#8222;p\u0159elad\u011bn\u00ed&#8220; psychiky a osobnosti jedince, kter\u00e9 uvol\u0148uje z\u00e1m\u011brn\u00e9, intencion\u00e1ln\u00ed projevy extr\u00e9mn\u00ed agrese. Pro psychologick\u00fd p\u0159\u00edstup k radikalizaci je typick\u00e9, \u017ee vid\u00ed paralely mezi tzv. [&hellip;]<\/p>\n","protected":false},"author":2,"featured_media":0,"parent":464,"menu_order":2,"comment_status":"closed","ping_status":"closed","template":"","meta":{"footnotes":""},"class_list":["post-474","page","type-page","status-publish","hentry"],"_links":{"self":[{"href":"https:\/\/veda.polac.cz\/index.php?rest_route=\/wp\/v2\/pages\/474","targetHints":{"allow":["GET"]}}],"collection":[{"href":"https:\/\/veda.polac.cz\/index.php?rest_route=\/wp\/v2\/pages"}],"about":[{"href":"https:\/\/veda.polac.cz\/index.php?rest_route=\/wp\/v2\/types\/page"}],"author":[{"embeddable":true,"href":"https:\/\/veda.polac.cz\/index.php?rest_route=\/wp\/v2\/users\/2"}],"replies":[{"embeddable":true,"href":"https:\/\/veda.polac.cz\/index.php?rest_route=%2Fwp%2Fv2%2Fcomments&post=474"}],"version-history":[{"count":2,"href":"https:\/\/veda.polac.cz\/index.php?rest_route=\/wp\/v2\/pages\/474\/revisions"}],"predecessor-version":[{"id":503,"href":"https:\/\/veda.polac.cz\/index.php?rest_route=\/wp\/v2\/pages\/474\/revisions\/503"}],"up":[{"embeddable":true,"href":"https:\/\/veda.polac.cz\/index.php?rest_route=\/wp\/v2\/pages\/464"}],"wp:attachment":[{"href":"https:\/\/veda.polac.cz\/index.php?rest_route=%2Fwp%2Fv2%2Fmedia&parent=474"}],"curies":[{"name":"wp","href":"https:\/\/api.w.org\/{rel}","templated":true}]}}