{"id":4717,"date":"2019-04-24T07:38:27","date_gmt":"2019-04-24T07:38:27","guid":{"rendered":"http:\/\/veda.polac.cz\/?page_id=4717"},"modified":"2019-04-24T07:49:55","modified_gmt":"2019-04-24T07:49:55","slug":"4-2","status":"publish","type":"page","link":"https:\/\/veda.polac.cz\/?page_id=4717&lang=en","title":{"rendered":""},"content":{"rendered":"<p style=\"text-align: center;\">Resume<\/p>\n<p><strong>The Search for Interest Right-Wing Extremists Sites on the Internet<\/strong><br \/>\n<em>kpt. Mgr. Luk\u00e1\u0161 Vil\u00edm<\/em><\/p>\n<p>The article deals with right-wing extremism and right-wing extremists internet sites, which are the point of interest for law enforcement forces. The author specifies how to use &#8222;Google search&#8220; and &#8222;Google index&#8220; to find ultra-radical right wing extremist sites.<br \/>\n<strong>Keywords:<\/strong>\u00a0right-wing extremism, Google indexes, law enforcement, internet.<\/p>\n<hr \/>\n<p><a href=\"https:\/\/veda.polac.cz\/?page_id=2055&amp;lang=en\">Back<\/a><\/p>\n","protected":false},"excerpt":{"rendered":"<p>Resume The Search for Interest Right-Wing Extremists Sites on the Internet kpt. Mgr. Luk\u00e1\u0161 Vil\u00edm The article deals with right-wing extremism and right-wing extremists internet sites, which are the point of interest for law enforcement forces. The author specifies how to use &#8222;Google search&#8220; and &#8222;Google index&#8220; to find ultra-radical right wing extremist sites. Keywords:\u00a0right-wing [&hellip;]<\/p>\n","protected":false},"author":2,"featured_media":0,"parent":2055,"menu_order":0,"comment_status":"closed","ping_status":"closed","template":"","meta":{"footnotes":""},"class_list":["post-4717","page","type-page","status-publish","hentry"],"_links":{"self":[{"href":"https:\/\/veda.polac.cz\/index.php?rest_route=\/wp\/v2\/pages\/4717","targetHints":{"allow":["GET"]}}],"collection":[{"href":"https:\/\/veda.polac.cz\/index.php?rest_route=\/wp\/v2\/pages"}],"about":[{"href":"https:\/\/veda.polac.cz\/index.php?rest_route=\/wp\/v2\/types\/page"}],"author":[{"embeddable":true,"href":"https:\/\/veda.polac.cz\/index.php?rest_route=\/wp\/v2\/users\/2"}],"replies":[{"embeddable":true,"href":"https:\/\/veda.polac.cz\/index.php?rest_route=%2Fwp%2Fv2%2Fcomments&post=4717"}],"version-history":[{"count":2,"href":"https:\/\/veda.polac.cz\/index.php?rest_route=\/wp\/v2\/pages\/4717\/revisions"}],"predecessor-version":[{"id":4747,"href":"https:\/\/veda.polac.cz\/index.php?rest_route=\/wp\/v2\/pages\/4717\/revisions\/4747"}],"up":[{"embeddable":true,"href":"https:\/\/veda.polac.cz\/index.php?rest_route=\/wp\/v2\/pages\/2055"}],"wp:attachment":[{"href":"https:\/\/veda.polac.cz\/index.php?rest_route=%2Fwp%2Fv2%2Fmedia&parent=4717"}],"curies":[{"name":"wp","href":"https:\/\/api.w.org\/{rel}","templated":true}]}}