{"id":4715,"date":"2019-04-24T07:37:39","date_gmt":"2019-04-24T07:37:39","guid":{"rendered":"http:\/\/veda.polac.cz\/?page_id=4715"},"modified":"2019-04-24T07:49:53","modified_gmt":"2019-04-24T07:49:53","slug":"3-2","status":"publish","type":"page","link":"https:\/\/veda.polac.cz\/?page_id=4715&lang=en","title":{"rendered":""},"content":{"rendered":"<p style=\"text-align: center;\">Resume<\/p>\n<p><strong>Contemporary Ultra-Leftist Violence in Central Eastern Europe<\/strong><br \/>\n<em>doc. JUDr. PhDr. Miroslav Mare\u0161, JUDr. et Mgr. \u0160t\u011bp\u00e1n V\u00fdborn\u00fd<\/em><\/p>\n<p>This article deals with the contemporary violence committed by the followers of the ultra-leftist scene. It identifies basic militant ultra leftist trends development and it defines particular categories of their violent manifestations. Specific cases are described including their transnational dimensions. Among others there are actions supporting Greek revolt, antifascist violence, assassination threats against political representatives, situational and crowd violence and eco terrorism and eco sabotage.<br \/>\n<strong>Key words:<\/strong> ultra-left wing, Central Eastern Europe, violence, toll gates.<\/p>\n<hr \/>\n<p><a href=\"https:\/\/veda.polac.cz\/?page_id=2055&amp;lang=en\">Back<\/a><\/p>\n","protected":false},"excerpt":{"rendered":"<p>Resume Contemporary Ultra-Leftist Violence in Central Eastern Europe doc. JUDr. PhDr. Miroslav Mare\u0161, JUDr. et Mgr. \u0160t\u011bp\u00e1n V\u00fdborn\u00fd This article deals with the contemporary violence committed by the followers of the ultra-leftist scene. It identifies basic militant ultra leftist trends development and it defines particular categories of their violent manifestations. Specific cases are described including [&hellip;]<\/p>\n","protected":false},"author":2,"featured_media":0,"parent":2055,"menu_order":0,"comment_status":"closed","ping_status":"closed","template":"","meta":{"footnotes":""},"class_list":["post-4715","page","type-page","status-publish","hentry"],"_links":{"self":[{"href":"https:\/\/veda.polac.cz\/index.php?rest_route=\/wp\/v2\/pages\/4715","targetHints":{"allow":["GET"]}}],"collection":[{"href":"https:\/\/veda.polac.cz\/index.php?rest_route=\/wp\/v2\/pages"}],"about":[{"href":"https:\/\/veda.polac.cz\/index.php?rest_route=\/wp\/v2\/types\/page"}],"author":[{"embeddable":true,"href":"https:\/\/veda.polac.cz\/index.php?rest_route=\/wp\/v2\/users\/2"}],"replies":[{"embeddable":true,"href":"https:\/\/veda.polac.cz\/index.php?rest_route=%2Fwp%2Fv2%2Fcomments&post=4715"}],"version-history":[{"count":2,"href":"https:\/\/veda.polac.cz\/index.php?rest_route=\/wp\/v2\/pages\/4715\/revisions"}],"predecessor-version":[{"id":4746,"href":"https:\/\/veda.polac.cz\/index.php?rest_route=\/wp\/v2\/pages\/4715\/revisions\/4746"}],"up":[{"embeddable":true,"href":"https:\/\/veda.polac.cz\/index.php?rest_route=\/wp\/v2\/pages\/2055"}],"wp:attachment":[{"href":"https:\/\/veda.polac.cz\/index.php?rest_route=%2Fwp%2Fv2%2Fmedia&parent=4715"}],"curies":[{"name":"wp","href":"https:\/\/api.w.org\/{rel}","templated":true}]}}