{"id":4713,"date":"2019-04-24T07:36:58","date_gmt":"2019-04-24T07:36:58","guid":{"rendered":"http:\/\/veda.polac.cz\/?page_id=4713"},"modified":"2019-04-24T07:49:52","modified_gmt":"2019-04-24T07:49:52","slug":"2-2","status":"publish","type":"page","link":"https:\/\/veda.polac.cz\/?page_id=4713&lang=en","title":{"rendered":""},"content":{"rendered":"<p style=\"text-align: center;\">Resume<\/p>\n<p><strong>Security Risks Associated with the Growth of Unemployment of Economically Active Population<\/strong><br \/>\n<em>Ing. Erika Urb\u00e1nkov\u00e1, doc. Ing. Josef Br\u010d\u00e1k, CSc., Mgr. Franti\u0161ek H\u0159eb\u00edk, Ph.D.<\/em><\/p>\n<p>Economically active population of the Czech Republic is usually in periods of economic growth complemented by flexible workers from foreign countries. The state policy and legislative measures may eliminate the number of economically active foreigners in order to protect employment of citizens of the Czech Republic in periods where there is still recessionary economic cycle. Unemployment brings not only economic consequences but also social consequences. The risk of increasing criminal activity increases when there are unemployed citizens of the Czech Republic and especially foreigners who are not financially secure at the time of unemployment.<br \/>\n<strong>Keywords:<\/strong>\u00a0Security risks, socio-economic risks, strangers, unemployment, labour market, Czech Republic.<\/p>\n<hr \/>\n<p><a href=\"https:\/\/veda.polac.cz\/?page_id=2055&amp;lang=en\">Back<\/a><\/p>\n","protected":false},"excerpt":{"rendered":"<p>Resume Security Risks Associated with the Growth of Unemployment of Economically Active Population Ing. Erika Urb\u00e1nkov\u00e1, doc. Ing. Josef Br\u010d\u00e1k, CSc., Mgr. Franti\u0161ek H\u0159eb\u00edk, Ph.D. Economically active population of the Czech Republic is usually in periods of economic growth complemented by flexible workers from foreign countries. The state policy and legislative measures may eliminate the [&hellip;]<\/p>\n","protected":false},"author":2,"featured_media":0,"parent":2055,"menu_order":0,"comment_status":"closed","ping_status":"closed","template":"","meta":{"footnotes":""},"class_list":["post-4713","page","type-page","status-publish","hentry"],"_links":{"self":[{"href":"https:\/\/veda.polac.cz\/index.php?rest_route=\/wp\/v2\/pages\/4713","targetHints":{"allow":["GET"]}}],"collection":[{"href":"https:\/\/veda.polac.cz\/index.php?rest_route=\/wp\/v2\/pages"}],"about":[{"href":"https:\/\/veda.polac.cz\/index.php?rest_route=\/wp\/v2\/types\/page"}],"author":[{"embeddable":true,"href":"https:\/\/veda.polac.cz\/index.php?rest_route=\/wp\/v2\/users\/2"}],"replies":[{"embeddable":true,"href":"https:\/\/veda.polac.cz\/index.php?rest_route=%2Fwp%2Fv2%2Fcomments&post=4713"}],"version-history":[{"count":2,"href":"https:\/\/veda.polac.cz\/index.php?rest_route=\/wp\/v2\/pages\/4713\/revisions"}],"predecessor-version":[{"id":4745,"href":"https:\/\/veda.polac.cz\/index.php?rest_route=\/wp\/v2\/pages\/4713\/revisions\/4745"}],"up":[{"embeddable":true,"href":"https:\/\/veda.polac.cz\/index.php?rest_route=\/wp\/v2\/pages\/2055"}],"wp:attachment":[{"href":"https:\/\/veda.polac.cz\/index.php?rest_route=%2Fwp%2Fv2%2Fmedia&parent=4713"}],"curies":[{"name":"wp","href":"https:\/\/api.w.org\/{rel}","templated":true}]}}