{"id":467,"date":"2018-09-13T16:42:00","date_gmt":"2018-09-13T16:42:00","guid":{"rendered":"http:\/\/veda.polac.cz\/?page_id=467"},"modified":"2018-11-02T20:39:24","modified_gmt":"2018-11-02T20:39:24","slug":"467-2","status":"publish","type":"page","link":"https:\/\/veda.polac.cz\/?page_id=467","title":{"rendered":""},"content":{"rendered":"<p style=\"text-align: center;\">Resum\u00e9 \u010dl\u00e1nku<\/p>\n<p><strong>Radikalizace spole\u010dnosti jako zdroj rizikov\u00fdch a patologick\u00fdch forem dobrovoln\u00e9 ob\u010dansk\u00e9 participace v bezpe\u010dnostn\u00edm sektoru<\/strong><br \/>\n<em>PhDr. Libor Stejskal, Ph.D., St\u0159edisko bezpe\u010dnostn\u00ed politiky Institutu politologick\u00fdch studi\u00ed Fakulty soci\u00e1ln\u00edch v\u011bd Univerzity Karlovy v Praze<\/em><\/p>\n<p>\u010cl\u00e1nek se v\u011bnuje interakci mezi n\u011bkter\u00fdmi formami dobrovoln\u00fdch ob\u010dansk\u00fdch rol\u00ed a \u010dinnost\u00ed p\u0159i zaji\u0161\u0165ov\u00e1n\u00ed bezpe\u010dnosti, kter\u00e9 se uplat\u0148uj\u00ed v \u010cesk\u00e9 republice, a prob\u00edhaj\u00edc\u00ed radikalizac\u00ed v \u010desk\u00e9 spole\u010dnosti. Formuluje v\u00fdzkumn\u00e9 pole, kter\u00e9 p\u0159i dal\u0161\u00ed podpo\u0159e vyu\u017eit\u00ed dobrovolnictv\u00ed v bezpe\u010dnostn\u00edm syst\u00e9mu ze strany st\u00e1tu z\u00edsk\u00e1 na v\u00fdznamu, nebo\u0165 tato sf\u00e9ra bude v\u017edy p\u0159itahovat mimo jin\u00e9 i skupinu osob s tendenc\u00ed k radik\u00e1ln\u00edm postoj\u016fm, extremismu a n\u00e1sil\u00ed.<br \/>\n<strong>Kl\u00ed\u010dov\u00e1 slova:<\/strong>\u00a0Bezpe\u010dnost; radikalizace; dobrovolnictv\u00ed; ob\u010dan\u00e9; bezpe\u010dnostn\u00ed sbory.<\/p>\n<p><a href=\"https:\/\/veda.polac.cz\/?page_id=464\">04\/2016<\/a><\/p>\n","protected":false},"excerpt":{"rendered":"<p>Resum\u00e9 \u010dl\u00e1nku Radikalizace spole\u010dnosti jako zdroj rizikov\u00fdch a patologick\u00fdch forem dobrovoln\u00e9 ob\u010dansk\u00e9 participace v bezpe\u010dnostn\u00edm sektoru PhDr. Libor Stejskal, Ph.D., St\u0159edisko bezpe\u010dnostn\u00ed politiky Institutu politologick\u00fdch studi\u00ed Fakulty soci\u00e1ln\u00edch v\u011bd Univerzity Karlovy v Praze \u010cl\u00e1nek se v\u011bnuje interakci mezi n\u011bkter\u00fdmi formami dobrovoln\u00fdch ob\u010dansk\u00fdch rol\u00ed a \u010dinnost\u00ed p\u0159i zaji\u0161\u0165ov\u00e1n\u00ed bezpe\u010dnosti, kter\u00e9 se uplat\u0148uj\u00ed v \u010cesk\u00e9 republice, a [&hellip;]<\/p>\n","protected":false},"author":2,"featured_media":0,"parent":464,"menu_order":1,"comment_status":"closed","ping_status":"closed","template":"","meta":{"footnotes":""},"class_list":["post-467","page","type-page","status-publish","hentry"],"_links":{"self":[{"href":"https:\/\/veda.polac.cz\/index.php?rest_route=\/wp\/v2\/pages\/467","targetHints":{"allow":["GET"]}}],"collection":[{"href":"https:\/\/veda.polac.cz\/index.php?rest_route=\/wp\/v2\/pages"}],"about":[{"href":"https:\/\/veda.polac.cz\/index.php?rest_route=\/wp\/v2\/types\/page"}],"author":[{"embeddable":true,"href":"https:\/\/veda.polac.cz\/index.php?rest_route=\/wp\/v2\/users\/2"}],"replies":[{"embeddable":true,"href":"https:\/\/veda.polac.cz\/index.php?rest_route=%2Fwp%2Fv2%2Fcomments&post=467"}],"version-history":[{"count":4,"href":"https:\/\/veda.polac.cz\/index.php?rest_route=\/wp\/v2\/pages\/467\/revisions"}],"predecessor-version":[{"id":502,"href":"https:\/\/veda.polac.cz\/index.php?rest_route=\/wp\/v2\/pages\/467\/revisions\/502"}],"up":[{"embeddable":true,"href":"https:\/\/veda.polac.cz\/index.php?rest_route=\/wp\/v2\/pages\/464"}],"wp:attachment":[{"href":"https:\/\/veda.polac.cz\/index.php?rest_route=%2Fwp%2Fv2%2Fmedia&parent=467"}],"curies":[{"name":"wp","href":"https:\/\/api.w.org\/{rel}","templated":true}]}}