{"id":464,"date":"2018-09-13T16:41:49","date_gmt":"2018-09-13T16:41:49","guid":{"rendered":"http:\/\/veda.polac.cz\/?page_id=464"},"modified":"2020-02-04T14:28:43","modified_gmt":"2020-02-04T14:28:43","slug":"04-2016","status":"publish","type":"page","link":"https:\/\/veda.polac.cz\/?page_id=464","title":{"rendered":"04\/2016"},"content":{"rendered":"<p><a href=\"https:\/\/veda.polac.cz\/?page_id=467\"><strong>Radikalizace spole\u010dnosti jako zdroj rizikov\u00fdch a patologick\u00fdch forem dobrovoln\u00e9 ob\u010dansk\u00e9 participace v bezpe\u010dnostn\u00edm sektoru<\/strong><\/a><br \/>\nPhDr. Libor Stejskal, Ph.D., St\u0159edisko bezpe\u010dnostn\u00ed politiky Institutu politologick\u00fdch studi\u00ed Fakulty soci\u00e1ln\u00edch v\u011bd Univerzity Karlovy v Praze<\/p>\n<hr \/>\n<p><a href=\"https:\/\/veda.polac.cz\/?page_id=474\"><strong>Radikalizace &#8211; co vede lidi k extr\u00e9mn\u00edmu chov\u00e1n\u00ed?<\/strong><\/a><br \/>\ndoc. PhDr. Ludmila \u010c\u00edrtkov\u00e1, CSc.<br \/>\nFakulta bezpe\u010dnostn\u00edho managementu PA \u010cR v Praze<br \/>\nKatedra spole\u010densk\u00fdch v\u011bd<\/p>\n<hr \/>\n<p><a href=\"https:\/\/veda.polac.cz\/?page_id=478\"><strong>Mor\u00e1ln\u00ed relativismus &#8211; riziko nebo v\u00fdzva?<\/strong><\/a><br \/>\nPhDr. Petr Nesvadba, CSc.<br \/>\nFakulta bezpe\u010dnostn\u00edho managementu PA \u010cR v Praze<br \/>\nKatedra spole\u010densk\u00fdch v\u011bd<\/p>\n<hr \/>\n<p><a href=\"https:\/\/veda.polac.cz\/?page_id=481\"><strong>Vyhrocen\u00e9 n\u00e1sil\u00ed ve \u0161koln\u00edm prost\u0159ed\u00ed v N\u011bmecku jako pou\u010den\u00ed pro \u010ceskou republiku (\u010d\u00e1st 1)<\/strong><\/a><br \/>\nMgr. Old\u0159ich Krul\u00edk, Ph.D.<br \/>\nFakulta bezpe\u010dnostn\u00edho managementu PA \u010cR v Praze<br \/>\nkatedra krizov\u00e9ho \u0159\u00edzen\u00ed<\/p>\n<hr \/>\n<p><a href=\"https:\/\/veda.polac.cz\/?page_id=483\"><strong>Kompar\u00e1cia syst\u00e9mov pr\u00e1vnej \u00fapravy trestn\u00e9ho <\/strong><strong>\u010dinu <\/strong><strong>sexu\u00e1lneho n\u00e1silia vo vybran\u00fdch eur\u00f3pskych \u0161t\u00e1toch<\/strong><\/a><br \/>\npplk. JUDr. Monika Hullov\u00e1, PhD.<br \/>\nKatedra krimin\u00e1lnej pol\u00edcie Akad\u00e9mie PZ v Bratislave<\/p>\n<hr \/>\n<p><a href=\"https:\/\/veda.polac.cz\/?page_id=485\"><strong>Kandid\u00e1ti na prezidenta Spojen\u00fdch st\u00e1t\u016f americk\u00fdch a jejich budouc\u00ed zahrani\u010dn\u00ed politika<\/strong><\/a><br \/>\nMgr. Ji\u0159\u00ed V\u00ed\u0161ek<br \/>\nFakulta bezpe\u010dnostn\u00edho managementu PA \u010cR v Praze<br \/>\nKatedra ve\u0159ejnopr\u00e1vn\u00edch discipl\u00edn<br \/>\nMarek Cimpl, M. A., absolvent Metropolitan university of London, UK<\/p>\n<hr \/>\n<p><a href=\"https:\/\/veda.polac.cz\/?page_id=488\"><strong>Verifikace \u00fasp\u011b\u0161nosti celo\u017eivotn\u00edho vzd\u011bl\u00e1v\u00e1n\u00ed na Policejn\u00ed akademii \u010cR v Praze v akademick\u00e9m roce 2012\/2013 a\u017e 2015\/2016<\/strong><\/a><br \/>\nDr. Zden\u011bk Kova\u0159\u00edk, CSc., odd\u011blen\u00ed v\u011bdy a v\u00fdzkumu PA \u010cR v Praze<br \/>\nMgr. Jarmila Chvostkov\u00e1, odd\u011blen\u00ed celo\u017eivotn\u00edho vzd\u011bl\u00e1v\u00e1n\u00ed PA \u010cR v Praze<\/p>\n<hr \/>\n<p><strong>Alternativa pro N\u011bmecko: hrozba, nebo v\u00fdzva pro n\u011bmeckou demokracii?<\/strong><br \/>\nDr. Mgr. Luk\u00e1\u0161 Novotn\u00fd, M.A., Univerzita Jana Evangelisty Purkyn\u011b v \u00dast\u00ed nad Labem<br \/>\nKatedra politologie a filozofie Filozofick\u00e9 fakulty<\/p>\n<hr \/>\n<p><strong>Budov\u00e1n\u00ed a implementace \u010desk\u00e9ho n\u00e1rodn\u00edho Cyber Threat Intelligence System<\/strong><br \/>\nPavel Ba\u0161ta, CZ.NIC, z. s. p. o.; Mile\u0161ovsk\u00e1 5; 130 00 Praha 3<\/p>\n<hr \/>\n<p><strong>Vyu\u017eit\u00ed metody ohniskov\u00fdch skupin k zji\u0161t\u011bn\u00ed perspektiv v\u00fdvoje Evropsk\u00e9 unie<\/strong><br \/>\nBc. Jan \u0160toura\u010d, Bc. Adam Poto\u010d\u0148\u00e1k, Bc. Jakub \u0160iman, Bc. Martin Sl\u00e1vik,<br \/>\nBc. Pavel Vinkler, Bc. Pavla Pitrunov\u00e1, Bc. Vojt\u011bch Rusz, Bc. Zde\u0148ka Pa\u0159\u00edzkov\u00e1, PhDr. Josef Smol\u00edk, Ph.D, MBA, Fakulta soci\u00e1ln\u00edch studi\u00ed Masarykovy univerzity<br \/>\nOdd\u011blen\u00ed bezpe\u010dnostn\u00edch a strategick\u00fdch studi\u00ed katedry politologie<\/p>\n","protected":false},"excerpt":{"rendered":"<p>Radikalizace spole\u010dnosti jako zdroj rizikov\u00fdch a patologick\u00fdch forem dobrovoln\u00e9 ob\u010dansk\u00e9 participace v bezpe\u010dnostn\u00edm sektoru PhDr. Libor Stejskal, Ph.D., St\u0159edisko bezpe\u010dnostn\u00ed politiky Institutu politologick\u00fdch studi\u00ed Fakulty soci\u00e1ln\u00edch v\u011bd Univerzity Karlovy v Praze Radikalizace &#8211; co vede lidi k extr\u00e9mn\u00edmu chov\u00e1n\u00ed? doc. PhDr. Ludmila \u010c\u00edrtkov\u00e1, CSc. Fakulta bezpe\u010dnostn\u00edho managementu PA \u010cR v Praze Katedra spole\u010densk\u00fdch v\u011bd Mor\u00e1ln\u00ed [&hellip;]<\/p>\n","protected":false},"author":6,"featured_media":0,"parent":235,"menu_order":1,"comment_status":"closed","ping_status":"closed","template":"","meta":{"footnotes":""},"class_list":["post-464","page","type-page","status-publish","hentry"],"_links":{"self":[{"href":"https:\/\/veda.polac.cz\/index.php?rest_route=\/wp\/v2\/pages\/464","targetHints":{"allow":["GET"]}}],"collection":[{"href":"https:\/\/veda.polac.cz\/index.php?rest_route=\/wp\/v2\/pages"}],"about":[{"href":"https:\/\/veda.polac.cz\/index.php?rest_route=\/wp\/v2\/types\/page"}],"author":[{"embeddable":true,"href":"https:\/\/veda.polac.cz\/index.php?rest_route=\/wp\/v2\/users\/6"}],"replies":[{"embeddable":true,"href":"https:\/\/veda.polac.cz\/index.php?rest_route=%2Fwp%2Fv2%2Fcomments&post=464"}],"version-history":[{"count":13,"href":"https:\/\/veda.polac.cz\/index.php?rest_route=\/wp\/v2\/pages\/464\/revisions"}],"predecessor-version":[{"id":5953,"href":"https:\/\/veda.polac.cz\/index.php?rest_route=\/wp\/v2\/pages\/464\/revisions\/5953"}],"up":[{"embeddable":true,"href":"https:\/\/veda.polac.cz\/index.php?rest_route=\/wp\/v2\/pages\/235"}],"wp:attachment":[{"href":"https:\/\/veda.polac.cz\/index.php?rest_route=%2Fwp%2Fv2%2Fmedia&parent=464"}],"curies":[{"name":"wp","href":"https:\/\/api.w.org\/{rel}","templated":true}]}}