{"id":4634,"date":"2019-04-24T06:36:51","date_gmt":"2019-04-24T06:36:51","guid":{"rendered":"http:\/\/veda.polac.cz\/?page_id=4634"},"modified":"2019-04-24T06:41:12","modified_gmt":"2019-04-24T06:41:12","slug":"13-2","status":"publish","type":"page","link":"https:\/\/veda.polac.cz\/?page_id=4634&lang=en","title":{"rendered":""},"content":{"rendered":"<p style=\"text-align: center;\">Resume<\/p>\n<p style=\"font-weight: 400;\"><strong>E- learning and Its Integration into the Educational Process<br \/>\n<\/strong><em>Luk\u00e1\u010dov\u00e1, Alena, \u0160ug\u00e1r, J\u00e1n: <\/em><em><br \/>\n<\/em><\/p>\n<p style=\"font-weight: 400;\">The article deals with the present educational phenomenon &#8211; e-learning and its integration into the educational process. Authors\u2019 great attention is paid to the<br \/>\ne-learning definition, e-learning advantages and disadvantages, e-course characte-ristics, tutor\u2019s qualification and also to the teacher\u2019s and student\u2019s roles in e-learning courses.<br \/>\n<strong>Keywords:<\/strong> e-learning, education, tutor, e-course, teacher\u2019s role, student\u2019s role.<\/p>\n<hr \/>\n<p style=\"font-weight: 400;\"><a href=\"https:\/\/veda.polac.cz\/?page_id=2242&amp;lang=en\">Back<\/a><\/p>\n","protected":false},"excerpt":{"rendered":"<p>Resume E- learning and Its Integration into the Educational Process Luk\u00e1\u010dov\u00e1, Alena, \u0160ug\u00e1r, J\u00e1n: The article deals with the present educational phenomenon &#8211; e-learning and its integration into the educational process. Authors\u2019 great attention is paid to the e-learning definition, e-learning advantages and disadvantages, e-course characte-ristics, tutor\u2019s qualification and also to the teacher\u2019s and student\u2019s [&hellip;]<\/p>\n","protected":false},"author":2,"featured_media":0,"parent":2242,"menu_order":0,"comment_status":"closed","ping_status":"closed","template":"","meta":{"footnotes":""},"class_list":["post-4634","page","type-page","status-publish","hentry"],"_links":{"self":[{"href":"https:\/\/veda.polac.cz\/index.php?rest_route=\/wp\/v2\/pages\/4634","targetHints":{"allow":["GET"]}}],"collection":[{"href":"https:\/\/veda.polac.cz\/index.php?rest_route=\/wp\/v2\/pages"}],"about":[{"href":"https:\/\/veda.polac.cz\/index.php?rest_route=\/wp\/v2\/types\/page"}],"author":[{"embeddable":true,"href":"https:\/\/veda.polac.cz\/index.php?rest_route=\/wp\/v2\/users\/2"}],"replies":[{"embeddable":true,"href":"https:\/\/veda.polac.cz\/index.php?rest_route=%2Fwp%2Fv2%2Fcomments&post=4634"}],"version-history":[{"count":2,"href":"https:\/\/veda.polac.cz\/index.php?rest_route=\/wp\/v2\/pages\/4634\/revisions"}],"predecessor-version":[{"id":4643,"href":"https:\/\/veda.polac.cz\/index.php?rest_route=\/wp\/v2\/pages\/4634\/revisions\/4643"}],"up":[{"embeddable":true,"href":"https:\/\/veda.polac.cz\/index.php?rest_route=\/wp\/v2\/pages\/2242"}],"wp:attachment":[{"href":"https:\/\/veda.polac.cz\/index.php?rest_route=%2Fwp%2Fv2%2Fmedia&parent=4634"}],"curies":[{"name":"wp","href":"https:\/\/api.w.org\/{rel}","templated":true}]}}