{"id":4547,"date":"2019-04-24T06:07:25","date_gmt":"2019-04-24T06:07:25","guid":{"rendered":"http:\/\/veda.polac.cz\/?page_id=4547"},"modified":"2019-04-24T06:22:50","modified_gmt":"2019-04-24T06:22:50","slug":"2-2","status":"publish","type":"page","link":"https:\/\/veda.polac.cz\/?page_id=4547&lang=en","title":{"rendered":""},"content":{"rendered":"<p style=\"text-align: center;\">Resume<\/p>\n<p style=\"font-weight: 400;\"><strong>THREAT VIOLENCE AND THREAT ASSESSMENT<br \/>\n<\/strong><em>\u010c\u00cdRTKOV\u00c1 Ludmila<\/em><\/p>\n<p style=\"font-weight: 400;\">The article presents information\u2019s about a relative new field of research, which is called threat assessment. The researchers deal with threats connected with or caused by human behaviour, either by known or unknown person. Prediction and prevention of violent acts is based on psychological analysis of particular behaviour. The article presents some examples of assessing instruments for targeted violence.<br \/>\n<strong>Keywords:<\/strong>\u00a0threat assessment, myths about violence, targeted violence, prediction and prevention of violence.<\/p>\n<hr \/>\n<p><a href=\"https:\/\/veda.polac.cz\/?page_id=2240&amp;lang=en\">Back<\/a><\/p>\n","protected":false},"excerpt":{"rendered":"<p>Resume THREAT VIOLENCE AND THREAT ASSESSMENT \u010c\u00cdRTKOV\u00c1 Ludmila The article presents information\u2019s about a relative new field of research, which is called threat assessment. The researchers deal with threats connected with or caused by human behaviour, either by known or unknown person. Prediction and prevention of violent acts is based on psychological analysis of particular [&hellip;]<\/p>\n","protected":false},"author":2,"featured_media":0,"parent":0,"menu_order":0,"comment_status":"closed","ping_status":"closed","template":"","meta":{"footnotes":""},"class_list":["post-4547","page","type-page","status-publish","hentry"],"_links":{"self":[{"href":"https:\/\/veda.polac.cz\/index.php?rest_route=\/wp\/v2\/pages\/4547","targetHints":{"allow":["GET"]}}],"collection":[{"href":"https:\/\/veda.polac.cz\/index.php?rest_route=\/wp\/v2\/pages"}],"about":[{"href":"https:\/\/veda.polac.cz\/index.php?rest_route=\/wp\/v2\/types\/page"}],"author":[{"embeddable":true,"href":"https:\/\/veda.polac.cz\/index.php?rest_route=\/wp\/v2\/users\/2"}],"replies":[{"embeddable":true,"href":"https:\/\/veda.polac.cz\/index.php?rest_route=%2Fwp%2Fv2%2Fcomments&post=4547"}],"version-history":[{"count":2,"href":"https:\/\/veda.polac.cz\/index.php?rest_route=\/wp\/v2\/pages\/4547\/revisions"}],"predecessor-version":[{"id":4591,"href":"https:\/\/veda.polac.cz\/index.php?rest_route=\/wp\/v2\/pages\/4547\/revisions\/4591"}],"wp:attachment":[{"href":"https:\/\/veda.polac.cz\/index.php?rest_route=%2Fwp%2Fv2%2Fmedia&parent=4547"}],"curies":[{"name":"wp","href":"https:\/\/api.w.org\/{rel}","templated":true}]}}