{"id":4541,"date":"2019-04-24T05:59:50","date_gmt":"2019-04-24T05:59:50","guid":{"rendered":"http:\/\/veda.polac.cz\/?page_id=4541"},"modified":"2019-04-24T06:06:57","modified_gmt":"2019-04-24T06:06:57","slug":"15-2","status":"publish","type":"page","link":"https:\/\/veda.polac.cz\/?page_id=4541&lang=en","title":{"rendered":""},"content":{"rendered":"<p style=\"text-align: center;\">Resume<\/p>\n<p style=\"font-weight: 400;\"><strong>DATING POSSIBILITIES IN CRIMINA-LISTICS BY MEANS OF ANALYTICAL METHODS<br \/>\n<\/strong><em>STRACHO\u0147OV\u00c1, Jana, F\u00dcRBACH, Martin:\u00a0\u00a0<\/em><\/p>\n<p style=\"font-weight: 400;\">The article is aimed at summarizing selected methods used in criminalistics and other forensic disciplines for dating purposes. The problems of the time determination is very important from the point of criminalistics view, but they are not discussed so often either in our professional or foreign literature.<br \/>\n<strong>Keywords:<\/strong>\u00a0criminalistics, dating.<\/p>\n<hr \/>\n<p><a href=\"https:\/\/veda.polac.cz\/?page_id=2238&amp;lang=en\">Back<\/a><\/p>\n","protected":false},"excerpt":{"rendered":"<p>Resume DATING POSSIBILITIES IN CRIMINA-LISTICS BY MEANS OF ANALYTICAL METHODS STRACHO\u0147OV\u00c1, Jana, F\u00dcRBACH, Martin:\u00a0\u00a0 The article is aimed at summarizing selected methods used in criminalistics and other forensic disciplines for dating purposes. The problems of the time determination is very important from the point of criminalistics view, but they are not discussed so often either [&hellip;]<\/p>\n","protected":false},"author":2,"featured_media":0,"parent":2238,"menu_order":0,"comment_status":"closed","ping_status":"closed","template":"","meta":{"footnotes":""},"class_list":["post-4541","page","type-page","status-publish","hentry"],"_links":{"self":[{"href":"https:\/\/veda.polac.cz\/index.php?rest_route=\/wp\/v2\/pages\/4541","targetHints":{"allow":["GET"]}}],"collection":[{"href":"https:\/\/veda.polac.cz\/index.php?rest_route=\/wp\/v2\/pages"}],"about":[{"href":"https:\/\/veda.polac.cz\/index.php?rest_route=\/wp\/v2\/types\/page"}],"author":[{"embeddable":true,"href":"https:\/\/veda.polac.cz\/index.php?rest_route=\/wp\/v2\/users\/2"}],"replies":[{"embeddable":true,"href":"https:\/\/veda.polac.cz\/index.php?rest_route=%2Fwp%2Fv2%2Fcomments&post=4541"}],"version-history":[{"count":2,"href":"https:\/\/veda.polac.cz\/index.php?rest_route=\/wp\/v2\/pages\/4541\/revisions"}],"predecessor-version":[{"id":4552,"href":"https:\/\/veda.polac.cz\/index.php?rest_route=\/wp\/v2\/pages\/4541\/revisions\/4552"}],"up":[{"embeddable":true,"href":"https:\/\/veda.polac.cz\/index.php?rest_route=\/wp\/v2\/pages\/2238"}],"wp:attachment":[{"href":"https:\/\/veda.polac.cz\/index.php?rest_route=%2Fwp%2Fv2%2Fmedia&parent=4541"}],"curies":[{"name":"wp","href":"https:\/\/api.w.org\/{rel}","templated":true}]}}