{"id":4521,"date":"2019-04-24T05:49:32","date_gmt":"2019-04-24T05:49:32","guid":{"rendered":"http:\/\/veda.polac.cz\/?page_id=4521"},"modified":"2019-04-24T06:07:03","modified_gmt":"2019-04-24T06:07:03","slug":"5-2","status":"publish","type":"page","link":"https:\/\/veda.polac.cz\/?page_id=4521&lang=en","title":{"rendered":""},"content":{"rendered":"<p style=\"text-align: center;\">Resume<\/p>\n<p style=\"font-weight: 400;\"><strong>\u00a0STALKING THE ACTUAL PROBLEM OF CRIMINALISTICS<br \/>\n<\/strong><em>\u010c\u00cdRTKOV\u00c1, Ludmila\u00a0<\/em><strong><em><br \/>\n<\/em><\/strong><\/p>\n<p style=\"font-weight: 400;\">The article deals with the problems of stalking in the time, where the legislative makes a proposal to involve stalking in the\u00a0Czech\u00a0Republic\u00a0penal code. The author of the article defines the specific features of this criminal behavior and points out some open questions, which are related to threat assessment and the protection of victim. Threat assessment in stalking cases can represent a new problem for forensic sciences and investigation.<br \/>\n<strong>Keywords:<\/strong>\u00a0stalking, victimization, defensive and offensive strategies, standards of management the stalking cases.<\/p>\n<hr \/>\n<p><a href=\"https:\/\/veda.polac.cz\/?page_id=2238&amp;lang=en\">Back<\/a><\/p>\n","protected":false},"excerpt":{"rendered":"<p>Resume \u00a0STALKING THE ACTUAL PROBLEM OF CRIMINALISTICS \u010c\u00cdRTKOV\u00c1, Ludmila\u00a0 The article deals with the problems of stalking in the time, where the legislative makes a proposal to involve stalking in the\u00a0Czech\u00a0Republic\u00a0penal code. The author of the article defines the specific features of this criminal behavior and points out some open questions, which are related to [&hellip;]<\/p>\n","protected":false},"author":2,"featured_media":0,"parent":2238,"menu_order":0,"comment_status":"closed","ping_status":"closed","template":"","meta":{"footnotes":""},"class_list":["post-4521","page","type-page","status-publish","hentry"],"_links":{"self":[{"href":"https:\/\/veda.polac.cz\/index.php?rest_route=\/wp\/v2\/pages\/4521","targetHints":{"allow":["GET"]}}],"collection":[{"href":"https:\/\/veda.polac.cz\/index.php?rest_route=\/wp\/v2\/pages"}],"about":[{"href":"https:\/\/veda.polac.cz\/index.php?rest_route=\/wp\/v2\/types\/page"}],"author":[{"embeddable":true,"href":"https:\/\/veda.polac.cz\/index.php?rest_route=\/wp\/v2\/users\/2"}],"replies":[{"embeddable":true,"href":"https:\/\/veda.polac.cz\/index.php?rest_route=%2Fwp%2Fv2%2Fcomments&post=4521"}],"version-history":[{"count":2,"href":"https:\/\/veda.polac.cz\/index.php?rest_route=\/wp\/v2\/pages\/4521\/revisions"}],"predecessor-version":[{"id":4556,"href":"https:\/\/veda.polac.cz\/index.php?rest_route=\/wp\/v2\/pages\/4521\/revisions\/4556"}],"up":[{"embeddable":true,"href":"https:\/\/veda.polac.cz\/index.php?rest_route=\/wp\/v2\/pages\/2238"}],"wp:attachment":[{"href":"https:\/\/veda.polac.cz\/index.php?rest_route=%2Fwp%2Fv2%2Fmedia&parent=4521"}],"curies":[{"name":"wp","href":"https:\/\/api.w.org\/{rel}","templated":true}]}}